{"id":684,"date":"2022-07-11T14:55:20","date_gmt":"2022-07-11T14:55:20","guid":{"rendered":"http:\/\/irfuucl.cluster030.hosting.ovh.net\/?page_id=684"},"modified":"2023-01-06T14:19:27","modified_gmt":"2023-01-06T14:19:27","slug":"forfaits","status":"publish","type":"page","link":"https:\/\/esplanade-hotel.lu\/nl\/forfaits\/","title":{"rendered":"Pakketjes"},"content":{"rendered":"<div data-elementor-type=\"wp-page\" data-elementor-id=\"684\" class=\"elementor elementor-684\">\n\t\t\t\t\t\t<section class=\"elementor-section elementor-top-section elementor-element elementor-element-69b77fb elementor-section-boxed elementor-section-height-default elementor-section-height-default wpr-particle-no wpr-jarallax-no wpr-parallax-no wpr-sticky-section-no\" data-id=\"69b77fb\" data-element_type=\"section\">\n\t\t\t\t\t\t<div class=\"elementor-container elementor-column-gap-default\">\n\t\t\t\t\t<div class=\"elementor-column elementor-col-100 elementor-top-column elementor-element elementor-element-480763e\" data-id=\"480763e\" data-element_type=\"column\">\n\t\t\t<div class=\"elementor-widget-wrap elementor-element-populated\">\n\t\t\t\t\t\t<div class=\"elementor-element elementor-element-59bb483 elementor-widget elementor-widget-heading\" data-id=\"59bb483\" data-element_type=\"widget\" data-widget_type=\"heading.default\">\n\t\t\t\t<div class=\"elementor-widget-container\">\n\t\t\t\t\t<h1 class=\"elementor-heading-title elementor-size-default\">Pakketjes<\/h1>\t\t\t\t<\/div>\n\t\t\t\t<\/div>\n\t\t\t\t\t<\/div>\n\t\t<\/div>\n\t\t\t\t\t<\/div>\n\t\t<\/section>\n\t\t\t\t<section class=\"elementor-section elementor-top-section elementor-element elementor-element-207f318 elementor-section-boxed elementor-section-height-default elementor-section-height-default wpr-particle-no wpr-jarallax-no wpr-parallax-no wpr-sticky-section-no\" data-id=\"207f318\" data-element_type=\"section\">\n\t\t\t\t\t\t<div class=\"elementor-container elementor-column-gap-custom\">\n\t\t\t\t\t<div class=\"elementor-column elementor-col-100 elementor-top-column elementor-element elementor-element-a4ed2fb\" data-id=\"a4ed2fb\" data-element_type=\"column\">\n\t\t\t<div class=\"elementor-widget-wrap elementor-element-populated\">\n\t\t\t\t\t\t<section class=\"elementor-section elementor-inner-section elementor-element elementor-element-f8d1c8f elementor-section-boxed elementor-section-height-default elementor-section-height-default wpr-particle-no wpr-jarallax-no wpr-parallax-no wpr-sticky-section-no\" data-id=\"f8d1c8f\" data-element_type=\"section\">\n\t\t\t\t\t\t<div class=\"elementor-container elementor-column-gap-default\">\n\t\t\t\t\t<div class=\"elementor-column elementor-col-50 elementor-inner-column elementor-element elementor-element-a1515d9\" data-id=\"a1515d9\" data-element_type=\"column\">\n\t\t\t<div class=\"elementor-widget-wrap elementor-element-populated\">\n\t\t\t\t\t\t<div class=\"elementor-element elementor-element-9f567e3 elementor-widget elementor-widget-image\" data-id=\"9f567e3\" data-element_type=\"widget\" data-widget_type=\"image.default\">\n\t\t\t\t<div class=\"elementor-widget-container\">\n\t\t\t\t\t\t\t\t\t\t\t\t\t\t\t<img fetchpriority=\"high\" decoding=\"async\" width=\"2210\" height=\"1471\" src=\"https:\/\/esplanade-hotel.lu\/wp-content\/uploads\/2022\/11\/pexels-cottonbro-5379189.jpg\" class=\"attachment-full size-full wp-image-1330\" alt=\"\" srcset=\"https:\/\/esplanade-hotel.lu\/wp-content\/uploads\/2022\/11\/pexels-cottonbro-5379189.jpg 2210w, https:\/\/esplanade-hotel.lu\/wp-content\/uploads\/2022\/11\/pexels-cottonbro-5379189-300x200.jpg 300w, https:\/\/esplanade-hotel.lu\/wp-content\/uploads\/2022\/11\/pexels-cottonbro-5379189-1024x682.jpg 1024w, https:\/\/esplanade-hotel.lu\/wp-content\/uploads\/2022\/11\/pexels-cottonbro-5379189-768x511.jpg 768w, https:\/\/esplanade-hotel.lu\/wp-content\/uploads\/2022\/11\/pexels-cottonbro-5379189-1536x1022.jpg 1536w, https:\/\/esplanade-hotel.lu\/wp-content\/uploads\/2022\/11\/pexels-cottonbro-5379189-2048x1363.jpg 2048w, https:\/\/esplanade-hotel.lu\/wp-content\/uploads\/2022\/11\/pexels-cottonbro-5379189-18x12.jpg 18w\" sizes=\"(max-width: 2210px) 100vw, 2210px\" \/>\t\t\t\t\t\t\t\t\t\t\t\t\t\t\t<\/div>\n\t\t\t\t<\/div>\n\t\t\t\t\t<\/div>\n\t\t<\/div>\n\t\t\t\t<div class=\"elementor-column elementor-col-50 elementor-inner-column elementor-element elementor-element-c9e30b2\" data-id=\"c9e30b2\" data-element_type=\"column\">\n\t\t\t<div class=\"elementor-widget-wrap elementor-element-populated\">\n\t\t\t\t\t\t<div class=\"elementor-element elementor-element-f9775b7 elementor-widget elementor-widget-heading\" data-id=\"f9775b7\" data-element_type=\"widget\" data-widget_type=\"heading.default\">\n\t\t\t\t<div class=\"elementor-widget-container\">\n\t\t\t\t\t<h1 class=\"elementor-heading-title elementor-size-default\">Romantisch arrangement<\/h1>\t\t\t\t<\/div>\n\t\t\t\t<\/div>\n\t\t\t\t<div class=\"elementor-element elementor-element-4dc972f elementor-widget elementor-widget-text-editor\" data-id=\"4dc972f\" data-element_type=\"widget\" data-widget_type=\"text-editor.default\">\n\t\t\t\t<div class=\"elementor-widget-container\">\n\t\t\t\t\t\t\t\t\t<h1 class=\"hotel-amenity__title\"><span style=\"color: var( --e-global-color-text ); font-family: var( --e-global-typography-text-font-family ), Sans-serif; font-weight: var( --e-global-typography-text-font-weight ); font-size: 1rem;\">Dit arrangement omvat:<\/span><\/h1><ul><li>Overnachting<\/li><li>Ontbijt<\/li><li>een fles mousserende wijn, witte wijn of rode wijn op uw kamer<\/li><\/ul>\t\t\t\t\t\t\t\t<\/div>\n\t\t\t\t<\/div>\n\t\t\t\t<div class=\"elementor-element elementor-element-21af4b4 elementor-align-center elementor-widget elementor-widget-button\" data-id=\"21af4b4\" data-element_type=\"widget\" data-widget_type=\"button.default\">\n\t\t\t\t<div class=\"elementor-widget-container\">\n\t\t\t\t\t\t\t\t\t<div class=\"elementor-button-wrapper\">\n\t\t\t\t\t<a class=\"elementor-button elementor-button-link elementor-size-md\" href=\"https:\/\/reservations.cubilis.eu\/hotel-esplanade-diekirch?Language=nl-NL\" target=\"_blank\">\n\t\t\t\t\t\t<span class=\"elementor-button-content-wrapper\">\n\t\t\t\t\t\t\t\t\t<span class=\"elementor-button-text\">Boek Nu<\/span>\n\t\t\t\t\t<\/span>\n\t\t\t\t\t<\/a>\n\t\t\t\t<\/div>\n\t\t\t\t\t\t\t\t<\/div>\n\t\t\t\t<\/div>\n\t\t\t\t\t<\/div>\n\t\t<\/div>\n\t\t\t\t\t<\/div>\n\t\t<\/section>\n\t\t\t\t\t<\/div>\n\t\t<\/div>\n\t\t\t\t\t<\/div>\n\t\t<\/section>\n\t\t\t\t<section class=\"elementor-section elementor-top-section elementor-element elementor-element-945b0f4 elementor-section-boxed elementor-section-height-default elementor-section-height-default wpr-particle-no wpr-jarallax-no wpr-parallax-no wpr-sticky-section-no\" data-id=\"945b0f4\" data-element_type=\"section\">\n\t\t\t\t\t\t<div class=\"elementor-container elementor-column-gap-custom\">\n\t\t\t\t\t<div class=\"elementor-column elementor-col-100 elementor-top-column elementor-element elementor-element-1321e69\" data-id=\"1321e69\" data-element_type=\"column\">\n\t\t\t<div class=\"elementor-widget-wrap elementor-element-populated\">\n\t\t\t\t\t\t<section class=\"elementor-section elementor-inner-section elementor-element elementor-element-cb23469 elementor-section-boxed elementor-section-height-default elementor-section-height-default wpr-particle-no wpr-jarallax-no wpr-parallax-no wpr-sticky-section-no\" data-id=\"cb23469\" data-element_type=\"section\">\n\t\t\t\t\t\t<div class=\"elementor-container elementor-column-gap-default\">\n\t\t\t\t\t<div class=\"elementor-column elementor-col-50 elementor-inner-column elementor-element elementor-element-e2ac2c7\" data-id=\"e2ac2c7\" data-element_type=\"column\">\n\t\t\t<div class=\"elementor-widget-wrap elementor-element-populated\">\n\t\t\t\t\t\t<div class=\"elementor-element elementor-element-e5b4339 elementor-widget elementor-widget-image\" data-id=\"e5b4339\" data-element_type=\"widget\" data-widget_type=\"image.default\">\n\t\t\t\t<div class=\"elementor-widget-container\">\n\t\t\t\t\t\t\t\t\t\t\t\t\t\t\t<img decoding=\"async\" width=\"2500\" height=\"1666\" src=\"https:\/\/esplanade-hotel.lu\/wp-content\/uploads\/2023\/01\/Hiking.jpg\" class=\"attachment-full size-full wp-image-1380\" alt=\"\" srcset=\"https:\/\/esplanade-hotel.lu\/wp-content\/uploads\/2023\/01\/Hiking.jpg 2500w, https:\/\/esplanade-hotel.lu\/wp-content\/uploads\/2023\/01\/Hiking-300x200.jpg 300w, https:\/\/esplanade-hotel.lu\/wp-content\/uploads\/2023\/01\/Hiking-1024x682.jpg 1024w, https:\/\/esplanade-hotel.lu\/wp-content\/uploads\/2023\/01\/Hiking-768x512.jpg 768w, https:\/\/esplanade-hotel.lu\/wp-content\/uploads\/2023\/01\/Hiking-1536x1024.jpg 1536w, https:\/\/esplanade-hotel.lu\/wp-content\/uploads\/2023\/01\/Hiking-2048x1365.jpg 2048w, https:\/\/esplanade-hotel.lu\/wp-content\/uploads\/2023\/01\/Hiking-18x12.jpg 18w\" sizes=\"(max-width: 2500px) 100vw, 2500px\" \/>\t\t\t\t\t\t\t\t\t\t\t\t\t\t\t<\/div>\n\t\t\t\t<\/div>\n\t\t\t\t\t<\/div>\n\t\t<\/div>\n\t\t\t\t<div class=\"elementor-column elementor-col-50 elementor-inner-column elementor-element elementor-element-f96361f\" data-id=\"f96361f\" data-element_type=\"column\">\n\t\t\t<div class=\"elementor-widget-wrap elementor-element-populated\">\n\t\t\t\t\t\t<div class=\"elementor-element elementor-element-226e4c7 elementor-widget elementor-widget-heading\" data-id=\"226e4c7\" data-element_type=\"widget\" data-widget_type=\"heading.default\">\n\t\t\t\t<div class=\"elementor-widget-container\">\n\t\t\t\t\t<h1 class=\"elementor-heading-title elementor-size-default\">Wandel arrangement<\/h1>\t\t\t\t<\/div>\n\t\t\t\t<\/div>\n\t\t\t\t<div class=\"elementor-element elementor-element-18b1278 elementor-widget elementor-widget-text-editor\" data-id=\"18b1278\" data-element_type=\"widget\" data-widget_type=\"text-editor.default\">\n\t\t\t\t<div class=\"elementor-widget-container\">\n\t\t\t\t\t\t\t\t\t<h1 class=\"hotel-amenity__title\"><span style=\"color: var( --e-global-color-text ); font-family: var( --e-global-typography-text-font-family ), Sans-serif; font-weight: var( --e-global-typography-text-font-weight ); font-size: 1rem;\">Dit arrangement omvat:<\/span><\/h1>\n<ul>\n \t<li>Overnachting<\/li>\n \t<li>Ontbijt<\/li>\n \t<li>Picknick<\/li>\n<\/ul>\t\t\t\t\t\t\t\t<\/div>\n\t\t\t\t<\/div>\n\t\t\t\t<div class=\"elementor-element elementor-element-9aba414 elementor-align-center elementor-widget elementor-widget-button\" data-id=\"9aba414\" data-element_type=\"widget\" data-widget_type=\"button.default\">\n\t\t\t\t<div class=\"elementor-widget-container\">\n\t\t\t\t\t\t\t\t\t<div class=\"elementor-button-wrapper\">\n\t\t\t\t\t<a class=\"elementor-button elementor-button-link elementor-size-md\" href=\"https:\/\/reservations.cubilis.eu\/hotel-esplanade-diekirch?Language=nl-NL\" target=\"_blank\">\n\t\t\t\t\t\t<span class=\"elementor-button-content-wrapper\">\n\t\t\t\t\t\t\t\t\t<span class=\"elementor-button-text\">Boek Nu<\/span>\n\t\t\t\t\t<\/span>\n\t\t\t\t\t<\/a>\n\t\t\t\t<\/div>\n\t\t\t\t\t\t\t\t<\/div>\n\t\t\t\t<\/div>\n\t\t\t\t\t<\/div>\n\t\t<\/div>\n\t\t\t\t\t<\/div>\n\t\t<\/section>\n\t\t\t\t\t<\/div>\n\t\t<\/div>\n\t\t\t\t\t<\/div>\n\t\t<\/section>\n\t\t\t\t<section class=\"elementor-section elementor-top-section elementor-element elementor-element-d9f4593 elementor-section-boxed elementor-section-height-default elementor-section-height-default wpr-particle-no wpr-jarallax-no wpr-parallax-no wpr-sticky-section-no\" data-id=\"d9f4593\" data-element_type=\"section\">\n\t\t\t\t\t\t<div class=\"elementor-container elementor-column-gap-custom\">\n\t\t\t\t\t<div class=\"elementor-column elementor-col-100 elementor-top-column elementor-element elementor-element-ceb057b\" data-id=\"ceb057b\" data-element_type=\"column\">\n\t\t\t<div class=\"elementor-widget-wrap elementor-element-populated\">\n\t\t\t\t\t\t<section class=\"elementor-section elementor-inner-section elementor-element elementor-element-778bd99 elementor-section-boxed elementor-section-height-default elementor-section-height-default wpr-particle-no wpr-jarallax-no wpr-parallax-no wpr-sticky-section-no\" data-id=\"778bd99\" data-element_type=\"section\">\n\t\t\t\t\t\t<div class=\"elementor-container elementor-column-gap-default\">\n\t\t\t\t\t<div class=\"elementor-column elementor-col-50 elementor-inner-column elementor-element elementor-element-b3b6a61\" data-id=\"b3b6a61\" data-element_type=\"column\">\n\t\t\t<div class=\"elementor-widget-wrap elementor-element-populated\">\n\t\t\t\t\t\t<div class=\"elementor-element elementor-element-ac2350d elementor-widget elementor-widget-image\" data-id=\"ac2350d\" data-element_type=\"widget\" data-widget_type=\"image.default\">\n\t\t\t\t<div class=\"elementor-widget-container\">\n\t\t\t\t\t\t\t\t\t\t\t\t\t\t\t<img decoding=\"async\" width=\"1500\" height=\"1000\" src=\"https:\/\/esplanade-hotel.lu\/wp-content\/uploads\/2022\/11\/1-fondue.jpg\" class=\"attachment-full size-full wp-image-1331\" alt=\"\" srcset=\"https:\/\/esplanade-hotel.lu\/wp-content\/uploads\/2022\/11\/1-fondue.jpg 1500w, https:\/\/esplanade-hotel.lu\/wp-content\/uploads\/2022\/11\/1-fondue-300x200.jpg 300w, https:\/\/esplanade-hotel.lu\/wp-content\/uploads\/2022\/11\/1-fondue-1024x683.jpg 1024w, https:\/\/esplanade-hotel.lu\/wp-content\/uploads\/2022\/11\/1-fondue-768x512.jpg 768w, https:\/\/esplanade-hotel.lu\/wp-content\/uploads\/2022\/11\/1-fondue-18x12.jpg 18w\" sizes=\"(max-width: 1500px) 100vw, 1500px\" \/>\t\t\t\t\t\t\t\t\t\t\t\t\t\t\t<\/div>\n\t\t\t\t<\/div>\n\t\t\t\t\t<\/div>\n\t\t<\/div>\n\t\t\t\t<div class=\"elementor-column elementor-col-50 elementor-inner-column elementor-element elementor-element-f2fbe3d\" data-id=\"f2fbe3d\" data-element_type=\"column\">\n\t\t\t<div class=\"elementor-widget-wrap elementor-element-populated\">\n\t\t\t\t\t\t<div class=\"elementor-element elementor-element-c57e613 elementor-widget elementor-widget-heading\" data-id=\"c57e613\" data-element_type=\"widget\" data-widget_type=\"heading.default\">\n\t\t\t\t<div class=\"elementor-widget-container\">\n\t\t\t\t\t<h1 class=\"elementor-heading-title elementor-size-default\">Gourmet arrangement<\/h1>\t\t\t\t<\/div>\n\t\t\t\t<\/div>\n\t\t\t\t<div class=\"elementor-element elementor-element-a202f52 elementor-widget elementor-widget-text-editor\" data-id=\"a202f52\" data-element_type=\"widget\" data-widget_type=\"text-editor.default\">\n\t\t\t\t<div class=\"elementor-widget-container\">\n\t\t\t\t\t\t\t\t\t<h1 class=\"hotel-amenity__title\"><span style=\"color: var( --e-global-color-text ); font-family: var( --e-global-typography-text-font-family ), Sans-serif; font-weight: var( --e-global-typography-text-font-weight ); font-size: 1rem;\">Dit arrangement omvat:<\/span><\/h1><ul><li>Overnachting<\/li><li>Ontbijt<\/li><li>Diner voucher van 30\u20ac per volwassene te gebruiken in een van onze 2 restaurants<\/li><\/ul>\t\t\t\t\t\t\t\t<\/div>\n\t\t\t\t<\/div>\n\t\t\t\t<div class=\"elementor-element elementor-element-0ea7cad elementor-align-center elementor-widget elementor-widget-button\" data-id=\"0ea7cad\" data-element_type=\"widget\" data-widget_type=\"button.default\">\n\t\t\t\t<div class=\"elementor-widget-container\">\n\t\t\t\t\t\t\t\t\t<div class=\"elementor-button-wrapper\">\n\t\t\t\t\t<a class=\"elementor-button elementor-button-link elementor-size-md\" href=\"https:\/\/reservations.cubilis.eu\/hotel-esplanade-diekirch?Language=nl-NL\" target=\"_blank\">\n\t\t\t\t\t\t<span class=\"elementor-button-content-wrapper\">\n\t\t\t\t\t\t\t\t\t<span class=\"elementor-button-text\">Boek Nu<\/span>\n\t\t\t\t\t<\/span>\n\t\t\t\t\t<\/a>\n\t\t\t\t<\/div>\n\t\t\t\t\t\t\t\t<\/div>\n\t\t\t\t<\/div>\n\t\t\t\t\t<\/div>\n\t\t<\/div>\n\t\t\t\t\t<\/div>\n\t\t<\/section>\n\t\t\t\t\t<\/div>\n\t\t<\/div>\n\t\t\t\t\t<\/div>\n\t\t<\/section>\n\t\t\t\t<\/div>","protected":false},"excerpt":{"rendered":"<p>Forfaits S\u00e9jour Romantique Ce forfait comprend : Nuit\u00e9e Petit-d\u00e9jeuner Une bouteille de Cr\u00e9mant, vin blanc ou vin rouge dans votre chambre R\u00e9server S\u00e9jour Randonn\u00e9e Ce forfait comprend : Nuit\u00e9e Petit-d\u00e9jeuner Pique-nique R\u00e9server S\u00e9jour Gourmand Ce forfait comprend : Nuit\u00e9e Petit-d\u00e9jeuner Un bon de 30\u20ac par adulte \u00e0 utiliser dans l&rsquo;un de nos 2 restaurants R\u00e9server [&#8230;]<\/p>\n<p><a class=\"btn btn-secondary understrap-read-more-link\" href=\"https:\/\/esplanade-hotel.lu\/nl\/forfaits\/\">Read More&#8230;<span class=\"screen-reader-text\"> from Forfaits<\/span><\/a><\/p>","protected":false},"author":1,"featured_media":0,"parent":0,"menu_order":0,"comment_status":"closed","ping_status":"closed","template":"page-templates\/empty.php","meta":{"inline_featured_image":false,"footnotes":""},"class_list":["post-684","page","type-page","status-publish","hentry"],"acf":[],"_links":{"self":[{"href":"https:\/\/esplanade-hotel.lu\/nl\/wp-json\/wp\/v2\/pages\/684","targetHints":{"allow":["GET"]}}],"collection":[{"href":"https:\/\/esplanade-hotel.lu\/nl\/wp-json\/wp\/v2\/pages"}],"about":[{"href":"https:\/\/esplanade-hotel.lu\/nl\/wp-json\/wp\/v2\/types\/page"}],"author":[{"embeddable":true,"href":"https:\/\/esplanade-hotel.lu\/nl\/wp-json\/wp\/v2\/users\/1"}],"replies":[{"embeddable":true,"href":"https:\/\/esplanade-hotel.lu\/nl\/wp-json\/wp\/v2\/comments?post=684"}],"version-history":[{"count":31,"href":"https:\/\/esplanade-hotel.lu\/nl\/wp-json\/wp\/v2\/pages\/684\/revisions"}],"predecessor-version":[{"id":1416,"href":"https:\/\/esplanade-hotel.lu\/nl\/wp-json\/wp\/v2\/pages\/684\/revisions\/1416"}],"wp:attachment":[{"href":"https:\/\/esplanade-hotel.lu\/nl\/wp-json\/wp\/v2\/media?parent=684"}],"curies":[{"name":"wp","href":"https:\/\/api.w.org\/{rel}","templated":true}]}}