{"id":636,"date":"2022-07-06T13:30:06","date_gmt":"2022-07-06T13:30:06","guid":{"rendered":"http:\/\/irfuucl.cluster030.hosting.ovh.net\/?page_id=636"},"modified":"2023-01-06T14:20:06","modified_gmt":"2023-01-06T14:20:06","slug":"impressum","status":"publish","type":"page","link":"https:\/\/esplanade-hotel.lu\/nl\/impressum\/","title":{"rendered":"Impressum"},"content":{"rendered":"<div data-elementor-type=\"wp-page\" data-elementor-id=\"636\" class=\"elementor elementor-636\">\n\t\t\t\t\t\t<section class=\"elementor-section elementor-top-section elementor-element elementor-element-f2fc260 elementor-section-boxed elementor-section-height-default elementor-section-height-default wpr-particle-no wpr-jarallax-no wpr-parallax-no wpr-sticky-section-no\" data-id=\"f2fc260\" data-element_type=\"section\">\n\t\t\t\t\t\t<div class=\"elementor-container elementor-column-gap-default\">\n\t\t\t\t\t<div class=\"elementor-column elementor-col-100 elementor-top-column elementor-element elementor-element-3ff2133\" data-id=\"3ff2133\" data-element_type=\"column\">\n\t\t\t<div class=\"elementor-widget-wrap elementor-element-populated\">\n\t\t\t\t\t\t<div class=\"elementor-element elementor-element-20072fd elementor-widget elementor-widget-heading\" data-id=\"20072fd\" data-element_type=\"widget\" data-widget_type=\"heading.default\">\n\t\t\t\t<div class=\"elementor-widget-container\">\n\t\t\t\t\t<h1 class=\"elementor-heading-title elementor-size-default\">Impressum<\/h1>\t\t\t\t<\/div>\n\t\t\t\t<\/div>\n\t\t\t\t\t<\/div>\n\t\t<\/div>\n\t\t\t\t\t<\/div>\n\t\t<\/section>\n\t\t\t\t<section class=\"elementor-section elementor-top-section elementor-element elementor-element-776738d elementor-section-boxed elementor-section-height-default elementor-section-height-default wpr-particle-no wpr-jarallax-no wpr-parallax-no wpr-sticky-section-no\" data-id=\"776738d\" data-element_type=\"section\">\n\t\t\t\t\t\t<div class=\"elementor-container elementor-column-gap-default\">\n\t\t\t\t\t<div class=\"elementor-column elementor-col-100 elementor-top-column elementor-element elementor-element-935c176\" data-id=\"935c176\" data-element_type=\"column\">\n\t\t\t<div class=\"elementor-widget-wrap elementor-element-populated\">\n\t\t\t\t\t\t<div class=\"elementor-element elementor-element-85b205f elementor-widget elementor-widget-text-editor\" data-id=\"85b205f\" data-element_type=\"widget\" data-widget_type=\"text-editor.default\">\n\t\t\t\t<div class=\"elementor-widget-container\">\n\t\t\t\t\t\t\t\t\t<h4>Bedrijf:<\/h4><p>Esplanade Hotel<\/p><p>Frederic Frey\u00a0\u00a0\u00a0\u00a0<\/p><p><a href=\"https:\/\/goo.gl\/maps\/hdQqt315yZ7ym7fz8\" target=\"_blank\" rel=\"noopener\">12 Esplanade, 9227 Diekirch<\/a><\/p><h4>Contact:<\/h4><p>Telefoon: <a href=\"tel:+352 26 80 47 15\">+352 26 80 47 15<\/a><\/p><p>E-mail: <a href=\"mailto:contact@hotel-esplanade.lu\">contact@hotel-esplanade.lu<\/a><\/p><p>Website: <a href=\"https:\/\/esplanade-hotel.lu\/nl\/\" target=\"_blank\" rel=\"noopener\">www.esplanade-hotel.lu<\/a><\/p><h4>Disclaimer:<\/h4><h4>Aansprakelijkheid voor inhoud:<\/h4><p>De inhoud van onze pagina's is met de grootste zorg samengesteld. We kunnen echter niet garanderen dat de inhoud correct, volledig en actueel is. Als serviceprovider zijn wij verantwoordelijk voor onze eigen inhoud op deze pagina's volgens de algemene wetten. We zijn echter niet verplicht om verzonden of opgeslagen informatie van derden te controleren of om omstandigheden te onderzoeken die duiden op illegale activiteiten. Verplichtingen om het gebruik van informatie onder algemene wetgeving te verwijderen of blokkeren, blijven onverminderd van kracht. Aansprakelijkheid in dit opzicht is echter alleen mogelijk vanaf het moment van kennis van een specifieke overtreding. Na kennisgeving van toepasselijke schendingen zullen we deze inhoud onmiddellijk verwijderen.<\/p><p>Onze website is gemaakt in samenwerking met RegiOtels, een bedrijf dat kleine en middelgrote onafhankelijke hotels helpt op het gebied van Digital Marketing, Revenue Management en Sales &amp; Marketing. Als u meer wilt weten over hun diensten, bezoekt u hun website (<a href=\"http:\/\/regiotels.com\" target=\"_blank\" rel=\"noopener\">regiotels.com<\/a>) of neemt u rechtstreeks contact met hen op via het volgende e-mailadres: <a href=\"mailto:info@regiotels.com\">info@regiotels.com<\/a>.<\/p><h4>Aansprakelijkheid voor links:<\/h4><p>Onze website bevat links naar externe websites van derden waarvan we de inhoud niet be\u00efnvloeden. Daarom kunnen we geen aansprakelijkheid aanvaarden voor deze externe inhoud. De inhoud van de gelinkte pagina's is altijd de verantwoordelijkheid van de betreffende aanbieder of beheerder van de pagina's. De gekoppelde pagina's zijn gecontroleerd op mogelijke juridische overtredingen op het moment van koppelen. Illegale inhoud was niet herkenbaar op het moment van koppelen. Een permanent beheer van de inhoud van de gelinkte pagina's is echter niet redelijk zonder concreet bewijs van een overtreding van de wet. Na kennisgeving van overtredingen zullen we dergelijke links onmiddellijk verwijderen.<\/p><h4>Auteursrechten:<\/h4><p>De inhoud en werken op deze pagina's gemaakt door de exploitanten van de site zijn onderworpen aan het Luxemburgse auteursrecht. De vermenigvuldiging, verwerking, distributie en elke vorm van exploitatie buiten de grenzen van het auteursrecht vereist de schriftelijke toestemming van de betreffende auteur of maker. Downloads en kopie\u00ebn van deze pagina en de inhoud zijn niet toegestaan. Voor zover de inhoud aan deze zijde niet door de exploitant is gemaakt, worden de auteursrechten van derden in aanmerking genomen. Met name inhoud van derden is als zodanig gemarkeerd. Mocht u zich nog steeds bewust zijn van een inbreuk op het auteursrecht, dan vragen wij om een notitie. Na kennisgeving van overtredingen zullen we dergelijke inhoud onmiddellijk verwijderen.<\/p><h4>Aansprakelijkheid voor foto's:<\/h4><p>Alle foto's op deze website werden genomen door een professionele fotograaf in opdracht van RegiOtels of werden genomen door het hotelpersoneel zelf. Als er vragen zijn over de licentieverlening van de afbeeldingen of iets dergelijks, verzoeken we u vriendelijk contact op te nemen met RegiOtels via het volgende e-mailadres: info@regiotels.com.<\/p><h4>Privacybeleid:<\/h4><p>Voor meer informatie over ons privacybeleid ga naar onze pagina <a href=\"http:\/\/irfuucl.cluster030.hosting.ovh.net\/politique-de-confidentialite\/\">Privacybeleid<\/a>.<\/p>\t\t\t\t\t\t\t\t<\/div>\n\t\t\t\t<\/div>\n\t\t\t\t\t<\/div>\n\t\t<\/div>\n\t\t\t\t\t<\/div>\n\t\t<\/section>\n\t\t\t\t<\/div>","protected":false},"excerpt":{"rendered":"<p>Impressum Soci\u00e9t\u00e9: Esplanade H\u00f4tel Frederic Frey\u00a0\u00a0\u00a0\u00a0 12 Esplanade, 9227 Diekirch Contact: T\u00e9l\u00e9phone: +352 26 80 47 15 E-mail: contact@hotel-esplanade.lu Site Web: www.esplanade-hotel.lu Avertissement: Responsabilit\u00e9 pour le contenu: Le contenu de nos pages a \u00e9t\u00e9 cr\u00e9\u00e9 avec le plus grand soin. Cependant, nous ne pouvons pas garantir l&rsquo;exactitude, la compl\u00e9tude et l&rsquo;actualit\u00e9 du contenu. En tant que fournisseur de services, nous sommes responsables de notre propre contenu sur ces pages conform\u00e9ment aux lois g\u00e9n\u00e9rales. Cependant, nous ne sommes pas oblig\u00e9s de surveiller les informations tierces transmises ou stock\u00e9es ni d&rsquo;enqu\u00eater sur des circonstances indiquant une activit\u00e9 ill\u00e9gale. Les obligations de supprimer ou de bloquer l&rsquo;utilisation d&rsquo;informations en vertu du droit g\u00e9n\u00e9ral restent inchang\u00e9es. Cependant, la responsabilit\u00e9 \u00e0 cet \u00e9gard n\u2019est possible qu\u2019\u00e0 partir du moment o\u00f9 une infraction sp\u00e9cifique est connue. D\u00e8s notification des violations appropri\u00e9es, nous supprimerons ce contenu imm\u00e9diatement. Notre site Web a \u00e9t\u00e9 cr\u00e9\u00e9 en collaboration avec RegiOtels, une entreprise qui aide les petits et moyens h\u00f4tels ind\u00e9pendants en mati\u00e8re de marketing num\u00e9rique, de gestion des revenus et de vente et marketing. Si vous souhaitez en savoir plus sur leurs services, veuillez visiter leur site web (regiotels.com) ou contactez-les directement via l&rsquo;adresse e-mail suivante: info@regiotels.com. Responsabilit\u00e9 pour les liens: Notre site Web contient des liens vers des sites Web externes de tiers sur le contenu desquels nous n&rsquo;avons aucune influence. Par cons\u00e9quent, nous ne pouvons assumer aucune responsabilit\u00e9 pour ces contenus externes. Le contenu des pages li\u00e9es est toujours la responsabilit\u00e9 du fournisseur ou de l&rsquo;op\u00e9rateur des pages. Les pages li\u00e9es ont \u00e9t\u00e9 v\u00e9rifi\u00e9es pour d\u00e9tecter d&rsquo;\u00e9ventuelles violations de la loi au moment de la liaison. Le contenu ill\u00e9gal n&rsquo;\u00e9tait pas reconnaissable au moment de la cr\u00e9ation du lien. Toutefois, un contr\u00f4le permanent du contenu des pages li\u00e9es n\u2019est pas raisonnable sans preuves concr\u00e8tes d\u2019une violation du droit. Lors de la notification des violations, nous supprimerons ces liens imm\u00e9diatement. Droits d&rsquo;auteur: Le contenu et les travaux sur ces pages cr\u00e9\u00e9s par les exploitants du site sont soumis au droit d&rsquo;auteur luxembourgeois. La duplication, le traitement, la distribution et toute forme d&rsquo;exploitation en dehors des limites du droit d&rsquo;auteur n\u00e9cessitent le consentement \u00e9crit de l&rsquo;auteur ou du cr\u00e9ateur concern\u00e9. Les t\u00e9l\u00e9chargements et les copies de cette page et de leur contenu ne sont pas autoris\u00e9s. Dans la mesure o\u00f9 le contenu de ce c\u00f4t\u00e9 n&rsquo;a pas \u00e9t\u00e9 cr\u00e9\u00e9 par l&rsquo;op\u00e9rateur, les droits d&rsquo;auteur de tiers sont pris en compte. Les contenus de tiers sont notamment marqu\u00e9s comme tels. Si vous \u00eates toujours au courant d&rsquo;une violation du droit d&rsquo;auteur, nous vous demanderons une note. Lors de la notification des violations, nous supprimerons ce contenu imm\u00e9diatement. Responsabilit\u00e9 pour les photos: Toutes les photos de ce site Web ont \u00e9t\u00e9 prises par un photographe professionnel mandat\u00e9 par RegiOtels ou prises par le personnel de l&rsquo;h\u00f4tel lui-m\u00eame. Si vous avez des questions sur l\u2019octroi de licence d\u2019image ou autre, nous vous prions de contacter RegiOtels \u00e0 l\u2019adresse \u00e9lectronique suivante: info@regiotels.com. Politique de confidentialit\u00e9: Pour en savoir plus sur notre politique de confidentialit\u00e9, veuillez visiter notre page de politique de confidentialit\u00e9. [&#8230;]<\/p>\n<p><a class=\"btn btn-secondary understrap-read-more-link\" href=\"https:\/\/esplanade-hotel.lu\/nl\/impressum\/\">Read More&#8230;<span class=\"screen-reader-text\"> from Impressum<\/span><\/a><\/p>","protected":false},"author":1,"featured_media":0,"parent":0,"menu_order":0,"comment_status":"closed","ping_status":"closed","template":"elementor_header_footer","meta":{"inline_featured_image":false,"footnotes":""},"class_list":["post-636","page","type-page","status-publish","hentry"],"acf":[],"_links":{"self":[{"href":"https:\/\/esplanade-hotel.lu\/nl\/wp-json\/wp\/v2\/pages\/636","targetHints":{"allow":["GET"]}}],"collection":[{"href":"https:\/\/esplanade-hotel.lu\/nl\/wp-json\/wp\/v2\/pages"}],"about":[{"href":"https:\/\/esplanade-hotel.lu\/nl\/wp-json\/wp\/v2\/types\/page"}],"author":[{"embeddable":true,"href":"https:\/\/esplanade-hotel.lu\/nl\/wp-json\/wp\/v2\/users\/1"}],"replies":[{"embeddable":true,"href":"https:\/\/esplanade-hotel.lu\/nl\/wp-json\/wp\/v2\/comments?post=636"}],"version-history":[{"count":16,"href":"https:\/\/esplanade-hotel.lu\/nl\/wp-json\/wp\/v2\/pages\/636\/revisions"}],"predecessor-version":[{"id":1419,"href":"https:\/\/esplanade-hotel.lu\/nl\/wp-json\/wp\/v2\/pages\/636\/revisions\/1419"}],"wp:attachment":[{"href":"https:\/\/esplanade-hotel.lu\/nl\/wp-json\/wp\/v2\/media?parent=636"}],"curies":[{"name":"wp","href":"https:\/\/api.w.org\/{rel}","templated":true}]}}