{"id":630,"date":"2022-07-06T13:23:22","date_gmt":"2022-07-06T13:23:22","guid":{"rendered":"http:\/\/irfuucl.cluster030.hosting.ovh.net\/?page_id=630"},"modified":"2023-01-06T14:20:33","modified_gmt":"2023-01-06T14:20:33","slug":"politique-de-confidentialite","status":"publish","type":"page","link":"https:\/\/esplanade-hotel.lu\/nl\/politique-de-confidentialite\/","title":{"rendered":"Privacybeleid"},"content":{"rendered":"<div data-elementor-type=\"wp-page\" data-elementor-id=\"630\" class=\"elementor elementor-630\">\n\t\t\t\t\t\t<section class=\"elementor-section elementor-top-section elementor-element elementor-element-b2c46d4 elementor-section-boxed elementor-section-height-default elementor-section-height-default wpr-particle-no wpr-jarallax-no wpr-parallax-no wpr-sticky-section-no\" data-id=\"b2c46d4\" data-element_type=\"section\">\n\t\t\t\t\t\t<div class=\"elementor-container elementor-column-gap-default\">\n\t\t\t\t\t<div class=\"elementor-column elementor-col-100 elementor-top-column elementor-element elementor-element-32bb90c\" data-id=\"32bb90c\" data-element_type=\"column\">\n\t\t\t<div class=\"elementor-widget-wrap elementor-element-populated\">\n\t\t\t\t\t\t<div class=\"elementor-element elementor-element-2012554 elementor-widget elementor-widget-heading\" data-id=\"2012554\" data-element_type=\"widget\" data-widget_type=\"heading.default\">\n\t\t\t\t<div class=\"elementor-widget-container\">\n\t\t\t\t\t<h1 class=\"elementor-heading-title elementor-size-default\">Privacybeleid<\/h1>\t\t\t\t<\/div>\n\t\t\t\t<\/div>\n\t\t\t\t\t<\/div>\n\t\t<\/div>\n\t\t\t\t\t<\/div>\n\t\t<\/section>\n\t\t\t\t<section class=\"elementor-section elementor-top-section elementor-element elementor-element-e46f7eb elementor-section-boxed elementor-section-height-default elementor-section-height-default wpr-particle-no wpr-jarallax-no wpr-parallax-no wpr-sticky-section-no\" data-id=\"e46f7eb\" data-element_type=\"section\">\n\t\t\t\t\t\t<div class=\"elementor-container elementor-column-gap-default\">\n\t\t\t\t\t<div class=\"elementor-column elementor-col-100 elementor-top-column elementor-element elementor-element-dce9c94\" data-id=\"dce9c94\" data-element_type=\"column\">\n\t\t\t<div class=\"elementor-widget-wrap elementor-element-populated\">\n\t\t\t\t\t\t<div class=\"elementor-element elementor-element-4315104 elementor-widget elementor-widget-text-editor\" data-id=\"4315104\" data-element_type=\"widget\" data-widget_type=\"text-editor.default\">\n\t\t\t\t<div class=\"elementor-widget-container\">\n\t\t\t\t\t\t\t\t\t<p>Esplanade Hotel wil volledig GDPR-compatibel zijn. We verzamelen om een aantal redenen cookiegegevens over onze bezoekers:<\/p><ul><li>Statistische doeleinden om bij te houden hoeveel gebruikers we hebben en hoe vaak u onze website bezoekt<\/li><li>Verzameling van informatie om het gedrag op de site te volgen en onze diensten te verbeteren<\/li><\/ul><p>We houden geen rekening met individuele verkeerspatronen op onze site en we zullen ons uiterste best doen om uw privacy te respecteren.<\/p><h4>Informatie verzamelen<\/h4><p>We verzamelen informatie over onze gebruikers via Google Analytics en wanneer u zich aanmeldt voor onze nieuwsbrief. Als u zich in het verleden of in de toekomst hebt aangemeld voor onze nieuwsbrief, of ons uw e-mailadres hebt gegeven vanwege iets anders, zullen we uw gegevens niet verkopen of doorgeven aan een ander bedrijf.<\/p><h4>Hoe beschermen we uw informatie?<\/h4><p>Uw persoonlijke gegevens bevinden zich achter beveiligde netwerken en zijn alleen toegankelijk voor een beperkt aantal personen met speciale toegangsrechten tot dergelijke systemen en zijn verplicht om de informatie vertrouwelijk te houden. Bovendien wordt alle informatie die u levert gecodeerd via Secure Socket Layer (SSL) -technologie. We implementeren een aantal beveiligingsmaatregelen wanneer een gebruiker zijn of haar gegevens invoert, indient of opent om de veiligheid van uw persoonlijke gegevens te waarborgen. Er kan echter geen 100% veilige online-overdracht van gegevens worden gegarandeerd.<\/p><h4>Wat is een cookie?<\/h4><p>Een cookie is een klein tekstbestand met gegevens die door uw browser op uw computer zijn opgeslagen. Als u de website een andere keer bezoekt, zorgt een cookie ervoor dat uw browser wordt herkend. Uw instellingen voor aanmeldingen kunnen bijvoorbeeld worden bewaard, of de website toont informatie die voor u van belang kan zijn. Cookies kunnen ook voor statistische doeleinden worden gebruikt. Cookies zijn altijd anoniem en uw persoonlijke gegevens zijn pas bekend wanneer u deze verlaat.<\/p><h4>Derden<\/h4><p>Externe adverteerders zoals Google Analytics, Facebook Pixels of Sendinblue genereren statistische cookies om advertentievertoningen en -conversies bij te houden. Het gebruik van cookies door derden is onderworpen aan het privacy- en cookiebeleid van die bedrijven. Voor meer informatie over het privacybeleid van Google, volg de link. Hier is ook een Chrome-extensie die Google heeft ontwikkeld om zich te kunnen afmelden voor hun Analytics-programma: tools.google.com\/dlpage\/gaoptout?hl=en.<\/p><h4>Hoe meld je je af?<\/h4><p>Lezers kunnen zich op de volgende manieren afmelden voor online gedragsadvertenties: gebruik de opt-out-tool Online keuzes bij www.youronlinechoices.com\/opt-out. Of verander de browserinstellingen van uw computer om het gebruik van alle cookies van derden te blokkeren, verwijderen en \/ of te beheren. Raadpleeg de documentatie bij uw computer voor meer informatie.<\/p><h4>Sociale media<\/h4><p>Op de website van Esplanade Hotel kunt u informatie delen via sociale media, via de beschikbare knoppen voor sociale media. De relevante sociale media kunnen via deze knoppen cookies plaatsen. We hebben geen invloed op het gebruik van deze cookies door deze partijen. Zij zijn verantwoordelijk voor het gebruik en de verstrekking van gegevens die op deze manier zijn verkregen. Het privacybeleid en de algemene voorwaarden van de betrokken sociale mediaplatforms zijn van toepassing op dit gebruik.<\/p><h4>Vragen<\/h4><p>Als u vragen heeft over onze privacyverklaring of het gebruik van uw informatie, kunt u rechtstreeks contact met ons opnemen via het volgende e-mailadres: <a href=\"mailto:contact@hotel-esplanade.lu\">contact@hotel-esplanade.lu<\/a>.<\/p>\t\t\t\t\t\t\t\t<\/div>\n\t\t\t\t<\/div>\n\t\t\t\t\t<\/div>\n\t\t<\/div>\n\t\t\t\t\t<\/div>\n\t\t<\/section>\n\t\t\t\t<\/div>","protected":false},"excerpt":{"rendered":"<p>Politique de confidentialit\u00e9 L\u2019Esplanade H\u00f4tel a pour objectif de se conformer pleinement aux exigences du GDPR. Nous recueillons des informations sur les cookies de nos visiteurs pour plusieurs raisons: Des fins statistiques pour suivre le nombre d&rsquo;utilisateurs que nous avons et combien de fois vous visitez notre site Web Collecte d&rsquo;informations pour surveiller le comportement sur le site et am\u00e9liorer nos services Nous ne surveillons pas les flux de trafic individuels sur notre site et nous ferons tout notre possible pour respecter votre vie priv\u00e9e. Collecte d&rsquo;informations Nous collectons des informations sur nos utilisateurs via Google Analytics et lorsque vous vous inscrivez \u00e0 notre newsletter. Si vous vous \u00eates inscrit \u00e0 notre newsletter dans le pass\u00e9 ou dans l&rsquo;avenir, ou si vous nous avez fourni votre adresse e-mail pour une autre raison, nous ne vendrons ni ne communiquerons vos coordonn\u00e9es \u00e0 une autre soci\u00e9t\u00e9. Comment prot\u00e9geons-nous vos informations? Vos informations personnelles sont contenues dans des r\u00e9seaux s\u00e9curis\u00e9s et ne sont accessibles que par un nombre limit\u00e9 de personnes qui disposent de droits d&rsquo;acc\u00e8s sp\u00e9ciaux \u00e0 de tels syst\u00e8mes et qui sont tenues de pr\u00e9server la confidentialit\u00e9 de ces informations. En outre, toutes les informations que vous fournissez sont crypt\u00e9es via la technologie Secure Socket Layer (SSL). Nous mettons en \u0153uvre diverses mesures de s\u00e9curit\u00e9 lorsqu&rsquo;un utilisateur entre, soumet ou acc\u00e8de \u00e0 ses informations pour pr\u00e9server la s\u00e9curit\u00e9 de vos informations personnelles. Cependant, aucune transmission de donn\u00e9es en ligne ne peut \u00eatre garantie \u00e0 100%. Qu&rsquo;est-ce qu&rsquo;un cookie? Un cookie est un petit fichier texte contenant les donn\u00e9es stock\u00e9es par votre navigateur sur votre ordinateur. Si vous visitez le site une autre fois, un cookie assurera la reconnaissance de votre navigateur. Par exemple, vos param\u00e8tres de connexion peuvent \u00eatre conserv\u00e9s ou le site Web affiche des informations susceptibles de vous int\u00e9resser plus clairement. Les cookies peuvent \u00e9galement \u00eatre utilis\u00e9s \u00e0 des fins statistiques. Les cookies sont toujours anonymes et vos informations personnelles ne seront pas connues avant que vous ne les quittiez. Les tiers Les annonceurs tiers tels que Google Analytics, Facebook Pixels ou Sendinblue g\u00e9n\u00e9reront des cookies statistiques afin de suivre les impressions et les conversions publicitaires. L&rsquo;utilisation de cookies par des tiers est soumise aux politiques de confidentialit\u00e9 et de cookies de ces soci\u00e9t\u00e9s. Pour plus d&rsquo;informations sur la politique de confidentialit\u00e9 de Google, suivez le lien. Voici \u00e9galement une extension Chrome d\u00e9velopp\u00e9e par Google pour pouvoir d\u00e9sactiver son programme Analytics: tools.google.com\/dlpage\/gaoptout?hl=en. Comment se retirer? Les lecteurs peuvent choisir de ne pas participer \u00e0 la publicit\u00e9 comportementale en ligne en utilisant les m\u00e9thodes suivantes: Utilisez l\u2019outil de d\u00e9sactivation de Choix en ligne fourni \u00e0 l\u2019adresse www.youronlinechoices.com\/opt-out. Modifiez les param\u00e8tres du navigateur de votre ordinateur pour bloquer, supprimer et\/ou contr\u00f4ler l\u2019utilisation de tous les cookies tiers. Reportez-vous \u00e0 la documentation du navigateur Web de votre ordinateur pour plus d&rsquo;informations. Des m\u00e9dias sociaux Sur le site Web Esplanade, vous pouvez partager des informations via les m\u00e9dias sociaux, via les boutons de m\u00e9dias sociaux disponibles. Les m\u00e9dias sociaux concern\u00e9s peuvent placer des cookies via ces boutons. Nous n&rsquo;avons aucune influence sur l&rsquo;utilisation de ces cookies par ces parties. Ils sont responsables de l&rsquo;utilisation et de la fourniture des donn\u00e9es ainsi obtenues. La politique de confidentialit\u00e9 et les conditions g\u00e9n\u00e9rales des plateformes de m\u00e9dias sociaux impliqu\u00e9es s&rsquo;appliquent \u00e0 cette utilisation. Des questions Si vous avez des questions sur notre d\u00e9claration de confidentialit\u00e9 ou sur l&rsquo;utilisation de vos informations, vous pouvez nous contacter directement via l&rsquo;adresse \u00e9lectronique suivante: contact@hotel-esplanade.lu. [&#8230;]<\/p>\n<p><a class=\"btn btn-secondary understrap-read-more-link\" href=\"https:\/\/esplanade-hotel.lu\/nl\/politique-de-confidentialite\/\">Read More&#8230;<span class=\"screen-reader-text\"> from Politique de confidentialit\u00e9<\/span><\/a><\/p>","protected":false},"author":1,"featured_media":0,"parent":0,"menu_order":0,"comment_status":"closed","ping_status":"closed","template":"elementor_header_footer","meta":{"inline_featured_image":false,"footnotes":""},"class_list":["post-630","page","type-page","status-publish","hentry"],"acf":[],"_links":{"self":[{"href":"https:\/\/esplanade-hotel.lu\/nl\/wp-json\/wp\/v2\/pages\/630","targetHints":{"allow":["GET"]}}],"collection":[{"href":"https:\/\/esplanade-hotel.lu\/nl\/wp-json\/wp\/v2\/pages"}],"about":[{"href":"https:\/\/esplanade-hotel.lu\/nl\/wp-json\/wp\/v2\/types\/page"}],"author":[{"embeddable":true,"href":"https:\/\/esplanade-hotel.lu\/nl\/wp-json\/wp\/v2\/users\/1"}],"replies":[{"embeddable":true,"href":"https:\/\/esplanade-hotel.lu\/nl\/wp-json\/wp\/v2\/comments?post=630"}],"version-history":[{"count":25,"href":"https:\/\/esplanade-hotel.lu\/nl\/wp-json\/wp\/v2\/pages\/630\/revisions"}],"predecessor-version":[{"id":1422,"href":"https:\/\/esplanade-hotel.lu\/nl\/wp-json\/wp\/v2\/pages\/630\/revisions\/1422"}],"wp:attachment":[{"href":"https:\/\/esplanade-hotel.lu\/nl\/wp-json\/wp\/v2\/media?parent=630"}],"curies":[{"name":"wp","href":"https:\/\/api.w.org\/{rel}","templated":true}]}}