{"id":46,"date":"2022-06-24T12:58:42","date_gmt":"2022-06-24T12:58:42","guid":{"rendered":"http:\/\/irfuucl.cluster030.hosting.ovh.net\/?page_id=46"},"modified":"2026-03-30T17:26:46","modified_gmt":"2026-03-30T17:26:46","slug":"restaurants","status":"publish","type":"page","link":"https:\/\/esplanade-hotel.lu\/nl\/restaurants\/","title":{"rendered":"Restaurants"},"content":{"rendered":"<div data-elementor-type=\"wp-page\" data-elementor-id=\"46\" class=\"elementor elementor-46\">\n\t\t\t\t\t\t<section class=\"elementor-section elementor-top-section elementor-element elementor-element-e0aa84e elementor-section-boxed elementor-section-height-default elementor-section-height-default wpr-particle-no wpr-jarallax-no wpr-parallax-no wpr-sticky-section-no\" data-id=\"e0aa84e\" data-element_type=\"section\">\n\t\t\t\t\t\t<div class=\"elementor-container elementor-column-gap-default\">\n\t\t\t\t\t<div class=\"elementor-column elementor-col-100 elementor-top-column elementor-element elementor-element-7b9215f\" data-id=\"7b9215f\" data-element_type=\"column\">\n\t\t\t<div class=\"elementor-widget-wrap elementor-element-populated\">\n\t\t\t\t\t\t<div class=\"elementor-element elementor-element-15101f1 elementor-widget elementor-widget-heading\" data-id=\"15101f1\" data-element_type=\"widget\" data-widget_type=\"heading.default\">\n\t\t\t\t<div class=\"elementor-widget-container\">\n\t\t\t\t\t<h1 class=\"elementor-heading-title elementor-size-default\">Restaurants<\/h1>\t\t\t\t<\/div>\n\t\t\t\t<\/div>\n\t\t\t\t<div class=\"elementor-element elementor-element-4929c80 elementor-widget elementor-widget-text-editor\" data-id=\"4929c80\" data-element_type=\"widget\" data-widget_type=\"text-editor.default\">\n\t\t\t\t<div class=\"elementor-widget-container\">\n\t\t\t\t\t\t\t\t\t<p class=\"translation-block\">In ons hotel-restaurant in Dierkich kunnen gasten genieten van kwaliteitsaccommodatie en tegelijkertijd van een gastronomische ervaring. Geen reis is immers goed genoeg zonder lekker eten.<\/br>\nWij hebben twee restaurants met verschillende gastronomische voorstellen en sferen. Geniet van onze heerlijke fondues en onze onvergetelijke Braziliaanse vleesspektakel.<\/p>\t\t\t\t\t\t\t\t<\/div>\n\t\t\t\t<\/div>\n\t\t\t\t<section class=\"elementor-section elementor-inner-section elementor-element elementor-element-9e2b0d5 elementor-section-boxed elementor-section-height-default elementor-section-height-default wpr-particle-no wpr-jarallax-no wpr-parallax-no wpr-sticky-section-no\" data-id=\"9e2b0d5\" data-element_type=\"section\">\n\t\t\t\t\t\t<div class=\"elementor-container elementor-column-gap-default\">\n\t\t\t\t\t<div class=\"elementor-column elementor-col-50 elementor-inner-column elementor-element elementor-element-d41288e\" data-id=\"d41288e\" data-element_type=\"column\">\n\t\t\t<div class=\"elementor-widget-wrap elementor-element-populated\">\n\t\t\t\t\t\t<div class=\"elementor-element elementor-element-7ee147d elementor-widget elementor-widget-text-editor\" data-id=\"7ee147d\" data-element_type=\"widget\" data-widget_type=\"text-editor.default\">\n\t\t\t\t<div class=\"elementor-widget-container\">\n\t\t\t\t\t\t\t\t\t<h3>Openingstijden<\/h3>\n<p>We zijn nu 7 dagen per week open<\/p>\n<p><strong>Lunch:<\/strong>&nbsp;11.30 - 14.00<\/p>\n<p><strong>Diner:<\/strong>&nbsp;18.30 - 22.00 uur<\/p>\t\t\t\t\t\t\t\t<\/div>\n\t\t\t\t<\/div>\n\t\t\t\t\t<\/div>\n\t\t<\/div>\n\t\t\t\t<div class=\"elementor-column elementor-col-50 elementor-inner-column elementor-element elementor-element-da28371\" data-id=\"da28371\" data-element_type=\"column\">\n\t\t\t<div class=\"elementor-widget-wrap elementor-element-populated\">\n\t\t\t\t\t\t<div class=\"elementor-element elementor-element-8d492a6 elementor-widget elementor-widget-text-editor\" data-id=\"8d492a6\" data-element_type=\"widget\" data-widget_type=\"text-editor.default\">\n\t\t\t\t<div class=\"elementor-widget-container\">\n\t\t\t\t\t\t\t\t\t<h3>Ontbijttijden<\/h3><p>Van maandag tot vrijdag: van 7 tot 10 uur<\/p><p>Op zaterdag en zondag: van 8 tot 10 uur.<\/p><p>Ontbijt: 10 \u20ac<\/p>\t\t\t\t\t\t\t\t<\/div>\n\t\t\t\t<\/div>\n\t\t\t\t\t<\/div>\n\t\t<\/div>\n\t\t\t\t\t<\/div>\n\t\t<\/section>\n\t\t\t\t\t<\/div>\n\t\t<\/div>\n\t\t\t\t\t<\/div>\n\t\t<\/section>\n\t\t\t\t<section class=\"elementor-section elementor-top-section elementor-element elementor-element-30467a4 elementor-section-boxed elementor-section-height-default elementor-section-height-default wpr-particle-no wpr-jarallax-no wpr-parallax-no wpr-sticky-section-no\" data-id=\"30467a4\" data-element_type=\"section\">\n\t\t\t\t\t\t<div class=\"elementor-container elementor-column-gap-custom\">\n\t\t\t\t\t<div class=\"elementor-column elementor-col-100 elementor-top-column elementor-element elementor-element-dbc2cd9\" data-id=\"dbc2cd9\" data-element_type=\"column\">\n\t\t\t<div class=\"elementor-widget-wrap elementor-element-populated\">\n\t\t\t\t\t\t<section class=\"elementor-section elementor-inner-section elementor-element elementor-element-eea4000 elementor-section-boxed elementor-section-height-default elementor-section-height-default wpr-particle-no wpr-jarallax-no wpr-parallax-no wpr-sticky-section-no\" data-id=\"eea4000\" data-element_type=\"section\">\n\t\t\t\t\t\t<div class=\"elementor-container elementor-column-gap-default\">\n\t\t\t\t\t<div class=\"elementor-column elementor-col-50 elementor-inner-column elementor-element elementor-element-b058eb0\" data-id=\"b058eb0\" data-element_type=\"column\">\n\t\t\t<div class=\"elementor-widget-wrap elementor-element-populated\">\n\t\t\t\t\t\t<div class=\"elementor-element elementor-element-96f8339 elementor-widget elementor-widget-text-editor\" data-id=\"96f8339\" data-element_type=\"widget\" data-widget_type=\"text-editor.default\">\n\t\t\t\t<div class=\"elementor-widget-container\">\n\t\t\t\t\t\t\t\t\t<h1 class=\"hotel-amenity__title\">Fonduerestaurant<\/h1><p class=\"translation-block\">Onze gasten kunnen genieten van onze selectie fondues, zoals: wijn, bourgogne, kaas, vegetarisch, zee- en chocoladefondues.<\/p><p>Gesloten van april tot september<\/p>\t\t\t\t\t\t\t\t<\/div>\n\t\t\t\t<\/div>\n\t\t\t\t<div class=\"elementor-element elementor-element-f290fda elementor-align-center elementor-widget elementor-widget-button\" data-id=\"f290fda\" data-element_type=\"widget\" data-widget_type=\"button.default\">\n\t\t\t\t<div class=\"elementor-widget-container\">\n\t\t\t\t\t\t\t\t\t<div class=\"elementor-button-wrapper\">\n\t\t\t\t\t<a class=\"elementor-button elementor-button-link elementor-size-md\" href=\"https:\/\/esplanade-hotel.lu\/nl\/restaurants\/restaurant-la-fondue\/\">\n\t\t\t\t\t\t<span class=\"elementor-button-content-wrapper\">\n\t\t\t\t\t\t\t\t\t<span class=\"elementor-button-text\">Meer info<\/span>\n\t\t\t\t\t<\/span>\n\t\t\t\t\t<\/a>\n\t\t\t\t<\/div>\n\t\t\t\t\t\t\t\t<\/div>\n\t\t\t\t<\/div>\n\t\t\t\t\t<\/div>\n\t\t<\/div>\n\t\t\t\t<div class=\"elementor-column elementor-col-50 elementor-inner-column elementor-element elementor-element-7204ae2\" data-id=\"7204ae2\" data-element_type=\"column\">\n\t\t\t<div class=\"elementor-widget-wrap elementor-element-populated\">\n\t\t\t\t\t\t<div class=\"elementor-element elementor-element-e09256c elementor-widget elementor-widget-image\" data-id=\"e09256c\" data-element_type=\"widget\" data-widget_type=\"image.default\">\n\t\t\t\t<div class=\"elementor-widget-container\">\n\t\t\t\t\t\t\t\t\t\t\t\t\t\t\t<img fetchpriority=\"high\" decoding=\"async\" width=\"2560\" height=\"1708\" src=\"https:\/\/esplanade-hotel.lu\/wp-content\/uploads\/2022\/06\/la-fondue-05-scaled.jpg\" class=\"attachment-full size-full wp-image-295\" alt=\"\" srcset=\"https:\/\/esplanade-hotel.lu\/wp-content\/uploads\/2022\/06\/la-fondue-05-scaled.jpg 2560w, https:\/\/esplanade-hotel.lu\/wp-content\/uploads\/2022\/06\/la-fondue-05-300x200.jpg 300w, https:\/\/esplanade-hotel.lu\/wp-content\/uploads\/2022\/06\/la-fondue-05-1024x683.jpg 1024w, https:\/\/esplanade-hotel.lu\/wp-content\/uploads\/2022\/06\/la-fondue-05-768x512.jpg 768w, https:\/\/esplanade-hotel.lu\/wp-content\/uploads\/2022\/06\/la-fondue-05-1536x1025.jpg 1536w, https:\/\/esplanade-hotel.lu\/wp-content\/uploads\/2022\/06\/la-fondue-05-2048x1366.jpg 2048w\" sizes=\"(max-width: 2560px) 100vw, 2560px\" \/>\t\t\t\t\t\t\t\t\t\t\t\t\t\t\t<\/div>\n\t\t\t\t<\/div>\n\t\t\t\t\t<\/div>\n\t\t<\/div>\n\t\t\t\t\t<\/div>\n\t\t<\/section>\n\t\t\t\t\t<\/div>\n\t\t<\/div>\n\t\t\t\t\t<\/div>\n\t\t<\/section>\n\t\t\t\t<section class=\"elementor-section elementor-top-section elementor-element elementor-element-963e8aa elementor-section-boxed elementor-section-height-default elementor-section-height-default wpr-particle-no wpr-jarallax-no wpr-parallax-no wpr-sticky-section-no\" data-id=\"963e8aa\" data-element_type=\"section\">\n\t\t\t\t\t\t<div class=\"elementor-container elementor-column-gap-custom\">\n\t\t\t\t\t<div class=\"elementor-column elementor-col-100 elementor-top-column elementor-element elementor-element-fa69e34\" data-id=\"fa69e34\" data-element_type=\"column\">\n\t\t\t<div class=\"elementor-widget-wrap elementor-element-populated\">\n\t\t\t\t\t\t<section class=\"elementor-section elementor-inner-section elementor-element elementor-element-45dcac5 elementor-section-boxed elementor-section-height-default elementor-section-height-default wpr-particle-no wpr-jarallax-no wpr-parallax-no wpr-sticky-section-no\" data-id=\"45dcac5\" data-element_type=\"section\">\n\t\t\t\t\t\t<div class=\"elementor-container elementor-column-gap-default\">\n\t\t\t\t\t<div class=\"elementor-column elementor-col-50 elementor-inner-column elementor-element elementor-element-b683641\" data-id=\"b683641\" data-element_type=\"column\">\n\t\t\t<div class=\"elementor-widget-wrap elementor-element-populated\">\n\t\t\t\t\t\t<div class=\"elementor-element elementor-element-838a6ae elementor-widget elementor-widget-image\" data-id=\"838a6ae\" data-element_type=\"widget\" data-widget_type=\"image.default\">\n\t\t\t\t<div class=\"elementor-widget-container\">\n\t\t\t\t\t\t\t\t\t\t\t\t\t\t\t<img decoding=\"async\" width=\"2560\" height=\"1707\" src=\"https:\/\/esplanade-hotel.lu\/wp-content\/uploads\/2022\/06\/rodizio-12-scaled.jpg\" class=\"attachment-full size-full wp-image-321\" alt=\"\" srcset=\"https:\/\/esplanade-hotel.lu\/wp-content\/uploads\/2022\/06\/rodizio-12-scaled.jpg 2560w, https:\/\/esplanade-hotel.lu\/wp-content\/uploads\/2022\/06\/rodizio-12-300x200.jpg 300w, https:\/\/esplanade-hotel.lu\/wp-content\/uploads\/2022\/06\/rodizio-12-1024x683.jpg 1024w, https:\/\/esplanade-hotel.lu\/wp-content\/uploads\/2022\/06\/rodizio-12-768x512.jpg 768w, https:\/\/esplanade-hotel.lu\/wp-content\/uploads\/2022\/06\/rodizio-12-1536x1024.jpg 1536w, https:\/\/esplanade-hotel.lu\/wp-content\/uploads\/2022\/06\/rodizio-12-2048x1365.jpg 2048w\" sizes=\"(max-width: 2560px) 100vw, 2560px\" \/>\t\t\t\t\t\t\t\t\t\t\t\t\t\t\t<\/div>\n\t\t\t\t<\/div>\n\t\t\t\t\t<\/div>\n\t\t<\/div>\n\t\t\t\t<div class=\"elementor-column elementor-col-50 elementor-inner-column elementor-element elementor-element-c7bd189\" data-id=\"c7bd189\" data-element_type=\"column\">\n\t\t\t<div class=\"elementor-widget-wrap elementor-element-populated\">\n\t\t\t\t\t\t<div class=\"elementor-element elementor-element-cebd5ba elementor-widget elementor-widget-text-editor\" data-id=\"cebd5ba\" data-element_type=\"widget\" data-widget_type=\"text-editor.default\">\n\t\t\t\t<div class=\"elementor-widget-container\">\n\t\t\t\t\t\t\t\t\t<h1 class=\"hotel-amenity__title\">Rodizio-grill<\/h1><p class=\"translation-block\">Eet heerlijk vlees op de Braziliaanse manier. Laat u bedienen zoveel u wilt en geniet van een heerlijke ervaring, alleen voor echte vleesliefhebbers.<\/p><p>Het hele jaar door geopend:<br \/>Ma-di: GESLOTEN<br \/>Wo-zo: 11.30 \u2013 13.30 uur en 18.30 \u2013 21.30 uur<\/p>\t\t\t\t\t\t\t\t<\/div>\n\t\t\t\t<\/div>\n\t\t\t\t<div class=\"elementor-element elementor-element-98f8612 elementor-align-center elementor-widget elementor-widget-button\" data-id=\"98f8612\" data-element_type=\"widget\" data-widget_type=\"button.default\">\n\t\t\t\t<div class=\"elementor-widget-container\">\n\t\t\t\t\t\t\t\t\t<div class=\"elementor-button-wrapper\">\n\t\t\t\t\t<a class=\"elementor-button elementor-button-link elementor-size-md\" href=\"https:\/\/esplanade-hotel.lu\/nl\/restaurants\/rodizio-grill\/\">\n\t\t\t\t\t\t<span class=\"elementor-button-content-wrapper\">\n\t\t\t\t\t\t\t\t\t<span class=\"elementor-button-text\">Meer info<\/span>\n\t\t\t\t\t<\/span>\n\t\t\t\t\t<\/a>\n\t\t\t\t<\/div>\n\t\t\t\t\t\t\t\t<\/div>\n\t\t\t\t<\/div>\n\t\t\t\t\t<\/div>\n\t\t<\/div>\n\t\t\t\t\t<\/div>\n\t\t<\/section>\n\t\t\t\t\t<\/div>\n\t\t<\/div>\n\t\t\t\t\t<\/div>\n\t\t<\/section>\n\t\t\t\t<section class=\"elementor-section elementor-top-section elementor-element elementor-element-ff738ca elementor-section-boxed elementor-section-height-default elementor-section-height-default wpr-particle-no wpr-jarallax-no wpr-parallax-no wpr-sticky-section-no\" data-id=\"ff738ca\" data-element_type=\"section\" id=\"la-pizza-section\">\n\t\t\t\t\t\t<div class=\"elementor-container elementor-column-gap-custom\">\n\t\t\t\t\t<div class=\"elementor-column elementor-col-100 elementor-top-column elementor-element elementor-element-7c07396\" data-id=\"7c07396\" data-element_type=\"column\">\n\t\t\t<div class=\"elementor-widget-wrap elementor-element-populated\">\n\t\t\t\t\t\t<section class=\"elementor-section elementor-inner-section elementor-element elementor-element-6b3823d elementor-section-boxed elementor-section-height-default elementor-section-height-default wpr-particle-no wpr-jarallax-no wpr-parallax-no wpr-sticky-section-no\" data-id=\"6b3823d\" data-element_type=\"section\">\n\t\t\t\t\t\t<div class=\"elementor-container elementor-column-gap-default\">\n\t\t\t\t\t<div class=\"elementor-column elementor-col-50 elementor-inner-column elementor-element elementor-element-4ade04b\" data-id=\"4ade04b\" data-element_type=\"column\">\n\t\t\t<div class=\"elementor-widget-wrap elementor-element-populated\">\n\t\t\t\t\t\t<div class=\"elementor-element elementor-element-5d020e9 elementor-widget elementor-widget-text-editor\" data-id=\"5d020e9\" data-element_type=\"widget\" data-widget_type=\"text-editor.default\">\n\t\t\t\t<div class=\"elementor-widget-container\">\n\t\t\t\t\t\t\t\t\t<h1 class=\"hotel-amenity__title\">De pizza<\/h1>\n<p class=\"translation-block\">Trakteer uzelf op een keuze uit veertig verse pizza's, gemaakt van alleen de meest verse ingredi\u00ebnten.<\/p>\t\t\t\t\t\t\t\t<\/div>\n\t\t\t\t<\/div>\n\t\t\t\t<div class=\"elementor-element elementor-element-402c8dc elementor-align-center elementor-widget elementor-widget-button\" data-id=\"402c8dc\" data-element_type=\"widget\" data-widget_type=\"button.default\">\n\t\t\t\t<div class=\"elementor-widget-container\">\n\t\t\t\t\t\t\t\t\t<div class=\"elementor-button-wrapper\">\n\t\t\t\t\t<a class=\"elementor-button elementor-button-link elementor-size-md\" href=\"https:\/\/esplanade-hotel.lu\/nl\/restaurants\/la-pizza\/\">\n\t\t\t\t\t\t<span class=\"elementor-button-content-wrapper\">\n\t\t\t\t\t\t\t\t\t<span class=\"elementor-button-text\">Meer info<\/span>\n\t\t\t\t\t<\/span>\n\t\t\t\t\t<\/a>\n\t\t\t\t<\/div>\n\t\t\t\t\t\t\t\t<\/div>\n\t\t\t\t<\/div>\n\t\t\t\t\t<\/div>\n\t\t<\/div>\n\t\t\t\t<div class=\"elementor-column elementor-col-50 elementor-inner-column elementor-element elementor-element-5805fbe\" data-id=\"5805fbe\" data-element_type=\"column\">\n\t\t\t<div class=\"elementor-widget-wrap elementor-element-populated\">\n\t\t\t\t\t\t<div class=\"elementor-element elementor-element-5249f69 elementor-widget elementor-widget-image\" data-id=\"5249f69\" data-element_type=\"widget\" data-widget_type=\"image.default\">\n\t\t\t\t<div class=\"elementor-widget-container\">\n\t\t\t\t\t\t\t\t\t\t\t\t\t\t\t<img decoding=\"async\" width=\"2560\" height=\"1707\" src=\"https:\/\/esplanade-hotel.lu\/wp-content\/uploads\/2022\/07\/three-firends-together-eating-pizza-cafe-scaled.jpg\" class=\"attachment-full size-full wp-image-912\" alt=\"\" srcset=\"https:\/\/esplanade-hotel.lu\/wp-content\/uploads\/2022\/07\/three-firends-together-eating-pizza-cafe-scaled.jpg 2560w, https:\/\/esplanade-hotel.lu\/wp-content\/uploads\/2022\/07\/three-firends-together-eating-pizza-cafe-300x200.jpg 300w, https:\/\/esplanade-hotel.lu\/wp-content\/uploads\/2022\/07\/three-firends-together-eating-pizza-cafe-1024x683.jpg 1024w, https:\/\/esplanade-hotel.lu\/wp-content\/uploads\/2022\/07\/three-firends-together-eating-pizza-cafe-768x512.jpg 768w, https:\/\/esplanade-hotel.lu\/wp-content\/uploads\/2022\/07\/three-firends-together-eating-pizza-cafe-1536x1024.jpg 1536w, https:\/\/esplanade-hotel.lu\/wp-content\/uploads\/2022\/07\/three-firends-together-eating-pizza-cafe-2048x1366.jpg 2048w, https:\/\/esplanade-hotel.lu\/wp-content\/uploads\/2022\/07\/three-firends-together-eating-pizza-cafe-18x12.jpg 18w\" sizes=\"(max-width: 2560px) 100vw, 2560px\" \/>\t\t\t\t\t\t\t\t\t\t\t\t\t\t\t<\/div>\n\t\t\t\t<\/div>\n\t\t\t\t\t<\/div>\n\t\t<\/div>\n\t\t\t\t\t<\/div>\n\t\t<\/section>\n\t\t\t\t\t<\/div>\n\t\t<\/div>\n\t\t\t\t\t<\/div>\n\t\t<\/section>\n\t\t\t\t<\/div>","protected":false},"excerpt":{"rendered":"<p>Restaurants Dans notre h\u00f4tel-restaurant de Dierkich, les clients peuvent profiter d&rsquo;un h\u00e9bergement de\u00a0qualit\u00e9 tout en vivant une exp\u00e9rience gastronomique. Apr\u00e8s tout, aucun voyage n&rsquo;est suffisant\u00a0sans une bonne nourriture. Nous avons deux restaurants avec des propositions gastronomiques et des atmosph\u00e8res diff\u00e9rentes. Profitez de nos d\u00e9licieuses fondues et de\u00a0notre inoubliable exp\u00e9rience de viande br\u00e9silienne. Horaires d\u2019ouverture Nous sommes maintenant ouvert 7 jours sur 7 D\u00e9jeuner :&nbsp;11h30 &#8211; 14h00 D\u00eener :&nbsp;18h30 &#8211; 22h00 Horaires du petit-d\u00e9jeuner Du lundi au vendredi : de 7h \u00e0 10h. Le samedi et le dimanche : de 8h \u00e0 10h. Petit-d\u00e9jeuner : 10 \u20ac Restaurant La Fondue Nos h\u00f4tes peuvent se d\u00e9lecter de notre s\u00e9lection de fondues, telles que : vigneronne,\u00a0bourguignonne, fromage, v\u00e9g\u00e9tarienne, fondue de la mer et chocolat. Ferm\u00e9 d&rsquo;avril \u00e0 septembre Voir Rodizio Grill Mangez de la viande d\u00e9licieuse \u00e0 la br\u00e9silienne.\u00a0Faites-vous servir \u00e0 volont\u00e9 et profitez d&rsquo;une\u00a0exp\u00e9rience d\u00e9licieuse, reserv\u00e9e aux v\u00e9ritables amateurs de la viande. Ouvert toute l&rsquo;ann\u00e9e :Lun-mar : FERM\u00c9Mer-dim : 11h30 &#8211; 13h30 et 18h30 &#8211; 21h30 Voir La Pizza R\u00e9galez-vous en choisissant parmi notre quarantaine de pizzas fra\u00eeches, pr\u00e9par\u00e9es \u00e0 base de&nbsp;produits frais uniquement. Voir [&#8230;]<\/p>\n<p><a class=\"btn btn-secondary understrap-read-more-link\" href=\"https:\/\/esplanade-hotel.lu\/nl\/restaurants\/\">Read More&#8230;<span class=\"screen-reader-text\"> from Restaurants<\/span><\/a><\/p>","protected":false},"author":1,"featured_media":0,"parent":0,"menu_order":0,"comment_status":"closed","ping_status":"closed","template":"page-templates\/empty.php","meta":{"inline_featured_image":false,"footnotes":""},"class_list":["post-46","page","type-page","status-publish","hentry"],"acf":[],"_links":{"self":[{"href":"https:\/\/esplanade-hotel.lu\/nl\/wp-json\/wp\/v2\/pages\/46","targetHints":{"allow":["GET"]}}],"collection":[{"href":"https:\/\/esplanade-hotel.lu\/nl\/wp-json\/wp\/v2\/pages"}],"about":[{"href":"https:\/\/esplanade-hotel.lu\/nl\/wp-json\/wp\/v2\/types\/page"}],"author":[{"embeddable":true,"href":"https:\/\/esplanade-hotel.lu\/nl\/wp-json\/wp\/v2\/users\/1"}],"replies":[{"embeddable":true,"href":"https:\/\/esplanade-hotel.lu\/nl\/wp-json\/wp\/v2\/comments?post=46"}],"version-history":[{"count":122,"href":"https:\/\/esplanade-hotel.lu\/nl\/wp-json\/wp\/v2\/pages\/46\/revisions"}],"predecessor-version":[{"id":1592,"href":"https:\/\/esplanade-hotel.lu\/nl\/wp-json\/wp\/v2\/pages\/46\/revisions\/1592"}],"wp:attachment":[{"href":"https:\/\/esplanade-hotel.lu\/nl\/wp-json\/wp\/v2\/media?parent=46"}],"curies":[{"name":"wp","href":"https:\/\/api.w.org\/{rel}","templated":true}]}}