{"id":121,"date":"2022-06-27T23:51:29","date_gmt":"2022-06-27T23:51:29","guid":{"rendered":"http:\/\/irfuucl.cluster030.hosting.ovh.net\/?page_id=121"},"modified":"2023-01-06T14:17:48","modified_gmt":"2023-01-06T14:17:48","slug":"chambre-double","status":"publish","type":"page","link":"https:\/\/esplanade-hotel.lu\/nl\/chambres\/chambre-double\/","title":{"rendered":"Dubbel Kamer"},"content":{"rendered":"<div data-elementor-type=\"wp-page\" data-elementor-id=\"121\" class=\"elementor elementor-121\">\n\t\t\t\t\t\t<section class=\"elementor-section elementor-top-section elementor-element elementor-element-be7a642 elementor-section-full_width elementor-section-height-default elementor-section-height-default wpr-particle-no wpr-jarallax-no wpr-parallax-no wpr-sticky-section-no\" data-id=\"be7a642\" data-element_type=\"section\">\n\t\t\t\t\t\t<div class=\"elementor-container elementor-column-gap-no\">\n\t\t\t\t\t<div class=\"elementor-column elementor-col-100 elementor-top-column elementor-element elementor-element-055be74\" data-id=\"055be74\" data-element_type=\"column\">\n\t\t\t<div class=\"elementor-widget-wrap elementor-element-populated\">\n\t\t\t\t\t\t<div class=\"elementor-element elementor-element-7577819 elementor-widget__width-inherit elementor-widget elementor-widget-sina_banner_slider\" data-id=\"7577819\" data-element_type=\"widget\" data-widget_type=\"sina_banner_slider.default\">\n\t\t\t\t<div class=\"elementor-widget-container\">\n\t\t\t\t\t\t\t<div class=\"sina-banner-slider owl-carousel\"\r\n\t\tdata-autoplay=\"yes\"\r\n\t\tdata-pause=\"yes\"\r\n\t\tdata-nav=\"yes\"\r\n\t\tdata-dots=\"yes\"\r\n\t\tdata-mouse-drag=\"yes\"\r\n\t\tdata-touch-drag=\"yes\"\r\n\t\tdata-loop=\"yes\"\r\n\t\tdata-speed=\"1000\"\r\n\t\tdata-part-anim=\"\"\r\n\t\tdata-delay=\"5000\">\r\n\r\n\t\t\t\t\t\t\t<div class=\"sina-slider-content sina-bg-cover\" style=\"background-image: url(https:\/\/esplanade-hotel.lu\/wp-content\/uploads\/2022\/06\/chambre-standard-03-scaled.jpg);\">\r\n\t\t\t\t\t\r\n\t\t\t\t\t<div class=\"sina-banner-container elementor-repeater-item-90130c5\">\r\n\r\n\t\t\t\t\t\t\r\n\t\t\t\t\t\t\r\n\t\t\t\t\t\t\r\n\t\t\t\t\t\t\t\t\t\t\t<\/div>\r\n\t\t\t\t<\/div>\r\n\t\t\t\t\t\t\t<div class=\"sina-slider-content sina-bg-cover\" style=\"background-image: url(https:\/\/esplanade-hotel.lu\/wp-content\/uploads\/2022\/06\/chambre-standard-04-scaled.jpg);\">\r\n\t\t\t\t\t\r\n\t\t\t\t\t<div class=\"sina-banner-container elementor-repeater-item-4b964c6\">\r\n\r\n\t\t\t\t\t\t\r\n\t\t\t\t\t\t\r\n\t\t\t\t\t\t\r\n\t\t\t\t\t\t\t\t\t\t\t<\/div>\r\n\t\t\t\t<\/div>\r\n\t\t\t\t\t<\/div><!-- .sina-banner-slider -->\r\n\t\t\t\t\t\t<\/div>\n\t\t\t\t<\/div>\n\t\t\t\t\t<\/div>\n\t\t<\/div>\n\t\t\t\t\t<\/div>\n\t\t<\/section>\n\t\t\t\t<section class=\"elementor-section elementor-top-section elementor-element elementor-element-aa698c5 elementor-section-boxed elementor-section-height-default elementor-section-height-default wpr-particle-no wpr-jarallax-no wpr-parallax-no wpr-sticky-section-no\" data-id=\"aa698c5\" data-element_type=\"section\">\n\t\t\t\t\t\t<div class=\"elementor-container elementor-column-gap-default\">\n\t\t\t\t\t<div class=\"elementor-column elementor-col-100 elementor-top-column elementor-element elementor-element-de59219\" data-id=\"de59219\" data-element_type=\"column\">\n\t\t\t<div class=\"elementor-widget-wrap elementor-element-populated\">\n\t\t\t\t\t\t<div class=\"elementor-element elementor-element-ea5f4de elementor-widget elementor-widget-text-editor\" data-id=\"ea5f4de\" data-element_type=\"widget\" data-widget_type=\"text-editor.default\">\n\t\t\t\t<div class=\"elementor-widget-container\">\n\t\t\t\t\t\t\t\t\t<p class=\"translation-block\">De Tweepersoonskamers met airconditioning en hun rustieke houten inrichting bieden een groot tweepersoonsbed , een moderne badkamer met douche voor een comfortabel en verfrisend bezoek wanneer u op zoek bent naar een hotel om in Diekirch te verblijven.<\/p>\n<p class=\"translation-block\">Als u voor zaken in Dierkich bent, kunt u tijdens uw zakelijke verblijf gebruik maken van ons kantoortje en de inbegrepen koffie.<\/p><p class=\"translation-block\">Boek onze charmante tweepersoonskamer voor uw verblijf in Dierkich tegen een uitzonderlijke prijs op onze website en geniet van de beste prijs die online beschikbaar is in vergelijking met andere boekingsplatforms.<\/p>\n<p><span class=\"markedContent\"><span dir=\"ltr\" role=\"presentation\">&nbsp;<\/span><\/span><\/p>\n<p><\/p>\n<p>Uitrusting: kingsize tweepersoonsbed | air conditioning | grote flatscreen TV | koffiezetapparaat | gratis Wi-Fi | kledingkast | klein bureau | badkamer met douche<\/p>\t\t\t\t\t\t\t\t<\/div>\n\t\t\t\t<\/div>\n\t\t\t\t<div class=\"elementor-element elementor-element-d0405bd elementor-align-center elementor-widget elementor-widget-button\" data-id=\"d0405bd\" data-element_type=\"widget\" data-widget_type=\"button.default\">\n\t\t\t\t<div class=\"elementor-widget-container\">\n\t\t\t\t\t\t\t\t\t<div class=\"elementor-button-wrapper\">\n\t\t\t\t\t<a class=\"elementor-button elementor-button-link elementor-size-lg\" href=\"https:\/\/reservations.cubilis.eu\/hotel-esplanade-diekirch?Language=nl-NL\" target=\"_blank\">\n\t\t\t\t\t\t<span class=\"elementor-button-content-wrapper\">\n\t\t\t\t\t\t\t\t\t<span class=\"elementor-button-text\">BOEK NU<\/span>\n\t\t\t\t\t<\/span>\n\t\t\t\t\t<\/a>\n\t\t\t\t<\/div>\n\t\t\t\t\t\t\t\t<\/div>\n\t\t\t\t<\/div>\n\t\t\t\t\t<\/div>\n\t\t<\/div>\n\t\t\t\t\t<\/div>\n\t\t<\/section>\n\t\t\t\t<section class=\"elementor-section elementor-top-section elementor-element elementor-element-f241aad elementor-section-boxed elementor-section-height-default elementor-section-height-default wpr-particle-no wpr-jarallax-no wpr-parallax-no wpr-sticky-section-no\" data-id=\"f241aad\" data-element_type=\"section\">\n\t\t\t\t\t\t<div class=\"elementor-container elementor-column-gap-default\">\n\t\t\t\t\t<div class=\"elementor-column elementor-col-100 elementor-top-column elementor-element elementor-element-b824a3e\" data-id=\"b824a3e\" data-element_type=\"column\">\n\t\t\t<div class=\"elementor-widget-wrap elementor-element-populated\">\n\t\t\t\t\t\t<div class=\"elementor-element elementor-element-5c21362 elementor-arrows-position-inside elementor-pagination-position-outside elementor-widget elementor-widget-image-carousel\" data-id=\"5c21362\" data-element_type=\"widget\" data-settings=\"{&quot;navigation&quot;:&quot;both&quot;,&quot;autoplay&quot;:&quot;yes&quot;,&quot;pause_on_hover&quot;:&quot;yes&quot;,&quot;pause_on_interaction&quot;:&quot;yes&quot;,&quot;autoplay_speed&quot;:5000,&quot;infinite&quot;:&quot;yes&quot;,&quot;speed&quot;:500}\" data-widget_type=\"image-carousel.default\">\n\t\t\t\t<div class=\"elementor-widget-container\">\n\t\t\t\t\t\t\t<div class=\"elementor-image-carousel-wrapper swiper\" role=\"region\" aria-roledescription=\"carousel\" aria-label=\"Carrousel afbeelding\" dir=\"ltr\">\n\t\t\t<div class=\"elementor-image-carousel swiper-wrapper swiper-image-stretch\" aria-live=\"off\">\n\t\t\t\t\t\t\t\t<div class=\"swiper-slide\" role=\"group\" aria-roledescription=\"slide\" aria-label=\"1 van 10\"><a data-elementor-open-lightbox=\"yes\" data-elementor-lightbox-slideshow=\"5c21362\" data-elementor-lightbox-title=\"chambre-standard-03\" data-e-action-hash=\"#elementor-action%3Aaction%3Dlightbox%26settings%3DeyJpZCI6MTY4LCJ1cmwiOiJodHRwczpcL1wvZXNwbGFuYWRlLWhvdGVsLmx1XC93cC1jb250ZW50XC91cGxvYWRzXC8yMDIyXC8wNlwvY2hhbWJyZS1zdGFuZGFyZC0wMy1zY2FsZWQuanBnIiwic2xpZGVzaG93IjoiNWMyMTM2MiJ9\" href=\"https:\/\/esplanade-hotel.lu\/wp-content\/uploads\/2022\/06\/chambre-standard-03-scaled.jpg\"><figure class=\"swiper-slide-inner\"><img decoding=\"async\" class=\"swiper-slide-image\" src=\"https:\/\/esplanade-hotel.lu\/wp-content\/uploads\/elementor\/thumbs\/chambre-standard-03-scaled-pqyeg39sr0v3twftsi6l89epmh5zjsbspx3lwsrdu8.jpg\" alt=\"chambre-standard-03\" \/><\/figure><\/a><\/div><div class=\"swiper-slide\" role=\"group\" aria-roledescription=\"slide\" aria-label=\"2 van 10\"><a data-elementor-open-lightbox=\"yes\" data-elementor-lightbox-slideshow=\"5c21362\" data-elementor-lightbox-title=\"chambre-standard-04\" data-e-action-hash=\"#elementor-action%3Aaction%3Dlightbox%26settings%3DeyJpZCI6MTY5LCJ1cmwiOiJodHRwczpcL1wvZXNwbGFuYWRlLWhvdGVsLmx1XC93cC1jb250ZW50XC91cGxvYWRzXC8yMDIyXC8wNlwvY2hhbWJyZS1zdGFuZGFyZC0wNC1zY2FsZWQuanBnIiwic2xpZGVzaG93IjoiNWMyMTM2MiJ9\" href=\"https:\/\/esplanade-hotel.lu\/wp-content\/uploads\/2022\/06\/chambre-standard-04-scaled.jpg\"><figure class=\"swiper-slide-inner\"><img decoding=\"async\" class=\"swiper-slide-image\" src=\"https:\/\/esplanade-hotel.lu\/wp-content\/uploads\/elementor\/thumbs\/chambre-standard-04-scaled-pqyegco6nd7z20269m8ux71bkbvnord437mgpkdg40.jpg\" alt=\"chambre-standard-04\" \/><\/figure><\/a><\/div><div class=\"swiper-slide\" role=\"group\" aria-roledescription=\"slide\" aria-label=\"3 van 10\"><a data-elementor-open-lightbox=\"yes\" data-elementor-lightbox-slideshow=\"5c21362\" data-elementor-lightbox-title=\"chambre-standard-08\" data-e-action-hash=\"#elementor-action%3Aaction%3Dlightbox%26settings%3DeyJpZCI6MTc0LCJ1cmwiOiJodHRwczpcL1wvZXNwbGFuYWRlLWhvdGVsLmx1XC93cC1jb250ZW50XC91cGxvYWRzXC8yMDIyXC8wNlwvY2hhbWJyZS1zdGFuZGFyZC0wOC1zY2FsZWQuanBnIiwic2xpZGVzaG93IjoiNWMyMTM2MiJ9\" href=\"https:\/\/esplanade-hotel.lu\/wp-content\/uploads\/2022\/06\/chambre-standard-08-scaled.jpg\"><figure class=\"swiper-slide-inner\"><img decoding=\"async\" class=\"swiper-slide-image\" src=\"https:\/\/esplanade-hotel.lu\/wp-content\/uploads\/elementor\/thumbs\/chambre-standard-08-scaled-pqyehiyx6wtvkgcqemj2jed2ao36b51190zbb0mqc0.jpg\" alt=\"chambre-standard-08\" \/><\/figure><\/a><\/div><div class=\"swiper-slide\" role=\"group\" aria-roledescription=\"slide\" aria-label=\"4 van 10\"><a data-elementor-open-lightbox=\"yes\" data-elementor-lightbox-slideshow=\"5c21362\" data-elementor-lightbox-title=\"coffee-maker-02\" data-e-action-hash=\"#elementor-action%3Aaction%3Dlightbox%26settings%3DeyJpZCI6NTcxLCJ1cmwiOiJodHRwczpcL1wvZXNwbGFuYWRlLWhvdGVsLmx1XC93cC1jb250ZW50XC91cGxvYWRzXC8yMDIyXC8wN1wvY29mZmVlLW1ha2VyLTAyLXNjYWxlZC5qcGciLCJzbGlkZXNob3ciOiI1YzIxMzYyIn0%3D\" href=\"https:\/\/esplanade-hotel.lu\/wp-content\/uploads\/2022\/07\/coffee-maker-02-scaled.jpg\"><figure class=\"swiper-slide-inner\"><img decoding=\"async\" class=\"swiper-slide-image\" src=\"https:\/\/esplanade-hotel.lu\/wp-content\/uploads\/elementor\/thumbs\/coffee-maker-02-scaled-pr4ld7wabunr9zhqoesoa5bzhubv5tj4qm87lhtm8g.jpg\" alt=\"coffee-maker-02\" \/><\/figure><\/a><\/div><div class=\"swiper-slide\" role=\"group\" aria-roledescription=\"slide\" aria-label=\"5 van 10\"><a data-elementor-open-lightbox=\"yes\" data-elementor-lightbox-slideshow=\"5c21362\" data-elementor-lightbox-title=\"in-room-drinks\" data-e-action-hash=\"#elementor-action%3Aaction%3Dlightbox%26settings%3DeyJpZCI6NTcwLCJ1cmwiOiJodHRwczpcL1wvZXNwbGFuYWRlLWhvdGVsLmx1XC93cC1jb250ZW50XC91cGxvYWRzXC8yMDIyXC8wN1wvaW4tcm9vbS1kcmlua3Mtc2NhbGVkLmpwZyIsInNsaWRlc2hvdyI6IjVjMjEzNjIifQ%3D%3D\" href=\"https:\/\/esplanade-hotel.lu\/wp-content\/uploads\/2022\/07\/in-room-drinks-scaled.jpg\"><figure class=\"swiper-slide-inner\"><img decoding=\"async\" class=\"swiper-slide-image\" src=\"https:\/\/esplanade-hotel.lu\/wp-content\/uploads\/elementor\/thumbs\/in-room-drinks-scaled-pr4ld2996ug1cbpxlccwv6r7xj3nvmwqpubapu1z9s.jpg\" alt=\"in-room-drinks\" \/><\/figure><\/a><\/div><div class=\"swiper-slide\" role=\"group\" aria-roledescription=\"slide\" aria-label=\"6 van 10\"><a data-elementor-open-lightbox=\"yes\" data-elementor-lightbox-slideshow=\"5c21362\" data-elementor-lightbox-title=\"chambre-standard-06\" data-e-action-hash=\"#elementor-action%3Aaction%3Dlightbox%26settings%3DeyJpZCI6MTcyLCJ1cmwiOiJodHRwczpcL1wvZXNwbGFuYWRlLWhvdGVsLmx1XC93cC1jb250ZW50XC91cGxvYWRzXC8yMDIyXC8wNlwvY2hhbWJyZS1zdGFuZGFyZC0wNi1zY2FsZWQuanBnIiwic2xpZGVzaG93IjoiNWMyMTM2MiJ9\" href=\"https:\/\/esplanade-hotel.lu\/wp-content\/uploads\/2022\/06\/chambre-standard-06-scaled.jpg\"><figure class=\"swiper-slide-inner\"><img decoding=\"async\" class=\"swiper-slide-image\" src=\"https:\/\/esplanade-hotel.lu\/wp-content\/uploads\/elementor\/thumbs\/chambre-standard-06-scaled-pqyegvgyg1xpi7av7udeb2ajg1azypfqtso6b3lknk.jpg\" alt=\"chambre-standard-06\" \/><\/figure><\/a><\/div><div class=\"swiper-slide\" role=\"group\" aria-roledescription=\"slide\" aria-label=\"7 van 10\"><a data-elementor-open-lightbox=\"yes\" data-elementor-lightbox-slideshow=\"5c21362\" data-elementor-lightbox-title=\"chambre-standard-02\" data-e-action-hash=\"#elementor-action%3Aaction%3Dlightbox%26settings%3DeyJpZCI6MTY3LCJ1cmwiOiJodHRwczpcL1wvZXNwbGFuYWRlLWhvdGVsLmx1XC93cC1jb250ZW50XC91cGxvYWRzXC8yMDIyXC8wNlwvY2hhbWJyZS1zdGFuZGFyZC0wMi1zY2FsZWQuanBnIiwic2xpZGVzaG93IjoiNWMyMTM2MiJ9\" href=\"https:\/\/esplanade-hotel.lu\/wp-content\/uploads\/2022\/06\/chambre-standard-02-scaled.jpg\"><figure class=\"swiper-slide-inner\"><img decoding=\"async\" class=\"swiper-slide-image\" src=\"https:\/\/esplanade-hotel.lu\/wp-content\/uploads\/elementor\/thumbs\/chambre-standard-02-scaled-pqyefsxknugya6uugvpoyu0n38ky746r0hx9mr6pqo.jpg\" alt=\"chambre-standard-02\" \/><\/figure><\/a><\/div><div class=\"swiper-slide\" role=\"group\" aria-roledescription=\"slide\" aria-label=\"8 van 10\"><a data-elementor-open-lightbox=\"yes\" data-elementor-lightbox-slideshow=\"5c21362\" data-elementor-lightbox-title=\"chambre-standard-01\" data-e-action-hash=\"#elementor-action%3Aaction%3Dlightbox%26settings%3DeyJpZCI6MTY2LCJ1cmwiOiJodHRwczpcL1wvZXNwbGFuYWRlLWhvdGVsLmx1XC93cC1jb250ZW50XC91cGxvYWRzXC8yMDIyXC8wNlwvY2hhbWJyZS1zdGFuZGFyZC0wMS1zY2FsZWQuanBnIiwic2xpZGVzaG93IjoiNWMyMTM2MiJ9\" href=\"https:\/\/esplanade-hotel.lu\/wp-content\/uploads\/2022\/06\/chambre-standard-01-scaled.jpg\"><figure class=\"swiper-slide-inner\"><img decoding=\"async\" class=\"swiper-slide-image\" src=\"https:\/\/esplanade-hotel.lu\/wp-content\/uploads\/elementor\/thumbs\/chambre-standard-01-scaled-pqyefhnidu1ievb8aqu64wv3ym4jmqxyyy3fvfnftc.jpg\" alt=\"chambre-standard-01\" \/><\/figure><\/a><\/div><div class=\"swiper-slide\" role=\"group\" aria-roledescription=\"slide\" aria-label=\"9 van 10\"><a data-elementor-open-lightbox=\"yes\" data-elementor-lightbox-slideshow=\"5c21362\" data-elementor-lightbox-title=\"chambre-confort-03\" data-e-action-hash=\"#elementor-action%3Aaction%3Dlightbox%26settings%3DeyJpZCI6MjU1LCJ1cmwiOiJodHRwczpcL1wvZXNwbGFuYWRlLWhvdGVsLmx1XC93cC1jb250ZW50XC91cGxvYWRzXC8yMDIyXC8wNlwvY2hhbWJyZS1jb25mb3J0LTAzLXNjYWxlZC5qcGciLCJzbGlkZXNob3ciOiI1YzIxMzYyIn0%3D\" href=\"https:\/\/esplanade-hotel.lu\/wp-content\/uploads\/2022\/06\/chambre-confort-03-scaled.jpg\"><figure class=\"swiper-slide-inner\"><img decoding=\"async\" class=\"swiper-slide-image\" src=\"https:\/\/esplanade-hotel.lu\/wp-content\/uploads\/elementor\/thumbs\/chambre-confort-03-scaled-pr069hiysjtqf9cdm2ezz0ruavldvltw8z1xkkdzv4.jpg\" alt=\"chambre-confort-03\" \/><\/figure><\/a><\/div><div class=\"swiper-slide\" role=\"group\" aria-roledescription=\"slide\" aria-label=\"10 van 10\"><a data-elementor-open-lightbox=\"yes\" data-elementor-lightbox-slideshow=\"5c21362\" data-elementor-lightbox-title=\"chambre-confort-13\" data-e-action-hash=\"#elementor-action%3Aaction%3Dlightbox%26settings%3DeyJpZCI6MjY1LCJ1cmwiOiJodHRwczpcL1wvZXNwbGFuYWRlLWhvdGVsLmx1XC93cC1jb250ZW50XC91cGxvYWRzXC8yMDIyXC8wNlwvY2hhbWJyZS1jb25mb3J0LTEzLXNjYWxlZC5qcGciLCJzbGlkZXNob3ciOiI1YzIxMzYyIn0%3D\" href=\"https:\/\/esplanade-hotel.lu\/wp-content\/uploads\/2022\/06\/chambre-confort-13-scaled.jpg\"><figure class=\"swiper-slide-inner\"><img decoding=\"async\" class=\"swiper-slide-image\" src=\"https:\/\/esplanade-hotel.lu\/wp-content\/uploads\/elementor\/thumbs\/chambre-confort-13-scaled-pr06aqn7wljhwjiualx3apdytdf052t0f6d8luj3kg.jpg\" alt=\"chambre-confort-13\" \/><\/figure><\/a><\/div>\t\t\t<\/div>\n\t\t\t\t\t\t\t\t\t\t\t\t<div class=\"elementor-swiper-button elementor-swiper-button-prev\" role=\"button\" tabindex=\"0\">\n\t\t\t\t\t\t<i aria-hidden=\"true\" class=\"eicon-chevron-left\"><\/i>\t\t\t\t\t<\/div>\n\t\t\t\t\t<div class=\"elementor-swiper-button elementor-swiper-button-next\" role=\"button\" tabindex=\"0\">\n\t\t\t\t\t\t<i aria-hidden=\"true\" class=\"eicon-chevron-right\"><\/i>\t\t\t\t\t<\/div>\n\t\t\t\t\n\t\t\t\t\t\t\t\t\t<div class=\"swiper-pagination\"><\/div>\n\t\t\t\t\t\t\t\t\t<\/div>\n\t\t\t\t\t\t<\/div>\n\t\t\t\t<\/div>\n\t\t\t\t\t<\/div>\n\t\t<\/div>\n\t\t\t\t\t<\/div>\n\t\t<\/section>\n\t\t\t\t<\/div>","protected":false},"excerpt":{"rendered":"<p>Les Chambres Doubles au design rustique en bois offrent un grand lit double et une salle de bain moderne avec douche pour un s\u00e9jour confortable et ressour\u00e7ant lorsque vous&nbsp;cherchez un h\u00f4tel pour s\u00e9journer \u00e0 Diekirch. Si vous \u00eates en d\u00e9placement professionnel \u00e0 Dierkich, vous pouvez utiliser notre petit bureau&nbsp;et le caf\u00e9 inclus pendant votre s\u00e9jour d&rsquo;affaires. R\u00e9servez notre charmante chambre double pour votre s\u00e9jour \u00e0 Dierkich \u00e0 un prix exceptionnel&nbsp;sur notre site web et profitez du meilleur prix disponible en ligne en comparaison avec les&nbsp;autres plateformes de r\u00e9servation. &nbsp; \u00c9quipement : grand lit double | climatisation | grand t\u00e9l\u00e9viseur \u00e0 \u00e9cran plat | cafeti\u00e8re | Wi-Fi gratuit | armoire | petit bureau | salle de bain avec douche R\u00c9SERVER MAINTENANT Previous Next [&#8230;]<\/p>\n<p><a class=\"btn btn-secondary understrap-read-more-link\" href=\"https:\/\/esplanade-hotel.lu\/nl\/chambres\/chambre-double\/\">Read More&#8230;<span class=\"screen-reader-text\"> from Chambre Double<\/span><\/a><\/p>","protected":false},"author":1,"featured_media":0,"parent":41,"menu_order":0,"comment_status":"closed","ping_status":"closed","template":"elementor_header_footer","meta":{"inline_featured_image":false,"footnotes":""},"class_list":["post-121","page","type-page","status-publish","hentry"],"acf":[],"_links":{"self":[{"href":"https:\/\/esplanade-hotel.lu\/nl\/wp-json\/wp\/v2\/pages\/121","targetHints":{"allow":["GET"]}}],"collection":[{"href":"https:\/\/esplanade-hotel.lu\/nl\/wp-json\/wp\/v2\/pages"}],"about":[{"href":"https:\/\/esplanade-hotel.lu\/nl\/wp-json\/wp\/v2\/types\/page"}],"author":[{"embeddable":true,"href":"https:\/\/esplanade-hotel.lu\/nl\/wp-json\/wp\/v2\/users\/1"}],"replies":[{"embeddable":true,"href":"https:\/\/esplanade-hotel.lu\/nl\/wp-json\/wp\/v2\/comments?post=121"}],"version-history":[{"count":62,"href":"https:\/\/esplanade-hotel.lu\/nl\/wp-json\/wp\/v2\/pages\/121\/revisions"}],"predecessor-version":[{"id":1404,"href":"https:\/\/esplanade-hotel.lu\/nl\/wp-json\/wp\/v2\/pages\/121\/revisions\/1404"}],"up":[{"embeddable":true,"href":"https:\/\/esplanade-hotel.lu\/nl\/wp-json\/wp\/v2\/pages\/41"}],"wp:attachment":[{"href":"https:\/\/esplanade-hotel.lu\/nl\/wp-json\/wp\/v2\/media?parent=121"}],"curies":[{"name":"wp","href":"https:\/\/api.w.org\/{rel}","templated":true}]}}