{"id":636,"date":"2022-07-06T13:30:06","date_gmt":"2022-07-06T13:30:06","guid":{"rendered":"http:\/\/irfuucl.cluster030.hosting.ovh.net\/?page_id=636"},"modified":"2023-01-06T14:20:06","modified_gmt":"2023-01-06T14:20:06","slug":"impressum","status":"publish","type":"page","link":"https:\/\/esplanade-hotel.lu\/en\/impressum\/","title":{"rendered":"Impressum"},"content":{"rendered":"<div data-elementor-type=\"wp-page\" data-elementor-id=\"636\" class=\"elementor elementor-636\">\n\t\t\t\t\t\t<section class=\"elementor-section elementor-top-section elementor-element elementor-element-f2fc260 elementor-section-boxed elementor-section-height-default elementor-section-height-default wpr-particle-no wpr-jarallax-no wpr-parallax-no wpr-sticky-section-no\" data-id=\"f2fc260\" data-element_type=\"section\">\n\t\t\t\t\t\t<div class=\"elementor-container elementor-column-gap-default\">\n\t\t\t\t\t<div class=\"elementor-column elementor-col-100 elementor-top-column elementor-element elementor-element-3ff2133\" data-id=\"3ff2133\" data-element_type=\"column\">\n\t\t\t<div class=\"elementor-widget-wrap elementor-element-populated\">\n\t\t\t\t\t\t<div class=\"elementor-element elementor-element-20072fd elementor-widget elementor-widget-heading\" data-id=\"20072fd\" data-element_type=\"widget\" data-widget_type=\"heading.default\">\n\t\t\t\t<div class=\"elementor-widget-container\">\n\t\t\t\t\t<h1 class=\"elementor-heading-title elementor-size-default\">Impressum<\/h1>\t\t\t\t<\/div>\n\t\t\t\t<\/div>\n\t\t\t\t\t<\/div>\n\t\t<\/div>\n\t\t\t\t\t<\/div>\n\t\t<\/section>\n\t\t\t\t<section class=\"elementor-section elementor-top-section elementor-element elementor-element-776738d elementor-section-boxed elementor-section-height-default elementor-section-height-default wpr-particle-no wpr-jarallax-no wpr-parallax-no wpr-sticky-section-no\" data-id=\"776738d\" data-element_type=\"section\">\n\t\t\t\t\t\t<div class=\"elementor-container elementor-column-gap-default\">\n\t\t\t\t\t<div class=\"elementor-column elementor-col-100 elementor-top-column elementor-element elementor-element-935c176\" data-id=\"935c176\" data-element_type=\"column\">\n\t\t\t<div class=\"elementor-widget-wrap elementor-element-populated\">\n\t\t\t\t\t\t<div class=\"elementor-element elementor-element-85b205f elementor-widget elementor-widget-text-editor\" data-id=\"85b205f\" data-element_type=\"widget\" data-widget_type=\"text-editor.default\">\n\t\t\t\t<div class=\"elementor-widget-container\">\n\t\t\t\t\t\t\t\t\t<h4>Company:<\/h4><p>Esplanade Hotel<\/p><p>Frederic Frey\u00a0\u00a0\u00a0\u00a0<\/p><p><a href=\"https:\/\/goo.gl\/maps\/hdQqt315yZ7ym7fz8\" target=\"_blank\" rel=\"noopener\">12 Esplanade, 9227 Diekirch<\/a><\/p><h4>Contact:<\/h4><p>Telephone: <a href=\"tel:+352 26 80 47 15\">+352 26 80 47 15<\/a><\/p><p>E-mail: <a href=\"mailto:contact@hotel-esplanade.lu\">contact@hotel-esplanade.lu<\/a><\/p><p>Website: <a href=\"https:\/\/esplanade-hotel.lu\/en\/\" target=\"_blank\" rel=\"noopener\">www.esplanade-hotel.lu<\/a><\/p><h4>Disclaimer:<\/h4><h4>Liability for content:<\/h4><p>The contents of our pages were created with great care. However, we can not guarantee for the accuracy, completeness and currentness of the content. As a service provider, we are responsible for our own content on these pages according to the general laws. However, we are not obligated to monitor transmitted or stored third-party information or to investigate circumstances that indicate illegal activity. Obligations to remove or block the use of information under general law remain unaffected. However, liability in this regard is only possible from the moment of knowledge of a specific infringement. Upon notification of appropriate violations, we will remove this content immediately.<\/p><p>Our website was created in collaboration with RegiOtels, a company that helps small and medium-sized independent hotels in terms of Digital Marketing, Revenue Management, and Sales &amp; Marketing. If you\u2019d like to know more about their services, please visit their website (<a href=\"http:\/\/regiotels.com\" target=\"_blank\" rel=\"noopener\">regiotels.com<\/a>) or get in touch with them directly via the following email address: <a href=\"mailto:info@regiotels.com\">info@regiotels.com<\/a>.<\/p><h4>Liability for links:<\/h4><p>Our website contains links to external websites of third parties on whose contents we have no influence. Therefore we cannot assume any liability for these external contents. The content of the linked pages is always the responsibility of the respective provider or operator of the pages. The linked pages were checked for possible legal violations at the time of linking. Illegal content was not recognizable at the time of linking. However, a permanent content control of the linked pages is not reasonable without concrete evidence of a violation of law. Upon notification of violations, we will remove such links immediately.<\/p><h4>Copyright:<\/h4><p>The contents and works on these pages created by the site operators are subject to the Luxembourg copyright. The duplication, processing, distribution and any kind of exploitation outside the limits of copyright require the written consent of the respective author or creator. Downloads and copies of this page and the contents are not permitted. As far as the contents on this site were not created by the operator, the copyrights of third parties are considered. In particular contents of third parties are marked as such. Should you still be aware of a copyright infringement, we ask for a note. Upon notification of violations, we will remove such content immediately.<\/p><h4>Liability for photos:<\/h4><p>All pictures on this website were either taken by a professional photographer commissioned by RegiOtels or were taken by the hotel staff itself. If there are any questions about the images\u2019 licensing or the like, we kindly ask you to get in touch with RegiOtels under the following email address: info@regiotels.com.<\/p><h4>Privacy Policy:<\/h4><p>To learn more about our privacy policy, please visit our <a href=\"http:\/\/irfuucl.cluster030.hosting.ovh.net\/politique-de-confidentialite\/\">privacy policy page<\/a>.<\/p>\t\t\t\t\t\t\t\t<\/div>\n\t\t\t\t<\/div>\n\t\t\t\t\t<\/div>\n\t\t<\/div>\n\t\t\t\t\t<\/div>\n\t\t<\/section>\n\t\t\t\t<\/div>","protected":false},"excerpt":{"rendered":"<p>Impressum Soci\u00e9t\u00e9: Esplanade H\u00f4tel Frederic Frey\u00a0\u00a0\u00a0\u00a0 12 Esplanade, 9227 Diekirch Contact: T\u00e9l\u00e9phone: +352 26 80 47 15 E-mail: contact@hotel-esplanade.lu Site Web: www.esplanade-hotel.lu Avertissement: Responsabilit\u00e9 pour le contenu: Le contenu de nos pages a \u00e9t\u00e9 cr\u00e9\u00e9 avec le plus grand soin. Cependant, nous ne pouvons pas garantir l&rsquo;exactitude, la compl\u00e9tude et l&rsquo;actualit\u00e9 du contenu. En tant que fournisseur de services, nous sommes responsables de notre propre contenu sur ces pages conform\u00e9ment aux lois g\u00e9n\u00e9rales. Cependant, nous ne sommes pas oblig\u00e9s de surveiller les informations tierces transmises ou stock\u00e9es ni d&rsquo;enqu\u00eater sur des circonstances indiquant une activit\u00e9 ill\u00e9gale. Les obligations de supprimer ou de bloquer l&rsquo;utilisation d&rsquo;informations en vertu du droit g\u00e9n\u00e9ral restent inchang\u00e9es. Cependant, la responsabilit\u00e9 \u00e0 cet \u00e9gard n\u2019est possible qu\u2019\u00e0 partir du moment o\u00f9 une infraction sp\u00e9cifique est connue. D\u00e8s notification des violations appropri\u00e9es, nous supprimerons ce contenu imm\u00e9diatement. Notre site Web a \u00e9t\u00e9 cr\u00e9\u00e9 en collaboration avec RegiOtels, une entreprise qui aide les petits et moyens h\u00f4tels ind\u00e9pendants en mati\u00e8re de marketing num\u00e9rique, de gestion des revenus et de vente et marketing. Si vous souhaitez en savoir plus sur leurs services, veuillez visiter leur site web (regiotels.com) ou contactez-les directement via l&rsquo;adresse e-mail suivante: info@regiotels.com. Responsabilit\u00e9 pour les liens: Notre site Web contient des liens vers des sites Web externes de tiers sur le contenu desquels nous n&rsquo;avons aucune influence. Par cons\u00e9quent, nous ne pouvons assumer aucune responsabilit\u00e9 pour ces contenus externes. Le contenu des pages li\u00e9es est toujours la responsabilit\u00e9 du fournisseur ou de l&rsquo;op\u00e9rateur des pages. Les pages li\u00e9es ont \u00e9t\u00e9 v\u00e9rifi\u00e9es pour d\u00e9tecter d&rsquo;\u00e9ventuelles violations de la loi au moment de la liaison. Le contenu ill\u00e9gal n&rsquo;\u00e9tait pas reconnaissable au moment de la cr\u00e9ation du lien. Toutefois, un contr\u00f4le permanent du contenu des pages li\u00e9es n\u2019est pas raisonnable sans preuves concr\u00e8tes d\u2019une violation du droit. Lors de la notification des violations, nous supprimerons ces liens imm\u00e9diatement. Droits d&rsquo;auteur: Le contenu et les travaux sur ces pages cr\u00e9\u00e9s par les exploitants du site sont soumis au droit d&rsquo;auteur luxembourgeois. La duplication, le traitement, la distribution et toute forme d&rsquo;exploitation en dehors des limites du droit d&rsquo;auteur n\u00e9cessitent le consentement \u00e9crit de l&rsquo;auteur ou du cr\u00e9ateur concern\u00e9. Les t\u00e9l\u00e9chargements et les copies de cette page et de leur contenu ne sont pas autoris\u00e9s. Dans la mesure o\u00f9 le contenu de ce c\u00f4t\u00e9 n&rsquo;a pas \u00e9t\u00e9 cr\u00e9\u00e9 par l&rsquo;op\u00e9rateur, les droits d&rsquo;auteur de tiers sont pris en compte. Les contenus de tiers sont notamment marqu\u00e9s comme tels. Si vous \u00eates toujours au courant d&rsquo;une violation du droit d&rsquo;auteur, nous vous demanderons une note. Lors de la notification des violations, nous supprimerons ce contenu imm\u00e9diatement. Responsabilit\u00e9 pour les photos: Toutes les photos de ce site Web ont \u00e9t\u00e9 prises par un photographe professionnel mandat\u00e9 par RegiOtels ou prises par le personnel de l&rsquo;h\u00f4tel lui-m\u00eame. Si vous avez des questions sur l\u2019octroi de licence d\u2019image ou autre, nous vous prions de contacter RegiOtels \u00e0 l\u2019adresse \u00e9lectronique suivante: info@regiotels.com. Politique de confidentialit\u00e9: Pour en savoir plus sur notre politique de confidentialit\u00e9, veuillez visiter notre page de politique de confidentialit\u00e9. [&#8230;]<\/p>\n<p><a class=\"btn btn-secondary understrap-read-more-link\" href=\"https:\/\/esplanade-hotel.lu\/en\/impressum\/\">Read More&#8230;<span class=\"screen-reader-text\"> from Impressum<\/span><\/a><\/p>","protected":false},"author":1,"featured_media":0,"parent":0,"menu_order":0,"comment_status":"closed","ping_status":"closed","template":"elementor_header_footer","meta":{"inline_featured_image":false,"footnotes":""},"class_list":["post-636","page","type-page","status-publish","hentry"],"acf":[],"_links":{"self":[{"href":"https:\/\/esplanade-hotel.lu\/en\/wp-json\/wp\/v2\/pages\/636","targetHints":{"allow":["GET"]}}],"collection":[{"href":"https:\/\/esplanade-hotel.lu\/en\/wp-json\/wp\/v2\/pages"}],"about":[{"href":"https:\/\/esplanade-hotel.lu\/en\/wp-json\/wp\/v2\/types\/page"}],"author":[{"embeddable":true,"href":"https:\/\/esplanade-hotel.lu\/en\/wp-json\/wp\/v2\/users\/1"}],"replies":[{"embeddable":true,"href":"https:\/\/esplanade-hotel.lu\/en\/wp-json\/wp\/v2\/comments?post=636"}],"version-history":[{"count":16,"href":"https:\/\/esplanade-hotel.lu\/en\/wp-json\/wp\/v2\/pages\/636\/revisions"}],"predecessor-version":[{"id":1419,"href":"https:\/\/esplanade-hotel.lu\/en\/wp-json\/wp\/v2\/pages\/636\/revisions\/1419"}],"wp:attachment":[{"href":"https:\/\/esplanade-hotel.lu\/en\/wp-json\/wp\/v2\/media?parent=636"}],"curies":[{"name":"wp","href":"https:\/\/api.w.org\/{rel}","templated":true}]}}