{"id":630,"date":"2022-07-06T13:23:22","date_gmt":"2022-07-06T13:23:22","guid":{"rendered":"http:\/\/irfuucl.cluster030.hosting.ovh.net\/?page_id=630"},"modified":"2023-01-06T14:20:33","modified_gmt":"2023-01-06T14:20:33","slug":"politique-de-confidentialite","status":"publish","type":"page","link":"https:\/\/esplanade-hotel.lu\/en\/politique-de-confidentialite\/","title":{"rendered":"Privacy Policy"},"content":{"rendered":"<div data-elementor-type=\"wp-page\" data-elementor-id=\"630\" class=\"elementor elementor-630\">\n\t\t\t\t\t\t<section class=\"elementor-section elementor-top-section elementor-element elementor-element-b2c46d4 elementor-section-boxed elementor-section-height-default elementor-section-height-default wpr-particle-no wpr-jarallax-no wpr-parallax-no wpr-sticky-section-no\" data-id=\"b2c46d4\" data-element_type=\"section\">\n\t\t\t\t\t\t<div class=\"elementor-container elementor-column-gap-default\">\n\t\t\t\t\t<div class=\"elementor-column elementor-col-100 elementor-top-column elementor-element elementor-element-32bb90c\" data-id=\"32bb90c\" data-element_type=\"column\">\n\t\t\t<div class=\"elementor-widget-wrap elementor-element-populated\">\n\t\t\t\t\t\t<div class=\"elementor-element elementor-element-2012554 elementor-widget elementor-widget-heading\" data-id=\"2012554\" data-element_type=\"widget\" data-widget_type=\"heading.default\">\n\t\t\t\t<div class=\"elementor-widget-container\">\n\t\t\t\t\t<h1 class=\"elementor-heading-title elementor-size-default\">Privacy Policy<\/h1>\t\t\t\t<\/div>\n\t\t\t\t<\/div>\n\t\t\t\t\t<\/div>\n\t\t<\/div>\n\t\t\t\t\t<\/div>\n\t\t<\/section>\n\t\t\t\t<section class=\"elementor-section elementor-top-section elementor-element elementor-element-e46f7eb elementor-section-boxed elementor-section-height-default elementor-section-height-default wpr-particle-no wpr-jarallax-no wpr-parallax-no wpr-sticky-section-no\" data-id=\"e46f7eb\" data-element_type=\"section\">\n\t\t\t\t\t\t<div class=\"elementor-container elementor-column-gap-default\">\n\t\t\t\t\t<div class=\"elementor-column elementor-col-100 elementor-top-column elementor-element elementor-element-dce9c94\" data-id=\"dce9c94\" data-element_type=\"column\">\n\t\t\t<div class=\"elementor-widget-wrap elementor-element-populated\">\n\t\t\t\t\t\t<div class=\"elementor-element elementor-element-4315104 elementor-widget elementor-widget-text-editor\" data-id=\"4315104\" data-element_type=\"widget\" data-widget_type=\"text-editor.default\">\n\t\t\t\t<div class=\"elementor-widget-container\">\n\t\t\t\t\t\t\t\t\t<p>Esplanade Hotel aims to be fully GDPR compliant. We collect cookie information about our visitors for a few reasons:<\/p><ul><li>Statistical purposes to track how many users we have and how often you visit our website<\/li><li>Collection of information to monitor behavior on the site and improve our services<\/li><\/ul><p>We do not monitor individual traffic patterns on our site and we will do our utmost to respect your privacy.<\/p><h4>Collecting of information<\/h4><p>We do collect information on our users through Google Analytics, and when you sign up for our newsletter. If you have signed up for our newsletter in the past or future, or given us your email address because of something else, we will not sell or pass on your details to any other company.<\/p><h4>How do we protect your information?<\/h4><p>Your personal information is contained behind secured networks and is only accessible by a limited number of persons who have special access rights to such systems, and are required to keep the information confidential. In addition, all information you supply is encrypted via Secure Socket Layer (SSL) technology. We implement a variety of security measures when a user enters, submits, or accesses their information to maintain the safety of your personal information. However, no online data transmission can be guaranteed to be 100% secure.<\/p><h4>What is a cookie?<\/h4><p>A cookie is a small text file with data stored by your browser on your computer. If you visit the website another time, a cookie will make sure that your browser is recognized. For example, your settings for log-ins can be preserved, or the website shows information that may be of interest to you more clearly. Cookies can also be used for statistical purposes. Cookies are always anonymous and your personal information will not be known until you leave it.<\/p><h4>Third Parties<\/h4><p>Third party advertisers such as Google Analytics, Facebook Pixels or Sendinblue will generate statistical cookies to track advertising impressions and conversions. The use of cookies by third parties is subject to those companies\u2019 own privacy and cookie policies. For more on Google\u2019s privacy policy, follow the link. Here is also a Chrome extension which Google developed to be able to opt out of their Analytics program: tools.google.com\/dlpage\/gaoptout?hl=en.<\/p><h4>How to opt out?<\/h4><p>Readers can opt out from online behavioral advertising using the following methods: Use the Online Choices opt-out tool provided at www.youronlinechoices.com\/opt-out. Change your computer\u2019s browser settings to block, delete, and\/or control the use of all third-party cookies. Refer to your computer\u2019s web browser\u2019s documentation for more information.<\/p><h4>Social Media<\/h4><p>On the Esplanade Hotel website, you can share information via social media, via the available social media buttons. The relevant social media can place cookies via these buttons. We have no influence on the use of these cookies by these parties. They are responsible for the use and provision of data obtained in this way. The privacy policy and the general terms and conditions of the social media platforms involved apply to this use.<\/p><h4>Questions<\/h4><p>If you have questions about our privacy statement or the use of your information, you can get in touch with us directly via the following email address: <a href=\"mailto:contact@hotel-esplanade.lu\">contact@hotel-esplanade.lu<\/a>.<\/p>\t\t\t\t\t\t\t\t<\/div>\n\t\t\t\t<\/div>\n\t\t\t\t\t<\/div>\n\t\t<\/div>\n\t\t\t\t\t<\/div>\n\t\t<\/section>\n\t\t\t\t<\/div>","protected":false},"excerpt":{"rendered":"<p>Politique de confidentialit\u00e9 L\u2019Esplanade H\u00f4tel a pour objectif de se conformer pleinement aux exigences du GDPR. Nous recueillons des informations sur les cookies de nos visiteurs pour plusieurs raisons: Des fins statistiques pour suivre le nombre d&rsquo;utilisateurs que nous avons et combien de fois vous visitez notre site Web Collecte d&rsquo;informations pour surveiller le comportement sur le site et am\u00e9liorer nos services Nous ne surveillons pas les flux de trafic individuels sur notre site et nous ferons tout notre possible pour respecter votre vie priv\u00e9e. Collecte d&rsquo;informations Nous collectons des informations sur nos utilisateurs via Google Analytics et lorsque vous vous inscrivez \u00e0 notre newsletter. Si vous vous \u00eates inscrit \u00e0 notre newsletter dans le pass\u00e9 ou dans l&rsquo;avenir, ou si vous nous avez fourni votre adresse e-mail pour une autre raison, nous ne vendrons ni ne communiquerons vos coordonn\u00e9es \u00e0 une autre soci\u00e9t\u00e9. Comment prot\u00e9geons-nous vos informations? Vos informations personnelles sont contenues dans des r\u00e9seaux s\u00e9curis\u00e9s et ne sont accessibles que par un nombre limit\u00e9 de personnes qui disposent de droits d&rsquo;acc\u00e8s sp\u00e9ciaux \u00e0 de tels syst\u00e8mes et qui sont tenues de pr\u00e9server la confidentialit\u00e9 de ces informations. En outre, toutes les informations que vous fournissez sont crypt\u00e9es via la technologie Secure Socket Layer (SSL). Nous mettons en \u0153uvre diverses mesures de s\u00e9curit\u00e9 lorsqu&rsquo;un utilisateur entre, soumet ou acc\u00e8de \u00e0 ses informations pour pr\u00e9server la s\u00e9curit\u00e9 de vos informations personnelles. Cependant, aucune transmission de donn\u00e9es en ligne ne peut \u00eatre garantie \u00e0 100%. Qu&rsquo;est-ce qu&rsquo;un cookie? Un cookie est un petit fichier texte contenant les donn\u00e9es stock\u00e9es par votre navigateur sur votre ordinateur. Si vous visitez le site une autre fois, un cookie assurera la reconnaissance de votre navigateur. Par exemple, vos param\u00e8tres de connexion peuvent \u00eatre conserv\u00e9s ou le site Web affiche des informations susceptibles de vous int\u00e9resser plus clairement. Les cookies peuvent \u00e9galement \u00eatre utilis\u00e9s \u00e0 des fins statistiques. Les cookies sont toujours anonymes et vos informations personnelles ne seront pas connues avant que vous ne les quittiez. Les tiers Les annonceurs tiers tels que Google Analytics, Facebook Pixels ou Sendinblue g\u00e9n\u00e9reront des cookies statistiques afin de suivre les impressions et les conversions publicitaires. L&rsquo;utilisation de cookies par des tiers est soumise aux politiques de confidentialit\u00e9 et de cookies de ces soci\u00e9t\u00e9s. Pour plus d&rsquo;informations sur la politique de confidentialit\u00e9 de Google, suivez le lien. Voici \u00e9galement une extension Chrome d\u00e9velopp\u00e9e par Google pour pouvoir d\u00e9sactiver son programme Analytics: tools.google.com\/dlpage\/gaoptout?hl=en. Comment se retirer? Les lecteurs peuvent choisir de ne pas participer \u00e0 la publicit\u00e9 comportementale en ligne en utilisant les m\u00e9thodes suivantes: Utilisez l\u2019outil de d\u00e9sactivation de Choix en ligne fourni \u00e0 l\u2019adresse www.youronlinechoices.com\/opt-out. Modifiez les param\u00e8tres du navigateur de votre ordinateur pour bloquer, supprimer et\/ou contr\u00f4ler l\u2019utilisation de tous les cookies tiers. Reportez-vous \u00e0 la documentation du navigateur Web de votre ordinateur pour plus d&rsquo;informations. Des m\u00e9dias sociaux Sur le site Web Esplanade, vous pouvez partager des informations via les m\u00e9dias sociaux, via les boutons de m\u00e9dias sociaux disponibles. Les m\u00e9dias sociaux concern\u00e9s peuvent placer des cookies via ces boutons. Nous n&rsquo;avons aucune influence sur l&rsquo;utilisation de ces cookies par ces parties. Ils sont responsables de l&rsquo;utilisation et de la fourniture des donn\u00e9es ainsi obtenues. La politique de confidentialit\u00e9 et les conditions g\u00e9n\u00e9rales des plateformes de m\u00e9dias sociaux impliqu\u00e9es s&rsquo;appliquent \u00e0 cette utilisation. Des questions Si vous avez des questions sur notre d\u00e9claration de confidentialit\u00e9 ou sur l&rsquo;utilisation de vos informations, vous pouvez nous contacter directement via l&rsquo;adresse \u00e9lectronique suivante: contact@hotel-esplanade.lu. [&#8230;]<\/p>\n<p><a class=\"btn btn-secondary understrap-read-more-link\" href=\"https:\/\/esplanade-hotel.lu\/en\/politique-de-confidentialite\/\">Read More&#8230;<span class=\"screen-reader-text\"> from Politique de confidentialit\u00e9<\/span><\/a><\/p>","protected":false},"author":1,"featured_media":0,"parent":0,"menu_order":0,"comment_status":"closed","ping_status":"closed","template":"elementor_header_footer","meta":{"inline_featured_image":false,"footnotes":""},"class_list":["post-630","page","type-page","status-publish","hentry"],"acf":[],"_links":{"self":[{"href":"https:\/\/esplanade-hotel.lu\/en\/wp-json\/wp\/v2\/pages\/630","targetHints":{"allow":["GET"]}}],"collection":[{"href":"https:\/\/esplanade-hotel.lu\/en\/wp-json\/wp\/v2\/pages"}],"about":[{"href":"https:\/\/esplanade-hotel.lu\/en\/wp-json\/wp\/v2\/types\/page"}],"author":[{"embeddable":true,"href":"https:\/\/esplanade-hotel.lu\/en\/wp-json\/wp\/v2\/users\/1"}],"replies":[{"embeddable":true,"href":"https:\/\/esplanade-hotel.lu\/en\/wp-json\/wp\/v2\/comments?post=630"}],"version-history":[{"count":25,"href":"https:\/\/esplanade-hotel.lu\/en\/wp-json\/wp\/v2\/pages\/630\/revisions"}],"predecessor-version":[{"id":1422,"href":"https:\/\/esplanade-hotel.lu\/en\/wp-json\/wp\/v2\/pages\/630\/revisions\/1422"}],"wp:attachment":[{"href":"https:\/\/esplanade-hotel.lu\/en\/wp-json\/wp\/v2\/media?parent=630"}],"curies":[{"name":"wp","href":"https:\/\/api.w.org\/{rel}","templated":true}]}}