{"id":281,"date":"2022-06-29T02:12:33","date_gmt":"2022-06-29T02:12:33","guid":{"rendered":"http:\/\/irfuucl.cluster030.hosting.ovh.net\/?page_id=281"},"modified":"2026-03-30T17:28:52","modified_gmt":"2026-03-30T17:28:52","slug":"rodizio-grill","status":"publish","type":"page","link":"https:\/\/esplanade-hotel.lu\/en\/restaurants\/rodizio-grill\/","title":{"rendered":"Rodizio Grill"},"content":{"rendered":"<div data-elementor-type=\"wp-page\" data-elementor-id=\"281\" class=\"elementor elementor-281\">\n\t\t\t\t\t\t<section class=\"elementor-section elementor-top-section elementor-element elementor-element-c0b27fa elementor-section-full_width elementor-section-height-default elementor-section-height-default wpr-particle-no wpr-jarallax-no wpr-parallax-no wpr-sticky-section-no\" data-id=\"c0b27fa\" data-element_type=\"section\">\n\t\t\t\t\t\t<div class=\"elementor-container elementor-column-gap-no\">\n\t\t\t\t\t<div class=\"elementor-column elementor-col-100 elementor-top-column elementor-element elementor-element-e3b2068\" data-id=\"e3b2068\" data-element_type=\"column\">\n\t\t\t<div class=\"elementor-widget-wrap elementor-element-populated\">\n\t\t\t\t\t\t<div class=\"elementor-element elementor-element-ca38e1d elementor-widget__width-inherit elementor-widget elementor-widget-sina_banner_slider\" data-id=\"ca38e1d\" data-element_type=\"widget\" data-widget_type=\"sina_banner_slider.default\">\n\t\t\t\t<div class=\"elementor-widget-container\">\n\t\t\t\t\t\t\t<div class=\"sina-banner-slider owl-carousel\"\r\n\t\tdata-autoplay=\"yes\"\r\n\t\tdata-pause=\"yes\"\r\n\t\tdata-nav=\"yes\"\r\n\t\tdata-dots=\"yes\"\r\n\t\tdata-mouse-drag=\"yes\"\r\n\t\tdata-touch-drag=\"yes\"\r\n\t\tdata-loop=\"yes\"\r\n\t\tdata-speed=\"1000\"\r\n\t\tdata-part-anim=\"\"\r\n\t\tdata-delay=\"5000\">\r\n\r\n\t\t\t\t\t\t\t<div class=\"sina-slider-content sina-bg-cover\" style=\"background-image: url(https:\/\/esplanade-hotel.lu\/wp-content\/uploads\/2022\/06\/rodizio-05-scaled.jpg);\">\r\n\t\t\t\t\t\r\n\t\t\t\t\t<div class=\"sina-banner-container elementor-repeater-item-90130c5\">\r\n\r\n\t\t\t\t\t\t\r\n\t\t\t\t\t\t\r\n\t\t\t\t\t\t\r\n\t\t\t\t\t\t\t\t\t\t\t<\/div>\r\n\t\t\t\t<\/div>\r\n\t\t\t\t\t\t\t<div class=\"sina-slider-content sina-bg-cover\" style=\"background-image: url(https:\/\/esplanade-hotel.lu\/wp-content\/uploads\/2022\/06\/rodizio-03-scaled.jpg);\">\r\n\t\t\t\t\t\r\n\t\t\t\t\t<div class=\"sina-banner-container elementor-repeater-item-4b964c6\">\r\n\r\n\t\t\t\t\t\t\r\n\t\t\t\t\t\t\r\n\t\t\t\t\t\t\r\n\t\t\t\t\t\t\t\t\t\t\t<\/div>\r\n\t\t\t\t<\/div>\r\n\t\t\t\t\t<\/div><!-- .sina-banner-slider -->\r\n\t\t\t\t\t\t<\/div>\n\t\t\t\t<\/div>\n\t\t\t\t\t<\/div>\n\t\t<\/div>\n\t\t\t\t\t<\/div>\n\t\t<\/section>\n\t\t\t\t<section class=\"elementor-section elementor-top-section elementor-element elementor-element-aa698c5 elementor-section-boxed elementor-section-height-default elementor-section-height-default wpr-particle-no wpr-jarallax-no wpr-parallax-no wpr-sticky-section-no\" data-id=\"aa698c5\" data-element_type=\"section\">\n\t\t\t\t\t\t<div class=\"elementor-container elementor-column-gap-default\">\n\t\t\t\t\t<div class=\"elementor-column elementor-col-100 elementor-top-column elementor-element elementor-element-de59219\" data-id=\"de59219\" data-element_type=\"column\">\n\t\t\t<div class=\"elementor-widget-wrap elementor-element-populated\">\n\t\t\t\t\t\t<div class=\"elementor-element elementor-element-ea5f4de elementor-widget elementor-widget-text-editor\" data-id=\"ea5f4de\" data-element_type=\"widget\" data-widget_type=\"text-editor.default\">\n\t\t\t\t<div class=\"elementor-widget-container\">\n\t\t\t\t\t\t\t\t\t<p>At Rodizio Grill, you will travel to Brazil the time of a meal. This restaurant is reserved for true meat lovers. We propose you to taste Brazilian specialities: 7 kinds of meat cooked on swords, accompanied by black beans, rice and green cabbage in a rodizio style.<\/p><p>In addition, it is served at will, so treat yourself...<\/p><p>Open year-round:<br \/>Mon\u2013Tue: CLOSED<br \/>Wed\u2013Sun: 11:30 AM \u2013 1:30 PM and 6:30 PM \u2013 9:30 PM<\/p>\t\t\t\t\t\t\t\t<\/div>\n\t\t\t\t<\/div>\n\t\t\t\t\t<\/div>\n\t\t<\/div>\n\t\t\t\t\t<\/div>\n\t\t<\/section>\n\t\t\t\t<section class=\"elementor-section elementor-top-section elementor-element elementor-element-79504bc elementor-section-boxed elementor-section-height-default elementor-section-height-default wpr-particle-no wpr-jarallax-no wpr-parallax-no wpr-sticky-section-no\" data-id=\"79504bc\" data-element_type=\"section\">\n\t\t\t\t\t\t<div class=\"elementor-container elementor-column-gap-default\">\n\t\t\t\t\t<div class=\"elementor-column elementor-col-100 elementor-top-column elementor-element elementor-element-3e54212\" data-id=\"3e54212\" data-element_type=\"column\">\n\t\t\t<div class=\"elementor-widget-wrap elementor-element-populated\">\n\t\t\t\t\t\t<div class=\"elementor-element elementor-element-14e4c4a elementor-arrows-position-inside elementor-pagination-position-outside elementor-widget elementor-widget-image-carousel\" data-id=\"14e4c4a\" data-element_type=\"widget\" data-settings=\"{&quot;navigation&quot;:&quot;both&quot;,&quot;autoplay&quot;:&quot;yes&quot;,&quot;pause_on_hover&quot;:&quot;yes&quot;,&quot;pause_on_interaction&quot;:&quot;yes&quot;,&quot;autoplay_speed&quot;:5000,&quot;infinite&quot;:&quot;yes&quot;,&quot;speed&quot;:500}\" data-widget_type=\"image-carousel.default\">\n\t\t\t\t<div class=\"elementor-widget-container\">\n\t\t\t\t\t\t\t<div class=\"elementor-image-carousel-wrapper swiper\" role=\"region\" aria-roledescription=\"carousel\" aria-label=\"Image Carousel\" dir=\"ltr\">\n\t\t\t<div class=\"elementor-image-carousel swiper-wrapper swiper-image-stretch\" aria-live=\"off\">\n\t\t\t\t\t\t\t\t<div class=\"swiper-slide\" role=\"group\" aria-roledescription=\"slide\" aria-label=\"1 of 14\"><a data-elementor-open-lightbox=\"yes\" data-elementor-lightbox-slideshow=\"14e4c4a\" data-elementor-lightbox-title=\"rodizio-12\" data-e-action-hash=\"#elementor-action%3Aaction%3Dlightbox%26settings%3DeyJpZCI6MzIxLCJ1cmwiOiJodHRwczpcL1wvZXNwbGFuYWRlLWhvdGVsLmx1XC93cC1jb250ZW50XC91cGxvYWRzXC8yMDIyXC8wNlwvcm9kaXppby0xMi1zY2FsZWQuanBnIiwic2xpZGVzaG93IjoiMTRlNGM0YSJ9\" href=\"https:\/\/esplanade-hotel.lu\/wp-content\/uploads\/2022\/06\/rodizio-12-scaled.jpg\"><figure class=\"swiper-slide-inner\"><img decoding=\"async\" class=\"swiper-slide-image\" src=\"https:\/\/esplanade-hotel.lu\/wp-content\/uploads\/elementor\/thumbs\/rodizio-12-scaled-pr0a17g1ldm6sc7b3qdqzrtu3qnbaamnkq3u4v5lg0.jpg\" alt=\"rodizio-12\" \/><\/figure><\/a><\/div><div class=\"swiper-slide\" role=\"group\" aria-roledescription=\"slide\" aria-label=\"2 of 14\"><a data-elementor-open-lightbox=\"yes\" data-elementor-lightbox-slideshow=\"14e4c4a\" data-elementor-lightbox-title=\"rodizio-05\" data-e-action-hash=\"#elementor-action%3Aaction%3Dlightbox%26settings%3DeyJpZCI6MzEzLCJ1cmwiOiJodHRwczpcL1wvZXNwbGFuYWRlLWhvdGVsLmx1XC93cC1jb250ZW50XC91cGxvYWRzXC8yMDIyXC8wNlwvcm9kaXppby0wNS1zY2FsZWQuanBnIiwic2xpZGVzaG93IjoiMTRlNGM0YSJ9\" href=\"https:\/\/esplanade-hotel.lu\/wp-content\/uploads\/2022\/06\/rodizio-05-scaled.jpg\"><figure class=\"swiper-slide-inner\"><img decoding=\"async\" class=\"swiper-slide-image\" src=\"https:\/\/esplanade-hotel.lu\/wp-content\/uploads\/elementor\/thumbs\/rodizio-05-scaled-pr09zhep2b99i2pf5zkdf7hewb5369sdc71sglpkuo.jpg\" alt=\"rodizio-05\" \/><\/figure><\/a><\/div><div class=\"swiper-slide\" role=\"group\" aria-roledescription=\"slide\" aria-label=\"3 of 14\"><a data-elementor-open-lightbox=\"yes\" data-elementor-lightbox-slideshow=\"14e4c4a\" data-elementor-lightbox-title=\"rodizio-03\" data-e-action-hash=\"#elementor-action%3Aaction%3Dlightbox%26settings%3DeyJpZCI6MzExLCJ1cmwiOiJodHRwczpcL1wvZXNwbGFuYWRlLWhvdGVsLmx1XC93cC1jb250ZW50XC91cGxvYWRzXC8yMDIyXC8wNlwvcm9kaXppby0wMy1zY2FsZWQuanBnIiwic2xpZGVzaG93IjoiMTRlNGM0YSJ9\" href=\"https:\/\/esplanade-hotel.lu\/wp-content\/uploads\/2022\/06\/rodizio-03-scaled.jpg\"><figure class=\"swiper-slide-inner\"><img decoding=\"async\" class=\"swiper-slide-image\" src=\"https:\/\/esplanade-hotel.lu\/wp-content\/uploads\/elementor\/thumbs\/rodizio-03-scaled-pr09ysyw4mbt47ox4p02mdnfgahjm53cku35zeptcg.jpg\" alt=\"rodizio-03\" \/><\/figure><\/a><\/div><div class=\"swiper-slide\" role=\"group\" aria-roledescription=\"slide\" aria-label=\"4 of 14\"><a data-elementor-open-lightbox=\"yes\" data-elementor-lightbox-slideshow=\"14e4c4a\" data-elementor-lightbox-title=\"rodizio-07\" data-e-action-hash=\"#elementor-action%3Aaction%3Dlightbox%26settings%3DeyJpZCI6MzE2LCJ1cmwiOiJodHRwczpcL1wvZXNwbGFuYWRlLWhvdGVsLmx1XC93cC1jb250ZW50XC91cGxvYWRzXC8yMDIyXC8wNlwvcm9kaXppby0wNy1zY2FsZWQuanBnIiwic2xpZGVzaG93IjoiMTRlNGM0YSJ9\" href=\"https:\/\/esplanade-hotel.lu\/wp-content\/uploads\/2022\/06\/rodizio-07-scaled.jpg\"><figure class=\"swiper-slide-inner\"><img decoding=\"async\" class=\"swiper-slide-image\" src=\"https:\/\/esplanade-hotel.lu\/wp-content\/uploads\/elementor\/thumbs\/rodizio-07-scaled-pr09zrqx5hnf1saehm19omvhfjq4ixxf1m84qna8y8.jpg\" alt=\"rodizio-07\" \/><\/figure><\/a><\/div><div class=\"swiper-slide\" role=\"group\" aria-roledescription=\"slide\" aria-label=\"5 of 14\"><a data-elementor-open-lightbox=\"yes\" data-elementor-lightbox-slideshow=\"14e4c4a\" data-elementor-lightbox-title=\"rodizio-13\" data-e-action-hash=\"#elementor-action%3Aaction%3Dlightbox%26settings%3DeyJpZCI6MzIyLCJ1cmwiOiJodHRwczpcL1wvZXNwbGFuYWRlLWhvdGVsLmx1XC93cC1jb250ZW50XC91cGxvYWRzXC8yMDIyXC8wNlwvcm9kaXppby0xMy1zY2FsZWQuanBnIiwic2xpZGVzaG93IjoiMTRlNGM0YSJ9\" href=\"https:\/\/esplanade-hotel.lu\/wp-content\/uploads\/2022\/06\/rodizio-13-scaled.jpg\"><figure class=\"swiper-slide-inner\"><img decoding=\"async\" class=\"swiper-slide-image\" src=\"https:\/\/esplanade-hotel.lu\/wp-content\/uploads\/elementor\/thumbs\/rodizio-13-scaled-pr0a1b7ecprc2s1uhs099qvoha4s531kx8ps1z00r4.jpg\" alt=\"rodizio-13\" \/><\/figure><\/a><\/div><div class=\"swiper-slide\" role=\"group\" aria-roledescription=\"slide\" aria-label=\"6 of 14\"><a data-elementor-open-lightbox=\"yes\" data-elementor-lightbox-slideshow=\"14e4c4a\" data-elementor-lightbox-title=\"rodizio-04\" data-e-action-hash=\"#elementor-action%3Aaction%3Dlightbox%26settings%3DeyJpZCI6MzEyLCJ1cmwiOiJodHRwczpcL1wvZXNwbGFuYWRlLWhvdGVsLmx1XC93cC1jb250ZW50XC91cGxvYWRzXC8yMDIyXC8wNlwvcm9kaXppby0wNC1zY2FsZWQuanBnIiwic2xpZGVzaG93IjoiMTRlNGM0YSJ9\" href=\"https:\/\/esplanade-hotel.lu\/wp-content\/uploads\/2022\/06\/rodizio-04-scaled.jpg\"><figure class=\"swiper-slide-inner\"><img decoding=\"async\" class=\"swiper-slide-image\" src=\"https:\/\/esplanade-hotel.lu\/wp-content\/uploads\/elementor\/thumbs\/rodizio-04-scaled-pr09zcpi452tw0w8xfj8kqo3xds93s9pnjsd27wjps.jpg\" alt=\"rodizio-04\" \/><\/figure><\/a><\/div><div class=\"swiper-slide\" role=\"group\" aria-roledescription=\"slide\" aria-label=\"7 of 14\"><a data-elementor-open-lightbox=\"yes\" data-elementor-lightbox-slideshow=\"14e4c4a\" data-elementor-lightbox-title=\"rodizio-09\" data-e-action-hash=\"#elementor-action%3Aaction%3Dlightbox%26settings%3DeyJpZCI6MzE4LCJ1cmwiOiJodHRwczpcL1wvZXNwbGFuYWRlLWhvdGVsLmx1XC93cC1jb250ZW50XC91cGxvYWRzXC8yMDIyXC8wNlwvcm9kaXppby0wOS1zY2FsZWQuanBnIiwic2xpZGVzaG93IjoiMTRlNGM0YSJ9\" href=\"https:\/\/esplanade-hotel.lu\/wp-content\/uploads\/2022\/06\/rodizio-09-scaled.jpg\"><figure class=\"swiper-slide-inner\"><img decoding=\"async\" class=\"swiper-slide-image\" src=\"https:\/\/esplanade-hotel.lu\/wp-content\/uploads\/elementor\/thumbs\/rodizio-09-scaled-pr0a0rgsd70bayuip1h3bdv006u2nfv7uj0kz5tads.jpg\" alt=\"rodizio-09\" \/><\/figure><\/a><\/div><div class=\"swiper-slide\" role=\"group\" aria-roledescription=\"slide\" aria-label=\"8 of 14\"><a data-elementor-open-lightbox=\"yes\" data-elementor-lightbox-slideshow=\"14e4c4a\" data-elementor-lightbox-title=\"rodizio-10\" data-e-action-hash=\"#elementor-action%3Aaction%3Dlightbox%26settings%3DeyJpZCI6MzE5LCJ1cmwiOiJodHRwczpcL1wvZXNwbGFuYWRlLWhvdGVsLmx1XC93cC1jb250ZW50XC91cGxvYWRzXC8yMDIyXC8wNlwvcm9kaXppby0xMC1zY2FsZWQuanBnIiwic2xpZGVzaG93IjoiMTRlNGM0YSJ9\" href=\"https:\/\/esplanade-hotel.lu\/wp-content\/uploads\/2022\/06\/rodizio-10-scaled.jpg\"><figure class=\"swiper-slide-inner\"><img decoding=\"async\" class=\"swiper-slide-image\" src=\"https:\/\/esplanade-hotel.lu\/wp-content\/uploads\/elementor\/thumbs\/rodizio-10-scaled-pr0a0v854j5glep2333llcwudqbji8a571miw9npow.jpg\" alt=\"rodizio-10\" \/><\/figure><\/a><\/div><div class=\"swiper-slide\" role=\"group\" aria-roledescription=\"slide\" aria-label=\"9 of 14\"><a data-elementor-open-lightbox=\"yes\" data-elementor-lightbox-slideshow=\"14e4c4a\" data-elementor-lightbox-title=\"rodizio-01\" data-e-action-hash=\"#elementor-action%3Aaction%3Dlightbox%26settings%3DeyJpZCI6MzA5LCJ1cmwiOiJodHRwczpcL1wvZXNwbGFuYWRlLWhvdGVsLmx1XC93cC1jb250ZW50XC91cGxvYWRzXC8yMDIyXC8wNlwvcm9kaXppby0wMS1zY2FsZWQuanBnIiwic2xpZGVzaG93IjoiMTRlNGM0YSJ9\" href=\"https:\/\/esplanade-hotel.lu\/wp-content\/uploads\/2022\/06\/rodizio-01-scaled.jpg\"><figure class=\"swiper-slide-inner\"><img decoding=\"async\" class=\"swiper-slide-image\" src=\"https:\/\/esplanade-hotel.lu\/wp-content\/uploads\/elementor\/thumbs\/rodizio-01-scaled-pr09yhotulwd8w5ayk4jsghwbo151rukja9c836jf4.jpg\" alt=\"rodizio-01\" \/><\/figure><\/a><\/div><div class=\"swiper-slide\" role=\"group\" aria-roledescription=\"slide\" aria-label=\"10 of 14\"><a data-elementor-open-lightbox=\"yes\" data-elementor-lightbox-slideshow=\"14e4c4a\" data-elementor-lightbox-title=\"rodizio-08\" data-e-action-hash=\"#elementor-action%3Aaction%3Dlightbox%26settings%3DeyJpZCI6MzE3LCJ1cmwiOiJodHRwczpcL1wvZXNwbGFuYWRlLWhvdGVsLmx1XC93cC1jb250ZW50XC91cGxvYWRzXC8yMDIyXC8wNlwvcm9kaXppby0wOC1zY2FsZWQuanBnIiwic2xpZGVzaG93IjoiMTRlNGM0YSJ9\" href=\"https:\/\/esplanade-hotel.lu\/wp-content\/uploads\/2022\/06\/rodizio-08-scaled.jpg\"><figure class=\"swiper-slide-inner\"><img decoding=\"async\" class=\"swiper-slide-image\" src=\"https:\/\/esplanade-hotel.lu\/wp-content\/uploads\/elementor\/thumbs\/rodizio-08-scaled-pr0a07q6do9aj5n6waxxd0ubj3jd5sourtbdwcmk0g.jpg\" alt=\"rodizio-08\" \/><\/figure><\/a><\/div><div class=\"swiper-slide\" role=\"group\" aria-roledescription=\"slide\" aria-label=\"11 of 14\"><a data-elementor-open-lightbox=\"yes\" data-elementor-lightbox-slideshow=\"14e4c4a\" data-elementor-lightbox-title=\"rodizio-02\" data-e-action-hash=\"#elementor-action%3Aaction%3Dlightbox%26settings%3DeyJpZCI6MzEwLCJ1cmwiOiJodHRwczpcL1wvZXNwbGFuYWRlLWhvdGVsLmx1XC93cC1jb250ZW50XC91cGxvYWRzXC8yMDIyXC8wNlwvcm9kaXppby0wMi1zY2FsZWQuanBnIiwic2xpZGVzaG93IjoiMTRlNGM0YSJ9\" href=\"https:\/\/esplanade-hotel.lu\/wp-content\/uploads\/2022\/06\/rodizio-02-scaled.jpg\"><figure class=\"swiper-slide-inner\"><img decoding=\"async\" class=\"swiper-slide-image\" src=\"https:\/\/esplanade-hotel.lu\/wp-content\/uploads\/elementor\/thumbs\/rodizio-02-scaled-pr09yo9p6g5di5vqw4yxrwu4hd4pjnkow6tql0ws7k.jpg\" alt=\"rodizio-02\" \/><\/figure><\/a><\/div><div class=\"swiper-slide\" role=\"group\" aria-roledescription=\"slide\" aria-label=\"12 of 14\"><a data-elementor-open-lightbox=\"yes\" data-elementor-lightbox-slideshow=\"14e4c4a\" data-elementor-lightbox-title=\"rodizio-11\" data-e-action-hash=\"#elementor-action%3Aaction%3Dlightbox%26settings%3DeyJpZCI6MzIwLCJ1cmwiOiJodHRwczpcL1wvZXNwbGFuYWRlLWhvdGVsLmx1XC93cC1jb250ZW50XC91cGxvYWRzXC8yMDIyXC8wNlwvcm9kaXppby0xMS1zY2FsZWQuanBnIiwic2xpZGVzaG93IjoiMTRlNGM0YSJ9\" href=\"https:\/\/esplanade-hotel.lu\/wp-content\/uploads\/2022\/06\/rodizio-11-scaled.jpg\"><figure class=\"swiper-slide-inner\"><img decoding=\"async\" class=\"swiper-slide-image\" src=\"https:\/\/esplanade-hotel.lu\/wp-content\/uploads\/elementor\/thumbs\/rodizio-11-scaled-pr0a11t0gdeguofi0nxzkt92jff40409jy6x97dyhc.jpg\" alt=\"rodizio-11\" \/><\/figure><\/a><\/div><div class=\"swiper-slide\" role=\"group\" aria-roledescription=\"slide\" aria-label=\"13 of 14\"><a data-elementor-open-lightbox=\"yes\" data-elementor-lightbox-slideshow=\"14e4c4a\" data-elementor-lightbox-title=\"rodizio-06\" data-e-action-hash=\"#elementor-action%3Aaction%3Dlightbox%26settings%3DeyJpZCI6MzE1LCJ1cmwiOiJodHRwczpcL1wvZXNwbGFuYWRlLWhvdGVsLmx1XC93cC1jb250ZW50XC91cGxvYWRzXC8yMDIyXC8wNlwvcm9kaXppby0wNi1zY2FsZWQuanBnIiwic2xpZGVzaG93IjoiMTRlNGM0YSJ9\" href=\"https:\/\/esplanade-hotel.lu\/wp-content\/uploads\/2022\/06\/rodizio-06-scaled.jpg\"><figure class=\"swiper-slide-inner\"><img decoding=\"async\" class=\"swiper-slide-image\" src=\"https:\/\/esplanade-hotel.lu\/wp-content\/uploads\/elementor\/thumbs\/rodizio-06-scaled-pr09zn1q7bgzfqh89204u626gmdaggercyypc9h7tc.jpg\" alt=\"rodizio-06\" \/><\/figure><\/a><\/div><div class=\"swiper-slide\" role=\"group\" aria-roledescription=\"slide\" aria-label=\"14 of 14\"><a data-elementor-open-lightbox=\"yes\" data-elementor-lightbox-slideshow=\"14e4c4a\" data-elementor-lightbox-title=\"rodizio-14\" data-e-action-hash=\"#elementor-action%3Aaction%3Dlightbox%26settings%3DeyJpZCI6MzIzLCJ1cmwiOiJodHRwczpcL1wvZXNwbGFuYWRlLWhvdGVsLmx1XC93cC1jb250ZW50XC91cGxvYWRzXC8yMDIyXC8wNlwvcm9kaXppby0xNC1zY2FsZWQuanBnIiwic2xpZGVzaG93IjoiMTRlNGM0YSJ9\" href=\"https:\/\/esplanade-hotel.lu\/wp-content\/uploads\/2022\/06\/rodizio-14-scaled.jpg\"><figure class=\"swiper-slide-inner\"><img decoding=\"async\" class=\"swiper-slide-image\" src=\"https:\/\/esplanade-hotel.lu\/wp-content\/uploads\/elementor\/thumbs\/rodizio-14-scaled-pr0a21ivo2rd3uzm83dt7k8l42j24ly2cuzdhpwzww.jpg\" alt=\"rodizio-14\" \/><\/figure><\/a><\/div>\t\t\t<\/div>\n\t\t\t\t\t\t\t\t\t\t\t\t<div class=\"elementor-swiper-button elementor-swiper-button-prev\" role=\"button\" tabindex=\"0\">\n\t\t\t\t\t\t<i aria-hidden=\"true\" class=\"eicon-chevron-left\"><\/i>\t\t\t\t\t<\/div>\n\t\t\t\t\t<div class=\"elementor-swiper-button elementor-swiper-button-next\" role=\"button\" tabindex=\"0\">\n\t\t\t\t\t\t<i aria-hidden=\"true\" class=\"eicon-chevron-right\"><\/i>\t\t\t\t\t<\/div>\n\t\t\t\t\n\t\t\t\t\t\t\t\t\t<div class=\"swiper-pagination\"><\/div>\n\t\t\t\t\t\t\t\t\t<\/div>\n\t\t\t\t\t\t<\/div>\n\t\t\t\t<\/div>\n\t\t\t\t\t<\/div>\n\t\t<\/div>\n\t\t\t\t\t<\/div>\n\t\t<\/section>\n\t\t\t\t<\/div>","protected":false},"excerpt":{"rendered":"<p>Au Rodizio grill, vous voyagerez au Br\u00e9sil l\u2019espace d\u2019un repas. Ce restaurant est r\u00e9serv\u00e9 aux v\u00e9ritables amateurs de viande. Nous vous proposons de d\u00e9guster des sp\u00e9cialit\u00e9 Br\u00e9siliennes : 7 sortes de viandes cuites sur des \u00e9p\u00e9es, accompagn\u00e9es de haricots noir, riz et choux vert dans un style rodizio. En plus c\u2019est servi \u00e0 volont\u00e9, alors faites-vous plaisir\u2026 Ouvert toute l&rsquo;ann\u00e9e :Lun-mar : FERM\u00c9Mer-dim : 11h30 &#8211; 13h30 et 18h30 &#8211; 21h30 [&#8230;]<\/p>\n<p><a class=\"btn btn-secondary understrap-read-more-link\" href=\"https:\/\/esplanade-hotel.lu\/en\/restaurants\/rodizio-grill\/\">Read More&#8230;<span class=\"screen-reader-text\"> from Rodizio Grill<\/span><\/a><\/p>","protected":false},"author":1,"featured_media":0,"parent":46,"menu_order":0,"comment_status":"closed","ping_status":"closed","template":"elementor_header_footer","meta":{"inline_featured_image":false,"footnotes":""},"class_list":["post-281","page","type-page","status-publish","hentry"],"acf":[],"_links":{"self":[{"href":"https:\/\/esplanade-hotel.lu\/en\/wp-json\/wp\/v2\/pages\/281","targetHints":{"allow":["GET"]}}],"collection":[{"href":"https:\/\/esplanade-hotel.lu\/en\/wp-json\/wp\/v2\/pages"}],"about":[{"href":"https:\/\/esplanade-hotel.lu\/en\/wp-json\/wp\/v2\/types\/page"}],"author":[{"embeddable":true,"href":"https:\/\/esplanade-hotel.lu\/en\/wp-json\/wp\/v2\/users\/1"}],"replies":[{"embeddable":true,"href":"https:\/\/esplanade-hotel.lu\/en\/wp-json\/wp\/v2\/comments?post=281"}],"version-history":[{"count":49,"href":"https:\/\/esplanade-hotel.lu\/en\/wp-json\/wp\/v2\/pages\/281\/revisions"}],"predecessor-version":[{"id":1598,"href":"https:\/\/esplanade-hotel.lu\/en\/wp-json\/wp\/v2\/pages\/281\/revisions\/1598"}],"up":[{"embeddable":true,"href":"https:\/\/esplanade-hotel.lu\/en\/wp-json\/wp\/v2\/pages\/46"}],"wp:attachment":[{"href":"https:\/\/esplanade-hotel.lu\/en\/wp-json\/wp\/v2\/media?parent=281"}],"curies":[{"name":"wp","href":"https:\/\/api.w.org\/{rel}","templated":true}]}}