{"id":276,"date":"2022-06-29T01:03:52","date_gmt":"2022-06-29T01:03:52","guid":{"rendered":"http:\/\/irfuucl.cluster030.hosting.ovh.net\/?page_id=276"},"modified":"2026-03-30T17:27:26","modified_gmt":"2026-03-30T17:27:26","slug":"restaurant-la-fondue","status":"publish","type":"page","link":"https:\/\/esplanade-hotel.lu\/en\/restaurants\/restaurant-la-fondue\/","title":{"rendered":"Fondue Restaurant"},"content":{"rendered":"<div data-elementor-type=\"wp-page\" data-elementor-id=\"276\" class=\"elementor elementor-276\">\n\t\t\t\t\t\t<section class=\"elementor-section elementor-top-section elementor-element elementor-element-c78261e elementor-section-full_width elementor-section-height-default elementor-section-height-default wpr-particle-no wpr-jarallax-no wpr-parallax-no wpr-sticky-section-no\" data-id=\"c78261e\" data-element_type=\"section\">\n\t\t\t\t\t\t<div class=\"elementor-container elementor-column-gap-no\">\n\t\t\t\t\t<div class=\"elementor-column elementor-col-100 elementor-top-column elementor-element elementor-element-1a47334\" data-id=\"1a47334\" data-element_type=\"column\">\n\t\t\t<div class=\"elementor-widget-wrap elementor-element-populated\">\n\t\t\t\t\t\t<div class=\"elementor-element elementor-element-5faf290 elementor-widget__width-inherit elementor-widget elementor-widget-sina_banner_slider\" data-id=\"5faf290\" data-element_type=\"widget\" data-widget_type=\"sina_banner_slider.default\">\n\t\t\t\t<div class=\"elementor-widget-container\">\n\t\t\t\t\t\t\t<div class=\"sina-banner-slider owl-carousel\"\r\n\t\tdata-autoplay=\"yes\"\r\n\t\tdata-pause=\"yes\"\r\n\t\tdata-nav=\"yes\"\r\n\t\tdata-dots=\"yes\"\r\n\t\tdata-mouse-drag=\"yes\"\r\n\t\tdata-touch-drag=\"yes\"\r\n\t\tdata-loop=\"yes\"\r\n\t\tdata-speed=\"1000\"\r\n\t\tdata-part-anim=\"\"\r\n\t\tdata-delay=\"5000\">\r\n\r\n\t\t\t\t\t\t\t<div class=\"sina-slider-content sina-bg-cover\" style=\"background-image: url(https:\/\/esplanade-hotel.lu\/wp-content\/uploads\/2022\/06\/la-fondue-01-scaled.jpg);\">\r\n\t\t\t\t\t\r\n\t\t\t\t\t<div class=\"sina-banner-container elementor-repeater-item-4b964c6\">\r\n\r\n\t\t\t\t\t\t\r\n\t\t\t\t\t\t\r\n\t\t\t\t\t\t\r\n\t\t\t\t\t\t\t\t\t\t\t<\/div>\r\n\t\t\t\t<\/div>\r\n\t\t\t\t\t\t\t<div class=\"sina-slider-content sina-bg-cover\" style=\"background-image: url(https:\/\/esplanade-hotel.lu\/wp-content\/uploads\/2022\/06\/la-fondue-05-scaled.jpg);\">\r\n\t\t\t\t\t\r\n\t\t\t\t\t<div class=\"sina-banner-container elementor-repeater-item-90130c5\">\r\n\r\n\t\t\t\t\t\t\r\n\t\t\t\t\t\t\r\n\t\t\t\t\t\t\r\n\t\t\t\t\t\t\t\t\t\t\t<\/div>\r\n\t\t\t\t<\/div>\r\n\t\t\t\t\t<\/div><!-- .sina-banner-slider -->\r\n\t\t\t\t\t\t<\/div>\n\t\t\t\t<\/div>\n\t\t\t\t\t<\/div>\n\t\t<\/div>\n\t\t\t\t\t<\/div>\n\t\t<\/section>\n\t\t\t\t<section class=\"elementor-section elementor-top-section elementor-element elementor-element-aa698c5 elementor-section-boxed elementor-section-height-default elementor-section-height-default wpr-particle-no wpr-jarallax-no wpr-parallax-no wpr-sticky-section-no\" data-id=\"aa698c5\" data-element_type=\"section\">\n\t\t\t\t\t\t<div class=\"elementor-container elementor-column-gap-default\">\n\t\t\t\t\t<div class=\"elementor-column elementor-col-100 elementor-top-column elementor-element elementor-element-de59219\" data-id=\"de59219\" data-element_type=\"column\">\n\t\t\t<div class=\"elementor-widget-wrap elementor-element-populated\">\n\t\t\t\t\t\t<div class=\"elementor-element elementor-element-ea5f4de elementor-widget elementor-widget-text-editor\" data-id=\"ea5f4de\" data-element_type=\"widget\" data-widget_type=\"text-editor.default\">\n\t\t\t\t<div class=\"elementor-widget-container\">\n\t\t\t\t\t\t\t\t\t<p class=\"translation-block\">For our guests traveling to Dierkich or residents of the city, we offer a fondue menu that we serve individually. Choose from the following fondues: wine, Burgundy, cheese, vegetarian and even sea fondue.<\/p><p>Gourmands can end the meal with a delicious chocolate fondue.<\/p><p>Closed from April to September<\/p>\t\t\t\t\t\t\t\t<\/div>\n\t\t\t\t<\/div>\n\t\t\t\t\t<\/div>\n\t\t<\/div>\n\t\t\t\t\t<\/div>\n\t\t<\/section>\n\t\t\t\t<section class=\"elementor-section elementor-top-section elementor-element elementor-element-79504bc elementor-section-boxed elementor-section-height-default elementor-section-height-default wpr-particle-no wpr-jarallax-no wpr-parallax-no wpr-sticky-section-no\" data-id=\"79504bc\" data-element_type=\"section\">\n\t\t\t\t\t\t<div class=\"elementor-container elementor-column-gap-default\">\n\t\t\t\t\t<div class=\"elementor-column elementor-col-100 elementor-top-column elementor-element elementor-element-3e54212\" data-id=\"3e54212\" data-element_type=\"column\">\n\t\t\t<div class=\"elementor-widget-wrap elementor-element-populated\">\n\t\t\t\t\t\t<div class=\"elementor-element elementor-element-14e4c4a elementor-arrows-position-inside elementor-pagination-position-outside elementor-widget elementor-widget-image-carousel\" data-id=\"14e4c4a\" data-element_type=\"widget\" data-settings=\"{&quot;navigation&quot;:&quot;both&quot;,&quot;autoplay&quot;:&quot;yes&quot;,&quot;pause_on_hover&quot;:&quot;yes&quot;,&quot;pause_on_interaction&quot;:&quot;yes&quot;,&quot;autoplay_speed&quot;:5000,&quot;infinite&quot;:&quot;yes&quot;,&quot;speed&quot;:500}\" data-widget_type=\"image-carousel.default\">\n\t\t\t\t<div class=\"elementor-widget-container\">\n\t\t\t\t\t\t\t<div class=\"elementor-image-carousel-wrapper swiper\" role=\"region\" aria-roledescription=\"carousel\" aria-label=\"Image Carousel\" dir=\"ltr\">\n\t\t\t<div class=\"elementor-image-carousel swiper-wrapper swiper-image-stretch\" aria-live=\"off\">\n\t\t\t\t\t\t\t\t<div class=\"swiper-slide\" role=\"group\" aria-roledescription=\"slide\" aria-label=\"1 of 8\"><a data-elementor-open-lightbox=\"yes\" data-elementor-lightbox-slideshow=\"14e4c4a\" data-elementor-lightbox-title=\"la-fondue-01\" data-e-action-hash=\"#elementor-action%3Aaction%3Dlightbox%26settings%3DeyJpZCI6MjkxLCJ1cmwiOiJodHRwczpcL1wvZXNwbGFuYWRlLWhvdGVsLmx1XC93cC1jb250ZW50XC91cGxvYWRzXC8yMDIyXC8wNlwvbGEtZm9uZHVlLTAxLXNjYWxlZC5qcGciLCJzbGlkZXNob3ciOiIxNGU0YzRhIn0%3D\" href=\"https:\/\/esplanade-hotel.lu\/wp-content\/uploads\/2022\/06\/la-fondue-01-scaled.jpg\"><figure class=\"swiper-slide-inner\"><img decoding=\"async\" class=\"swiper-slide-image\" src=\"https:\/\/esplanade-hotel.lu\/wp-content\/uploads\/elementor\/thumbs\/la-fondue-01-scaled-pr09sxh7ewaajy84fnl0jd0pslfyi8rqrrax05fe8g.jpg\" alt=\"la-fondue-01\" \/><\/figure><\/a><\/div><div class=\"swiper-slide\" role=\"group\" aria-roledescription=\"slide\" aria-label=\"2 of 8\"><a data-elementor-open-lightbox=\"yes\" data-elementor-lightbox-slideshow=\"14e4c4a\" data-elementor-lightbox-title=\"la-fondue-02\" data-e-action-hash=\"#elementor-action%3Aaction%3Dlightbox%26settings%3DeyJpZCI6MjkyLCJ1cmwiOiJodHRwczpcL1wvZXNwbGFuYWRlLWhvdGVsLmx1XC93cC1jb250ZW50XC91cGxvYWRzXC8yMDIyXC8wNlwvbGEtZm9uZHVlLTAyLXNjYWxlZC5qcGciLCJzbGlkZXNob3ciOiIxNGU0YzRhIn0%3D\" href=\"https:\/\/esplanade-hotel.lu\/wp-content\/uploads\/2022\/06\/la-fondue-02-scaled.jpg\"><figure class=\"swiper-slide-inner\"><img decoding=\"async\" class=\"swiper-slide-image\" src=\"https:\/\/esplanade-hotel.lu\/wp-content\/uploads\/elementor\/thumbs\/la-fondue-02-scaled-pr09t422qqjat7ykd8feitcxyajj04hv4nvbd35n0w.jpg\" alt=\"la-fondue-02\" \/><\/figure><\/a><\/div><div class=\"swiper-slide\" role=\"group\" aria-roledescription=\"slide\" aria-label=\"3 of 8\"><a data-elementor-open-lightbox=\"yes\" data-elementor-lightbox-slideshow=\"14e4c4a\" data-elementor-lightbox-title=\"la-fondue-03\" data-e-action-hash=\"#elementor-action%3Aaction%3Dlightbox%26settings%3DeyJpZCI6MjkzLCJ1cmwiOiJodHRwczpcL1wvZXNwbGFuYWRlLWhvdGVsLmx1XC93cC1jb250ZW50XC91cGxvYWRzXC8yMDIyXC8wNlwvbGEtZm9uZHVlLTAzLXNjYWxlZC5qcGciLCJzbGlkZXNob3ciOiIxNGU0YzRhIn0%3D\" href=\"https:\/\/esplanade-hotel.lu\/wp-content\/uploads\/2022\/06\/la-fondue-03-scaled.jpg\"><figure class=\"swiper-slide-inner\"><img decoding=\"async\" class=\"swiper-slide-image\" src=\"https:\/\/esplanade-hotel.lu\/wp-content\/uploads\/elementor\/thumbs\/la-fondue-03-scaled-pr09tamy2ksb2hp0at9si9p63zn3i07zhkfpq0vvtc.jpg\" alt=\"la-fondue-03\" \/><\/figure><\/a><\/div><div class=\"swiper-slide\" role=\"group\" aria-roledescription=\"slide\" aria-label=\"4 of 8\"><a data-elementor-open-lightbox=\"yes\" data-elementor-lightbox-slideshow=\"14e4c4a\" data-elementor-lightbox-title=\"la-fondue-04\" data-e-action-hash=\"#elementor-action%3Aaction%3Dlightbox%26settings%3DeyJpZCI6Mjk0LCJ1cmwiOiJodHRwczpcL1wvZXNwbGFuYWRlLWhvdGVsLmx1XC93cC1jb250ZW50XC91cGxvYWRzXC8yMDIyXC8wNlwvbGEtZm9uZHVlLTA0LXNjYWxlZC5qcGciLCJzbGlkZXNob3ciOiIxNGU0YzRhIn0%3D\" href=\"https:\/\/esplanade-hotel.lu\/wp-content\/uploads\/2022\/06\/la-fondue-04-scaled.jpg\"><figure class=\"swiper-slide-inner\"><img decoding=\"async\" class=\"swiper-slide-image\" src=\"https:\/\/esplanade-hotel.lu\/wp-content\/uploads\/elementor\/thumbs\/la-fondue-04-scaled-pr09teeatwxgcxjjouwas8r0hj4kcsmwu31nn4qb4g.jpg\" alt=\"la-fondue-04\" \/><\/figure><\/a><\/div><div class=\"swiper-slide\" role=\"group\" aria-roledescription=\"slide\" aria-label=\"5 of 8\"><a data-elementor-open-lightbox=\"yes\" data-elementor-lightbox-slideshow=\"14e4c4a\" data-elementor-lightbox-title=\"la-fondue-05\" data-e-action-hash=\"#elementor-action%3Aaction%3Dlightbox%26settings%3DeyJpZCI6Mjk1LCJ1cmwiOiJodHRwczpcL1wvZXNwbGFuYWRlLWhvdGVsLmx1XC93cC1jb250ZW50XC91cGxvYWRzXC8yMDIyXC8wNlwvbGEtZm9uZHVlLTA1LXNjYWxlZC5qcGciLCJzbGlkZXNob3ciOiIxNGU0YzRhIn0%3D\" href=\"https:\/\/esplanade-hotel.lu\/wp-content\/uploads\/2022\/06\/la-fondue-05-scaled.jpg\"><figure class=\"swiper-slide-inner\"><img decoding=\"async\" class=\"swiper-slide-image\" src=\"https:\/\/esplanade-hotel.lu\/wp-content\/uploads\/elementor\/thumbs\/la-fondue-05-scaled-pr09tj3hs33vyzcpxexfmpkbgghefa5kiqb31ijc9c.jpg\" alt=\"la-fondue-05\" \/><\/figure><\/a><\/div><div class=\"swiper-slide\" role=\"group\" aria-roledescription=\"slide\" aria-label=\"6 of 8\"><a data-elementor-open-lightbox=\"yes\" data-elementor-lightbox-slideshow=\"14e4c4a\" data-elementor-lightbox-title=\"la-fondue-06\" data-e-action-hash=\"#elementor-action%3Aaction%3Dlightbox%26settings%3DeyJpZCI6Mjk2LCJ1cmwiOiJodHRwczpcL1wvZXNwbGFuYWRlLWhvdGVsLmx1XC93cC1jb250ZW50XC91cGxvYWRzXC8yMDIyXC8wNlwvbGEtZm9uZHVlLTA2LXNjYWxlZC5qcGciLCJzbGlkZXNob3ciOiIxNGU0YzRhIn0%3D\" href=\"https:\/\/esplanade-hotel.lu\/wp-content\/uploads\/2022\/06\/la-fondue-06-scaled.jpg\"><figure class=\"swiper-slide-inner\"><img decoding=\"async\" class=\"swiper-slide-image\" src=\"https:\/\/esplanade-hotel.lu\/wp-content\/uploads\/elementor\/thumbs\/la-fondue-06-scaled-pr09toqix3blwn4j0hd71o530rplpgryji7zx6az80.jpg\" alt=\"la-fondue-06\" \/><\/figure><\/a><\/div><div class=\"swiper-slide\" role=\"group\" aria-roledescription=\"slide\" aria-label=\"7 of 8\"><a data-elementor-open-lightbox=\"yes\" data-elementor-lightbox-slideshow=\"14e4c4a\" data-elementor-lightbox-title=\"la-fondue-07\" data-e-action-hash=\"#elementor-action%3Aaction%3Dlightbox%26settings%3DeyJpZCI6Mjk4LCJ1cmwiOiJodHRwczpcL1wvZXNwbGFuYWRlLWhvdGVsLmx1XC93cC1jb250ZW50XC91cGxvYWRzXC8yMDIyXC8wNlwvbGEtZm9uZHVlLTA3LXNjYWxlZC5qcGciLCJzbGlkZXNob3ciOiIxNGU0YzRhIn0%3D\" href=\"https:\/\/esplanade-hotel.lu\/wp-content\/uploads\/2022\/06\/la-fondue-07-scaled.jpg\"><figure class=\"swiper-slide-inner\"><img decoding=\"async\" class=\"swiper-slide-image\" src=\"https:\/\/esplanade-hotel.lu\/wp-content\/uploads\/elementor\/thumbs\/la-fondue-07-scaled-pr09ud6bus92ai511rxhuhz2gsd59lgzav6medaqq8.jpg\" alt=\"la-fondue-07\" \/><\/figure><\/a><\/div><div class=\"swiper-slide\" role=\"group\" aria-roledescription=\"slide\" aria-label=\"8 of 8\"><a data-elementor-open-lightbox=\"yes\" data-elementor-lightbox-slideshow=\"14e4c4a\" data-elementor-lightbox-title=\"la-fondue-08\" data-e-action-hash=\"#elementor-action%3Aaction%3Dlightbox%26settings%3DeyJpZCI6Mjk5LCJ1cmwiOiJodHRwczpcL1wvZXNwbGFuYWRlLWhvdGVsLmx1XC93cC1jb250ZW50XC91cGxvYWRzXC8yMDIyXC8wNlwvbGEtZm9uZHVlLTA4LXNjYWxlZC5qcGciLCJzbGlkZXNob3ciOiIxNGU0YzRhIn0%3D\" href=\"https:\/\/esplanade-hotel.lu\/wp-content\/uploads\/2022\/06\/la-fondue-08-scaled.jpg\"><figure class=\"swiper-slide-inner\"><img decoding=\"async\" class=\"swiper-slide-image\" src=\"https:\/\/esplanade-hotel.lu\/wp-content\/uploads\/elementor\/thumbs\/la-fondue-08-scaled-pr09uhvisyfhwjy7abymoysdfppzc2zmzig1sr3rv4.jpg\" alt=\"la-fondue-08\" \/><\/figure><\/a><\/div>\t\t\t<\/div>\n\t\t\t\t\t\t\t\t\t\t\t\t<div class=\"elementor-swiper-button elementor-swiper-button-prev\" role=\"button\" tabindex=\"0\">\n\t\t\t\t\t\t<i aria-hidden=\"true\" class=\"eicon-chevron-left\"><\/i>\t\t\t\t\t<\/div>\n\t\t\t\t\t<div class=\"elementor-swiper-button elementor-swiper-button-next\" role=\"button\" tabindex=\"0\">\n\t\t\t\t\t\t<i aria-hidden=\"true\" class=\"eicon-chevron-right\"><\/i>\t\t\t\t\t<\/div>\n\t\t\t\t\n\t\t\t\t\t\t\t\t\t<div class=\"swiper-pagination\"><\/div>\n\t\t\t\t\t\t\t\t\t<\/div>\n\t\t\t\t\t\t<\/div>\n\t\t\t\t<\/div>\n\t\t\t\t\t<\/div>\n\t\t<\/div>\n\t\t\t\t\t<\/div>\n\t\t<\/section>\n\t\t\t\t<\/div>","protected":false},"excerpt":{"rendered":"<p>Pour nos clients voyageant \u00e0 Dierkich ou les r\u00e9sidents de la ville, nous vous proposons une carte autour de la fondue que nous servons individuellement. Faites votre choix parmi les fondues suivantes : vigneronne, bourguignonne, fromage, v\u00e9g\u00e9tarienne et m\u00eame fondue de la mer. Les gourmands pourrons terminer le repas avec une d\u00e9licieuse fondue au chocolat. Ferm\u00e9 d&rsquo;avril \u00e0 septembre [&#8230;]<\/p>\n<p><a class=\"btn btn-secondary understrap-read-more-link\" href=\"https:\/\/esplanade-hotel.lu\/en\/restaurants\/restaurant-la-fondue\/\">Read More&#8230;<span class=\"screen-reader-text\"> from Restaurant La Fondue<\/span><\/a><\/p>","protected":false},"author":1,"featured_media":0,"parent":46,"menu_order":0,"comment_status":"closed","ping_status":"closed","template":"elementor_header_footer","meta":{"inline_featured_image":false,"footnotes":""},"class_list":["post-276","page","type-page","status-publish","hentry"],"acf":[],"_links":{"self":[{"href":"https:\/\/esplanade-hotel.lu\/en\/wp-json\/wp\/v2\/pages\/276","targetHints":{"allow":["GET"]}}],"collection":[{"href":"https:\/\/esplanade-hotel.lu\/en\/wp-json\/wp\/v2\/pages"}],"about":[{"href":"https:\/\/esplanade-hotel.lu\/en\/wp-json\/wp\/v2\/types\/page"}],"author":[{"embeddable":true,"href":"https:\/\/esplanade-hotel.lu\/en\/wp-json\/wp\/v2\/users\/1"}],"replies":[{"embeddable":true,"href":"https:\/\/esplanade-hotel.lu\/en\/wp-json\/wp\/v2\/comments?post=276"}],"version-history":[{"count":55,"href":"https:\/\/esplanade-hotel.lu\/en\/wp-json\/wp\/v2\/pages\/276\/revisions"}],"predecessor-version":[{"id":1595,"href":"https:\/\/esplanade-hotel.lu\/en\/wp-json\/wp\/v2\/pages\/276\/revisions\/1595"}],"up":[{"embeddable":true,"href":"https:\/\/esplanade-hotel.lu\/en\/wp-json\/wp\/v2\/pages\/46"}],"wp:attachment":[{"href":"https:\/\/esplanade-hotel.lu\/en\/wp-json\/wp\/v2\/media?parent=276"}],"curies":[{"name":"wp","href":"https:\/\/api.w.org\/{rel}","templated":true}]}}