{"id":127,"date":"2022-06-28T00:02:01","date_gmt":"2022-06-28T00:02:01","guid":{"rendered":"http:\/\/irfuucl.cluster030.hosting.ovh.net\/?page_id=127"},"modified":"2023-01-06T14:18:23","modified_gmt":"2023-01-06T14:18:23","slug":"chambre-spacieuse","status":"publish","type":"page","link":"https:\/\/esplanade-hotel.lu\/en\/chambres\/chambre-spacieuse\/","title":{"rendered":"Spacious Room\u00a0"},"content":{"rendered":"<div data-elementor-type=\"wp-page\" data-elementor-id=\"127\" class=\"elementor elementor-127\">\n\t\t\t\t\t\t<section class=\"elementor-section elementor-top-section elementor-element elementor-element-7b14692 elementor-section-full_width elementor-section-height-default elementor-section-height-default wpr-particle-no wpr-jarallax-no wpr-parallax-no wpr-sticky-section-no\" data-id=\"7b14692\" data-element_type=\"section\">\n\t\t\t\t\t\t<div class=\"elementor-container elementor-column-gap-no\">\n\t\t\t\t\t<div class=\"elementor-column elementor-col-100 elementor-top-column elementor-element elementor-element-c3425d9\" data-id=\"c3425d9\" data-element_type=\"column\">\n\t\t\t<div class=\"elementor-widget-wrap elementor-element-populated\">\n\t\t\t\t\t\t<div class=\"elementor-element elementor-element-733bf8e elementor-widget__width-inherit elementor-widget elementor-widget-sina_banner_slider\" data-id=\"733bf8e\" data-element_type=\"widget\" data-widget_type=\"sina_banner_slider.default\">\n\t\t\t\t<div class=\"elementor-widget-container\">\n\t\t\t\t\t\t\t<div class=\"sina-banner-slider owl-carousel\"\r\n\t\tdata-autoplay=\"yes\"\r\n\t\tdata-pause=\"yes\"\r\n\t\tdata-nav=\"yes\"\r\n\t\tdata-dots=\"yes\"\r\n\t\tdata-mouse-drag=\"yes\"\r\n\t\tdata-touch-drag=\"yes\"\r\n\t\tdata-loop=\"yes\"\r\n\t\tdata-speed=\"1000\"\r\n\t\tdata-part-anim=\"\"\r\n\t\tdata-delay=\"5000\">\r\n\r\n\t\t\t\t\t\t\t<div class=\"sina-slider-content sina-bg-cover\" style=\"background-image: url(https:\/\/esplanade-hotel.lu\/wp-content\/uploads\/2022\/06\/chambre-superieure-01-scaled.jpg);\">\r\n\t\t\t\t\t\r\n\t\t\t\t\t<div class=\"sina-banner-container elementor-repeater-item-90130c5\">\r\n\r\n\t\t\t\t\t\t\r\n\t\t\t\t\t\t\r\n\t\t\t\t\t\t\r\n\t\t\t\t\t\t\t\t\t\t\t<\/div>\r\n\t\t\t\t<\/div>\r\n\t\t\t\t\t\t\t<div class=\"sina-slider-content sina-bg-cover\" style=\"background-image: url(https:\/\/esplanade-hotel.lu\/wp-content\/uploads\/2022\/06\/chambre-superieure-03-scaled.jpg);\">\r\n\t\t\t\t\t\r\n\t\t\t\t\t<div class=\"sina-banner-container elementor-repeater-item-4b964c6\">\r\n\r\n\t\t\t\t\t\t\r\n\t\t\t\t\t\t\r\n\t\t\t\t\t\t\r\n\t\t\t\t\t\t\t\t\t\t\t<\/div>\r\n\t\t\t\t<\/div>\r\n\t\t\t\t\t<\/div><!-- .sina-banner-slider -->\r\n\t\t\t\t\t\t<\/div>\n\t\t\t\t<\/div>\n\t\t\t\t\t<\/div>\n\t\t<\/div>\n\t\t\t\t\t<\/div>\n\t\t<\/section>\n\t\t\t\t<section class=\"elementor-section elementor-top-section elementor-element elementor-element-aa698c5 elementor-section-boxed elementor-section-height-default elementor-section-height-default wpr-particle-no wpr-jarallax-no wpr-parallax-no wpr-sticky-section-no\" data-id=\"aa698c5\" data-element_type=\"section\">\n\t\t\t\t\t\t<div class=\"elementor-container elementor-column-gap-default\">\n\t\t\t\t\t<div class=\"elementor-column elementor-col-100 elementor-top-column elementor-element elementor-element-de59219\" data-id=\"de59219\" data-element_type=\"column\">\n\t\t\t<div class=\"elementor-widget-wrap elementor-element-populated\">\n\t\t\t\t\t\t<div class=\"elementor-element elementor-element-0b51a0f elementor-widget elementor-widget-text-editor\" data-id=\"0b51a0f\" data-element_type=\"widget\" data-widget_type=\"text-editor.default\">\n\t\t\t\t<div class=\"elementor-widget-container\">\n\t\t\t\t\t\t\t\t\t<p>The spacious rooms are air-conditioned and offer plenty of room to relax in the hotel's warm wooden decor, with a sitting area, coffee maker and large flat screen TV.<\/p>\n<p class=\"translation-block\">If you are on business in Dierkich, you can use our small office and the included coffee during your business stay.<\/p><p class=\"translation-block\">Book our charming spacious room for your stay in Dierkich at an exceptional price on our website and enjoy the best price available online compared to other booking platforms.<\/p><p><span class=\"markedContent\"><span dir=\"ltr\" role=\"presentation\"><br><\/span><\/span><\/p>\n<p><\/p>\n<p>Equipment: king-size double bed | air conditioning | seating | large flat screen TV | coffee maker | free WiFi | Wardrobe | small desk | bathroom with shower<\/p>\t\t\t\t\t\t\t\t<\/div>\n\t\t\t\t<\/div>\n\t\t\t\t<div class=\"elementor-element elementor-element-ca3d89e elementor-align-center elementor-widget elementor-widget-button\" data-id=\"ca3d89e\" data-element_type=\"widget\" data-widget_type=\"button.default\">\n\t\t\t\t<div class=\"elementor-widget-container\">\n\t\t\t\t\t\t\t\t\t<div class=\"elementor-button-wrapper\">\n\t\t\t\t\t<a class=\"elementor-button elementor-button-link elementor-size-lg\" href=\"https:\/\/reservations.cubilis.eu\/hotel-esplanade-diekirch?Language=en-GB\" target=\"_blank\">\n\t\t\t\t\t\t<span class=\"elementor-button-content-wrapper\">\n\t\t\t\t\t\t\t\t\t<span class=\"elementor-button-text\">BOOK NOW<\/span>\n\t\t\t\t\t<\/span>\n\t\t\t\t\t<\/a>\n\t\t\t\t<\/div>\n\t\t\t\t\t\t\t\t<\/div>\n\t\t\t\t<\/div>\n\t\t\t\t\t<\/div>\n\t\t<\/div>\n\t\t\t\t\t<\/div>\n\t\t<\/section>\n\t\t\t\t<section class=\"elementor-section elementor-top-section elementor-element elementor-element-ee11a4c elementor-section-boxed elementor-section-height-default elementor-section-height-default wpr-particle-no wpr-jarallax-no wpr-parallax-no wpr-sticky-section-no\" data-id=\"ee11a4c\" data-element_type=\"section\">\n\t\t\t\t\t\t<div class=\"elementor-container elementor-column-gap-default\">\n\t\t\t\t\t<div class=\"elementor-column elementor-col-100 elementor-top-column elementor-element elementor-element-3caf6ca\" data-id=\"3caf6ca\" data-element_type=\"column\">\n\t\t\t<div class=\"elementor-widget-wrap elementor-element-populated\">\n\t\t\t\t\t\t<div class=\"elementor-element elementor-element-6c16417 elementor-arrows-position-inside elementor-pagination-position-outside elementor-widget elementor-widget-image-carousel\" data-id=\"6c16417\" data-element_type=\"widget\" data-settings=\"{&quot;navigation&quot;:&quot;both&quot;,&quot;autoplay&quot;:&quot;yes&quot;,&quot;pause_on_hover&quot;:&quot;yes&quot;,&quot;pause_on_interaction&quot;:&quot;yes&quot;,&quot;autoplay_speed&quot;:5000,&quot;infinite&quot;:&quot;yes&quot;,&quot;speed&quot;:500}\" data-widget_type=\"image-carousel.default\">\n\t\t\t\t<div class=\"elementor-widget-container\">\n\t\t\t\t\t\t\t<div class=\"elementor-image-carousel-wrapper swiper\" role=\"region\" aria-roledescription=\"carousel\" aria-label=\"Image Carousel\" dir=\"ltr\">\n\t\t\t<div class=\"elementor-image-carousel swiper-wrapper swiper-image-stretch\" aria-live=\"off\">\n\t\t\t\t\t\t\t\t<div class=\"swiper-slide\" role=\"group\" aria-roledescription=\"slide\" aria-label=\"1 of 8\"><a data-elementor-open-lightbox=\"yes\" data-elementor-lightbox-slideshow=\"6c16417\" data-elementor-lightbox-title=\"chambre-superieure-01\" data-e-action-hash=\"#elementor-action%3Aaction%3Dlightbox%26settings%3DeyJpZCI6MTg0LCJ1cmwiOiJodHRwczpcL1wvZXNwbGFuYWRlLWhvdGVsLmx1XC93cC1jb250ZW50XC91cGxvYWRzXC8yMDIyXC8wNlwvY2hhbWJyZS1zdXBlcmlldXJlLTAxLXNjYWxlZC5qcGciLCJzbGlkZXNob3ciOiI2YzE2NDE3In0%3D\" href=\"https:\/\/esplanade-hotel.lu\/wp-content\/uploads\/2022\/06\/chambre-superieure-01-scaled.jpg\"><figure class=\"swiper-slide-inner\"><img decoding=\"async\" class=\"swiper-slide-image\" src=\"https:\/\/esplanade-hotel.lu\/wp-content\/uploads\/elementor\/thumbs\/chambre-superieure-01-scaled-pqyeopgjecnq97x9h89h334tnmp43wj7wkdua3zgsw.jpg\" alt=\"chambre-superieure-01\" \/><\/figure><\/a><\/div><div class=\"swiper-slide\" role=\"group\" aria-roledescription=\"slide\" aria-label=\"2 of 8\"><a data-elementor-open-lightbox=\"yes\" data-elementor-lightbox-slideshow=\"6c16417\" data-elementor-lightbox-title=\"chambre-superieure-03\" data-e-action-hash=\"#elementor-action%3Aaction%3Dlightbox%26settings%3DeyJpZCI6MTg3LCJ1cmwiOiJodHRwczpcL1wvZXNwbGFuYWRlLWhvdGVsLmx1XC93cC1jb250ZW50XC91cGxvYWRzXC8yMDIyXC8wNlwvY2hhbWJyZS1zdXBlcmlldXJlLTAzLXNjYWxlZC5qcGciLCJzbGlkZXNob3ciOiI2YzE2NDE3In0%3D\" href=\"https:\/\/esplanade-hotel.lu\/wp-content\/uploads\/2022\/06\/chambre-superieure-03-scaled.jpg\"><figure class=\"swiper-slide-inner\"><img decoding=\"async\" class=\"swiper-slide-image\" src=\"https:\/\/esplanade-hotel.lu\/wp-content\/uploads\/elementor\/thumbs\/chambre-superieure-03-scaled-pqyep7bh07c6dt7bkxzdwgmkxy9365i4b0s2ed8zio.jpg\" alt=\"chambre-superieure-03\" \/><\/figure><\/a><\/div><div class=\"swiper-slide\" role=\"group\" aria-roledescription=\"slide\" aria-label=\"3 of 8\"><a data-elementor-open-lightbox=\"yes\" data-elementor-lightbox-slideshow=\"6c16417\" data-elementor-lightbox-title=\"chambre-confort-11\" data-e-action-hash=\"#elementor-action%3Aaction%3Dlightbox%26settings%3DeyJpZCI6MjY0LCJ1cmwiOiJodHRwczpcL1wvZXNwbGFuYWRlLWhvdGVsLmx1XC93cC1jb250ZW50XC91cGxvYWRzXC8yMDIyXC8wNlwvY2hhbWJyZS1jb25mb3J0LTExLXNjYWxlZC5qcGciLCJzbGlkZXNob3ciOiI2YzE2NDE3In0%3D\" href=\"https:\/\/esplanade-hotel.lu\/wp-content\/uploads\/2022\/06\/chambre-confort-11-scaled.jpg\"><figure class=\"swiper-slide-inner\"><img decoding=\"async\" class=\"swiper-slide-image\" src=\"https:\/\/esplanade-hotel.lu\/wp-content\/uploads\/elementor\/thumbs\/chambre-confort-11-scaled-pr06aly0yfd2ahpo21vyg8knug262lacqj3t7gq2fk.jpg\" alt=\"chambre-confort-11\" \/><\/figure><\/a><\/div><div class=\"swiper-slide\" role=\"group\" aria-roledescription=\"slide\" aria-label=\"4 of 8\"><a data-elementor-open-lightbox=\"yes\" data-elementor-lightbox-slideshow=\"6c16417\" data-elementor-lightbox-title=\"chambre-superieure-05\" data-e-action-hash=\"#elementor-action%3Aaction%3Dlightbox%26settings%3DeyJpZCI6MTgyLCJ1cmwiOiJodHRwczpcL1wvZXNwbGFuYWRlLWhvdGVsLmx1XC93cC1jb250ZW50XC91cGxvYWRzXC8yMDIyXC8wNlwvY2hhbWJyZS1zdXBlcmlldXJlLTA1LXNjYWxlZC5qcGciLCJzbGlkZXNob3ciOiI2YzE2NDE3In0%3D\" href=\"https:\/\/esplanade-hotel.lu\/wp-content\/uploads\/2022\/06\/chambre-superieure-05-scaled.jpg\"><figure class=\"swiper-slide-inner\"><img decoding=\"async\" class=\"swiper-slide-image\" src=\"https:\/\/esplanade-hotel.lu\/wp-content\/uploads\/elementor\/thumbs\/chambre-superieure-05-scaled-pqyeo8jfzc0kg8lu80y6u7eiyp0i9co1u8n3n4ojww.jpg\" alt=\"chambre-superieure-05\" \/><\/figure><\/a><\/div><div class=\"swiper-slide\" role=\"group\" aria-roledescription=\"slide\" aria-label=\"5 of 8\"><a data-elementor-open-lightbox=\"yes\" data-elementor-lightbox-slideshow=\"6c16417\" data-elementor-lightbox-title=\"coffee-maker-02\" data-e-action-hash=\"#elementor-action%3Aaction%3Dlightbox%26settings%3DeyJpZCI6NTcxLCJ1cmwiOiJodHRwczpcL1wvZXNwbGFuYWRlLWhvdGVsLmx1XC93cC1jb250ZW50XC91cGxvYWRzXC8yMDIyXC8wN1wvY29mZmVlLW1ha2VyLTAyLXNjYWxlZC5qcGciLCJzbGlkZXNob3ciOiI2YzE2NDE3In0%3D\" href=\"https:\/\/esplanade-hotel.lu\/wp-content\/uploads\/2022\/07\/coffee-maker-02-scaled.jpg\"><figure class=\"swiper-slide-inner\"><img decoding=\"async\" class=\"swiper-slide-image\" src=\"https:\/\/esplanade-hotel.lu\/wp-content\/uploads\/elementor\/thumbs\/coffee-maker-02-scaled-pr4ld7wabunr9zhqoesoa5bzhubv5tj4qm87lhtm8g.jpg\" alt=\"coffee-maker-02\" \/><\/figure><\/a><\/div><div class=\"swiper-slide\" role=\"group\" aria-roledescription=\"slide\" aria-label=\"6 of 8\"><a data-elementor-open-lightbox=\"yes\" data-elementor-lightbox-slideshow=\"6c16417\" data-elementor-lightbox-title=\"in-room-drinks\" data-e-action-hash=\"#elementor-action%3Aaction%3Dlightbox%26settings%3DeyJpZCI6NTcwLCJ1cmwiOiJodHRwczpcL1wvZXNwbGFuYWRlLWhvdGVsLmx1XC93cC1jb250ZW50XC91cGxvYWRzXC8yMDIyXC8wN1wvaW4tcm9vbS1kcmlua3Mtc2NhbGVkLmpwZyIsInNsaWRlc2hvdyI6IjZjMTY0MTcifQ%3D%3D\" href=\"https:\/\/esplanade-hotel.lu\/wp-content\/uploads\/2022\/07\/in-room-drinks-scaled.jpg\"><figure class=\"swiper-slide-inner\"><img decoding=\"async\" class=\"swiper-slide-image\" src=\"https:\/\/esplanade-hotel.lu\/wp-content\/uploads\/elementor\/thumbs\/in-room-drinks-scaled-pr4ld2996ug1cbpxlccwv6r7xj3nvmwqpubapu1z9s.jpg\" alt=\"in-room-drinks\" \/><\/figure><\/a><\/div><div class=\"swiper-slide\" role=\"group\" aria-roledescription=\"slide\" aria-label=\"7 of 8\"><a data-elementor-open-lightbox=\"yes\" data-elementor-lightbox-slideshow=\"6c16417\" data-elementor-lightbox-title=\"chambre-superieure-02\" data-e-action-hash=\"#elementor-action%3Aaction%3Dlightbox%26settings%3DeyJpZCI6MTg1LCJ1cmwiOiJodHRwczpcL1wvZXNwbGFuYWRlLWhvdGVsLmx1XC93cC1jb250ZW50XC91cGxvYWRzXC8yMDIyXC8wNlwvY2hhbWJyZS1zdXBlcmlldXJlLTAyLXNjYWxlZC5qcGciLCJzbGlkZXNob3ciOiI2YzE2NDE3In0%3D\" href=\"https:\/\/esplanade-hotel.lu\/wp-content\/uploads\/2022\/06\/chambre-superieure-02-scaled.jpg\"><figure class=\"swiper-slide-inner\"><img decoding=\"async\" class=\"swiper-slide-image\" src=\"https:\/\/esplanade-hotel.lu\/wp-content\/uploads\/elementor\/thumbs\/chambre-superieure-02-scaled-pqyeoyuxap0lhbjlycbqs0rflhes8vkj9uwp2vlj2o.jpg\" alt=\"chambre-superieure-02\" \/><\/figure><\/a><\/div><div class=\"swiper-slide\" role=\"group\" aria-roledescription=\"slide\" aria-label=\"8 of 8\"><a data-elementor-open-lightbox=\"yes\" data-elementor-lightbox-slideshow=\"6c16417\" data-elementor-lightbox-title=\"chambre-confort-13\" data-e-action-hash=\"#elementor-action%3Aaction%3Dlightbox%26settings%3DeyJpZCI6MjY1LCJ1cmwiOiJodHRwczpcL1wvZXNwbGFuYWRlLWhvdGVsLmx1XC93cC1jb250ZW50XC91cGxvYWRzXC8yMDIyXC8wNlwvY2hhbWJyZS1jb25mb3J0LTEzLXNjYWxlZC5qcGciLCJzbGlkZXNob3ciOiI2YzE2NDE3In0%3D\" href=\"https:\/\/esplanade-hotel.lu\/wp-content\/uploads\/2022\/06\/chambre-confort-13-scaled.jpg\"><figure class=\"swiper-slide-inner\"><img decoding=\"async\" class=\"swiper-slide-image\" src=\"https:\/\/esplanade-hotel.lu\/wp-content\/uploads\/elementor\/thumbs\/chambre-confort-13-scaled-pr06aqn7wljhwjiualx3apdytdf052t0f6d8luj3kg.jpg\" alt=\"chambre-confort-13\" \/><\/figure><\/a><\/div>\t\t\t<\/div>\n\t\t\t\t\t\t\t\t\t\t\t\t<div class=\"elementor-swiper-button elementor-swiper-button-prev\" role=\"button\" tabindex=\"0\">\n\t\t\t\t\t\t<i aria-hidden=\"true\" class=\"eicon-chevron-left\"><\/i>\t\t\t\t\t<\/div>\n\t\t\t\t\t<div class=\"elementor-swiper-button elementor-swiper-button-next\" role=\"button\" tabindex=\"0\">\n\t\t\t\t\t\t<i aria-hidden=\"true\" class=\"eicon-chevron-right\"><\/i>\t\t\t\t\t<\/div>\n\t\t\t\t\n\t\t\t\t\t\t\t\t\t<div class=\"swiper-pagination\"><\/div>\n\t\t\t\t\t\t\t\t\t<\/div>\n\t\t\t\t\t\t<\/div>\n\t\t\t\t<\/div>\n\t\t\t\t\t<\/div>\n\t\t<\/div>\n\t\t\t\t\t<\/div>\n\t\t<\/section>\n\t\t\t\t<\/div>","protected":false},"excerpt":{"rendered":"<p>Les Chambres Spacieuses sont climatis\u00e9es et offrent beaucoup d&rsquo;espace pour se d\u00e9tendre dans le d\u00e9cor chaleureux en bois de l&rsquo;h\u00f4tel, avec un coin salon, une cafeti\u00e8re et une grande t\u00e9l\u00e9vision \u00e0 \u00e9cran plat. Si vous \u00eates en d\u00e9placement professionnel \u00e0 Dierkich, vous pouvez utiliser notre petit bureau&nbsp;et le caf\u00e9 inclus pendant votre s\u00e9jour d&rsquo;affaires. R\u00e9servez notre charmante chambre spacieuse pour votre s\u00e9jour \u00e0 Dierkich \u00e0 un prix&nbsp;exceptionnel sur notre site web et profitez du meilleur prix disponible en ligne en comparaison&nbsp;avec les autres plateformes de r\u00e9servation. \u00c9quipement : grand lit double | climatisation | coin salon | grand t\u00e9l\u00e9viseur \u00e0 \u00e9cran plat | cafeti\u00e8re | Wi-Fi gratuit | armoire | petit bureau | salle de bain avec douche R\u00c9SERVER MAINTENANT Previous Next [&#8230;]<\/p>\n<p><a class=\"btn btn-secondary understrap-read-more-link\" href=\"https:\/\/esplanade-hotel.lu\/en\/chambres\/chambre-spacieuse\/\">Read More&#8230;<span class=\"screen-reader-text\"> from Chambre Spacieuse\u00a0<\/span><\/a><\/p>","protected":false},"author":1,"featured_media":0,"parent":41,"menu_order":0,"comment_status":"closed","ping_status":"closed","template":"elementor_header_footer","meta":{"inline_featured_image":false,"footnotes":""},"class_list":["post-127","page","type-page","status-publish","hentry"],"acf":[],"_links":{"self":[{"href":"https:\/\/esplanade-hotel.lu\/en\/wp-json\/wp\/v2\/pages\/127","targetHints":{"allow":["GET"]}}],"collection":[{"href":"https:\/\/esplanade-hotel.lu\/en\/wp-json\/wp\/v2\/pages"}],"about":[{"href":"https:\/\/esplanade-hotel.lu\/en\/wp-json\/wp\/v2\/types\/page"}],"author":[{"embeddable":true,"href":"https:\/\/esplanade-hotel.lu\/en\/wp-json\/wp\/v2\/users\/1"}],"replies":[{"embeddable":true,"href":"https:\/\/esplanade-hotel.lu\/en\/wp-json\/wp\/v2\/comments?post=127"}],"version-history":[{"count":64,"href":"https:\/\/esplanade-hotel.lu\/en\/wp-json\/wp\/v2\/pages\/127\/revisions"}],"predecessor-version":[{"id":1410,"href":"https:\/\/esplanade-hotel.lu\/en\/wp-json\/wp\/v2\/pages\/127\/revisions\/1410"}],"up":[{"embeddable":true,"href":"https:\/\/esplanade-hotel.lu\/en\/wp-json\/wp\/v2\/pages\/41"}],"wp:attachment":[{"href":"https:\/\/esplanade-hotel.lu\/en\/wp-json\/wp\/v2\/media?parent=127"}],"curies":[{"name":"wp","href":"https:\/\/api.w.org\/{rel}","templated":true}]}}