{"id":8,"date":"2022-06-23T14:16:09","date_gmt":"2022-06-23T14:16:09","guid":{"rendered":"http:\/\/irfuucl.cluster030.hosting.ovh.net\/?page_id=8"},"modified":"2023-09-04T14:09:08","modified_gmt":"2023-09-04T14:09:08","slug":"home","status":"publish","type":"page","link":"https:\/\/esplanade-hotel.lu\/de\/","title":{"rendered":"Home"},"content":{"rendered":"<div data-elementor-type=\"wp-page\" data-elementor-id=\"8\" class=\"elementor elementor-8\">\n\t\t\t\t\t\t<section class=\"elementor-section elementor-top-section elementor-element elementor-element-8ecc635 elementor-section-full_width elementor-section-height-default elementor-section-height-default wpr-particle-no wpr-jarallax-no wpr-parallax-no wpr-sticky-section-no\" data-id=\"8ecc635\" data-element_type=\"section\">\n\t\t\t\t\t\t<div class=\"elementor-container elementor-column-gap-no\">\n\t\t\t\t\t<div class=\"elementor-column elementor-col-100 elementor-top-column elementor-element elementor-element-51eaf4c\" data-id=\"51eaf4c\" data-element_type=\"column\">\n\t\t\t<div class=\"elementor-widget-wrap elementor-element-populated\">\n\t\t\t\t\t\t<div class=\"elementor-element elementor-element-ee39c6c elementor-widget__width-inherit elementor-widget elementor-widget-sina_banner_slider\" data-id=\"ee39c6c\" data-element_type=\"widget\" data-widget_type=\"sina_banner_slider.default\">\n\t\t\t\t<div class=\"elementor-widget-container\">\n\t\t\t\t\t\t\t<div class=\"sina-banner-slider owl-carousel\"\r\n\t\tdata-autoplay=\"yes\"\r\n\t\tdata-pause=\"yes\"\r\n\t\tdata-nav=\"yes\"\r\n\t\tdata-dots=\"yes\"\r\n\t\tdata-mouse-drag=\"yes\"\r\n\t\tdata-touch-drag=\"yes\"\r\n\t\tdata-loop=\"yes\"\r\n\t\tdata-speed=\"1000\"\r\n\t\tdata-part-anim=\"\"\r\n\t\tdata-delay=\"3000\">\r\n\r\n\t\t\t\t\t\t\t<div class=\"sina-slider-content sina-bg-cover\" style=\"background-image: url(https:\/\/esplanade-hotel.lu\/wp-content\/uploads\/2022\/07\/outside-01-scaled.jpg);\">\r\n\t\t\t\t\t\r\n\t\t\t\t\t<div class=\"sina-banner-container elementor-repeater-item-0998304\">\r\n\r\n\t\t\t\t\t\t\r\n\t\t\t\t\t\t\r\n\t\t\t\t\t\t\r\n\t\t\t\t\t\t\t\t\t\t\t<\/div>\r\n\t\t\t\t<\/div>\r\n\t\t\t\t\t\t\t<div class=\"sina-slider-content sina-bg-cover\" style=\"background-image: url(https:\/\/esplanade-hotel.lu\/wp-content\/uploads\/2022\/07\/rodizio-05-scaled.jpg);\">\r\n\t\t\t\t\t\r\n\t\t\t\t\t<div class=\"sina-banner-container elementor-repeater-item-7b914ca\">\r\n\r\n\t\t\t\t\t\t\r\n\t\t\t\t\t\t\r\n\t\t\t\t\t\t\r\n\t\t\t\t\t\t\t\t\t\t\t<\/div>\r\n\t\t\t\t<\/div>\r\n\t\t\t\t\t\t\t<div class=\"sina-slider-content sina-bg-cover\" style=\"background-image: url(https:\/\/esplanade-hotel.lu\/wp-content\/uploads\/2022\/07\/chambre-standard-05-scaled.jpg);\">\r\n\t\t\t\t\t\r\n\t\t\t\t\t<div class=\"sina-banner-container elementor-repeater-item-90130c5\">\r\n\r\n\t\t\t\t\t\t\r\n\t\t\t\t\t\t\r\n\t\t\t\t\t\t\r\n\t\t\t\t\t\t\t\t\t\t\t<\/div>\r\n\t\t\t\t<\/div>\r\n\t\t\t\t\t\t\t<div class=\"sina-slider-content sina-bg-cover\" style=\"background-image: url(https:\/\/esplanade-hotel.lu\/wp-content\/uploads\/2022\/07\/la-cave-17-scaled.jpg);\">\r\n\t\t\t\t\t\r\n\t\t\t\t\t<div class=\"sina-banner-container elementor-repeater-item-4b964c6\">\r\n\r\n\t\t\t\t\t\t\r\n\t\t\t\t\t\t\r\n\t\t\t\t\t\t\r\n\t\t\t\t\t\t\t\t\t\t\t<\/div>\r\n\t\t\t\t<\/div>\r\n\t\t\t\t\t<\/div><!-- .sina-banner-slider -->\r\n\t\t\t\t\t\t<\/div>\n\t\t\t\t<\/div>\n\t\t\t\t\t<\/div>\n\t\t<\/div>\n\t\t\t\t\t<\/div>\n\t\t<\/section>\n\t\t\t\t<section class=\"elementor-section elementor-top-section elementor-element elementor-element-18a10ff elementor-section-boxed elementor-section-height-default elementor-section-height-default wpr-particle-no wpr-jarallax-no wpr-parallax-no wpr-sticky-section-no\" data-id=\"18a10ff\" data-element_type=\"section\">\n\t\t\t\t\t\t<div class=\"elementor-container elementor-column-gap-default\">\n\t\t\t\t\t<div class=\"elementor-column elementor-col-100 elementor-top-column elementor-element elementor-element-4e84179\" data-id=\"4e84179\" data-element_type=\"column\">\n\t\t\t<div class=\"elementor-widget-wrap elementor-element-populated\">\n\t\t\t\t\t\t<div class=\"elementor-element elementor-element-64ffbda elementor-widget elementor-widget-text-editor\" data-id=\"64ffbda\" data-element_type=\"widget\" data-widget_type=\"text-editor.default\">\n\t\t\t\t<div class=\"elementor-widget-container\">\n\t\t\t\t\t\t\t\t\t<p>Das Esplanade Hotel befindet sich in der charmanten Stadt Diekirch, die f\u00fcr ihre \u00f6rtliche Brauerei, ihr Nationalmuseum f\u00fcr Milit\u00e4rgeschichte, ihr historisches Konservatorium f\u00fcr Fahrzeuge und f\u00fcr die vielen Aktivit\u00e4ten in der Umgebung bekannt ist.<\/p>\n<p><\/p>\n<p>Das Esplanade Hotel, ehemals Hotel Beau S\u00e9jour, wurde 2021 komplett renoviert und bietet nun attraktive, gem\u00fctliche, komfortabel ausgestattete und klimatisierte Zimmer. Im gesamten Hotel dominiert das Element Holz. Dieses edle und \u00f6kologische Material sorgt f\u00fcr Komfort und ein unvergleichliches W\u00e4rmegef\u00fchl.<\/p>\t\t\t\t\t\t\t\t<\/div>\n\t\t\t\t<\/div>\n\t\t\t\t\t<\/div>\n\t\t<\/div>\n\t\t\t\t\t<\/div>\n\t\t<\/section>\n\t\t\t\t<section class=\"elementor-section elementor-top-section elementor-element elementor-element-3bb3179 elementor-section-boxed elementor-section-height-default elementor-section-height-default wpr-particle-no wpr-jarallax-no wpr-parallax-no wpr-sticky-section-no\" data-id=\"3bb3179\" data-element_type=\"section\">\n\t\t\t\t\t\t<div class=\"elementor-container elementor-column-gap-custom\">\n\t\t\t\t\t<div class=\"elementor-column elementor-col-100 elementor-top-column elementor-element elementor-element-8962dba\" data-id=\"8962dba\" data-element_type=\"column\">\n\t\t\t<div class=\"elementor-widget-wrap elementor-element-populated\">\n\t\t\t\t\t\t<section class=\"elementor-section elementor-inner-section elementor-element elementor-element-cc15eed elementor-section-boxed elementor-section-height-default elementor-section-height-default wpr-particle-no wpr-jarallax-no wpr-parallax-no wpr-sticky-section-no\" data-id=\"cc15eed\" data-element_type=\"section\">\n\t\t\t\t\t\t<div class=\"elementor-container elementor-column-gap-default\">\n\t\t\t\t\t<div class=\"elementor-column elementor-col-50 elementor-inner-column elementor-element elementor-element-db2b904\" data-id=\"db2b904\" data-element_type=\"column\">\n\t\t\t<div class=\"elementor-widget-wrap elementor-element-populated\">\n\t\t\t\t\t\t<div class=\"elementor-element elementor-element-1d53e87 elementor-widget elementor-widget-text-editor\" data-id=\"1d53e87\" data-element_type=\"widget\" data-widget_type=\"text-editor.default\">\n\t\t\t\t<div class=\"elementor-widget-container\">\n\t\t\t\t\t\t\t\t\t<h1 class=\"hotel-amenity__title\">Zimmer<\/h1>\n<p class=\"translation-block\">Finden Sie das perfekte Zimmer f\u00fcr Ihren Aufenthalt in Dierkich, ob Gesch\u00e4ftsreise oder Familienurlaub, zu einem attraktiven Buchungspreis.<\/p>\t\t\t\t\t\t\t\t<\/div>\n\t\t\t\t<\/div>\n\t\t\t\t<div class=\"elementor-element elementor-element-d5b7fab elementor-align-center elementor-widget elementor-widget-button\" data-id=\"d5b7fab\" data-element_type=\"widget\" data-widget_type=\"button.default\">\n\t\t\t\t<div class=\"elementor-widget-container\">\n\t\t\t\t\t\t\t\t\t<div class=\"elementor-button-wrapper\">\n\t\t\t\t\t<a class=\"elementor-button elementor-button-link elementor-size-md\" href=\"https:\/\/esplanade-hotel.lu\/de\/chambres\/\">\n\t\t\t\t\t\t<span class=\"elementor-button-content-wrapper\">\n\t\t\t\t\t\t\t\t\t<span class=\"elementor-button-text\">Ansehen<\/span>\n\t\t\t\t\t<\/span>\n\t\t\t\t\t<\/a>\n\t\t\t\t<\/div>\n\t\t\t\t\t\t\t\t<\/div>\n\t\t\t\t<\/div>\n\t\t\t\t\t<\/div>\n\t\t<\/div>\n\t\t\t\t<div class=\"elementor-column elementor-col-50 elementor-inner-column elementor-element elementor-element-9942791\" data-id=\"9942791\" data-element_type=\"column\">\n\t\t\t<div class=\"elementor-widget-wrap elementor-element-populated\">\n\t\t\t\t\t\t<div class=\"elementor-element elementor-element-a1bd256 elementor-widget elementor-widget-image\" data-id=\"a1bd256\" data-element_type=\"widget\" data-widget_type=\"image.default\">\n\t\t\t\t<div class=\"elementor-widget-container\">\n\t\t\t\t\t\t\t\t\t\t\t\t\t\t\t<img fetchpriority=\"high\" decoding=\"async\" width=\"2560\" height=\"1706\" src=\"https:\/\/esplanade-hotel.lu\/wp-content\/uploads\/2022\/06\/chambre-standard-01-scaled.jpg\" class=\"attachment-full size-full wp-image-166\" alt=\"\" srcset=\"https:\/\/esplanade-hotel.lu\/wp-content\/uploads\/2022\/06\/chambre-standard-01-scaled.jpg 2560w, https:\/\/esplanade-hotel.lu\/wp-content\/uploads\/2022\/06\/chambre-standard-01-300x200.jpg 300w, https:\/\/esplanade-hotel.lu\/wp-content\/uploads\/2022\/06\/chambre-standard-01-1024x682.jpg 1024w, https:\/\/esplanade-hotel.lu\/wp-content\/uploads\/2022\/06\/chambre-standard-01-768x512.jpg 768w, https:\/\/esplanade-hotel.lu\/wp-content\/uploads\/2022\/06\/chambre-standard-01-1536x1023.jpg 1536w, https:\/\/esplanade-hotel.lu\/wp-content\/uploads\/2022\/06\/chambre-standard-01-2048x1365.jpg 2048w\" sizes=\"(max-width: 2560px) 100vw, 2560px\" \/>\t\t\t\t\t\t\t\t\t\t\t\t\t\t\t<\/div>\n\t\t\t\t<\/div>\n\t\t\t\t\t<\/div>\n\t\t<\/div>\n\t\t\t\t\t<\/div>\n\t\t<\/section>\n\t\t\t\t\t<\/div>\n\t\t<\/div>\n\t\t\t\t\t<\/div>\n\t\t<\/section>\n\t\t\t\t<section class=\"elementor-section elementor-top-section elementor-element elementor-element-8fe5c87 elementor-section-boxed elementor-section-height-default elementor-section-height-default wpr-particle-no wpr-jarallax-no wpr-parallax-no wpr-sticky-section-no\" data-id=\"8fe5c87\" data-element_type=\"section\">\n\t\t\t\t\t\t<div class=\"elementor-container elementor-column-gap-custom\">\n\t\t\t\t\t<div class=\"elementor-column elementor-col-100 elementor-top-column elementor-element elementor-element-13d576c\" data-id=\"13d576c\" data-element_type=\"column\">\n\t\t\t<div class=\"elementor-widget-wrap elementor-element-populated\">\n\t\t\t\t\t\t<section class=\"elementor-section elementor-inner-section elementor-element elementor-element-7adf43c elementor-section-boxed elementor-section-height-default elementor-section-height-default wpr-particle-no wpr-jarallax-no wpr-parallax-no wpr-sticky-section-no\" data-id=\"7adf43c\" data-element_type=\"section\">\n\t\t\t\t\t\t<div class=\"elementor-container elementor-column-gap-default\">\n\t\t\t\t\t<div class=\"elementor-column elementor-col-50 elementor-inner-column elementor-element elementor-element-305fd7f\" data-id=\"305fd7f\" data-element_type=\"column\">\n\t\t\t<div class=\"elementor-widget-wrap elementor-element-populated\">\n\t\t\t\t\t\t<div class=\"elementor-element elementor-element-338a0cf elementor-widget elementor-widget-image\" data-id=\"338a0cf\" data-element_type=\"widget\" data-widget_type=\"image.default\">\n\t\t\t\t<div class=\"elementor-widget-container\">\n\t\t\t\t\t\t\t\t\t\t\t\t\t\t\t<img decoding=\"async\" width=\"2560\" height=\"1708\" src=\"https:\/\/esplanade-hotel.lu\/wp-content\/uploads\/2022\/07\/rodizio-02-scaled.jpg\" class=\"attachment-full size-full wp-image-802\" alt=\"\" srcset=\"https:\/\/esplanade-hotel.lu\/wp-content\/uploads\/2022\/07\/rodizio-02-scaled.jpg 2560w, https:\/\/esplanade-hotel.lu\/wp-content\/uploads\/2022\/07\/rodizio-02-300x200.jpg 300w, https:\/\/esplanade-hotel.lu\/wp-content\/uploads\/2022\/07\/rodizio-02-1024x683.jpg 1024w, https:\/\/esplanade-hotel.lu\/wp-content\/uploads\/2022\/07\/rodizio-02-768x512.jpg 768w, https:\/\/esplanade-hotel.lu\/wp-content\/uploads\/2022\/07\/rodizio-02-1536x1025.jpg 1536w, https:\/\/esplanade-hotel.lu\/wp-content\/uploads\/2022\/07\/rodizio-02-2048x1366.jpg 2048w\" sizes=\"(max-width: 2560px) 100vw, 2560px\" \/>\t\t\t\t\t\t\t\t\t\t\t\t\t\t\t<\/div>\n\t\t\t\t<\/div>\n\t\t\t\t\t<\/div>\n\t\t<\/div>\n\t\t\t\t<div class=\"elementor-column elementor-col-50 elementor-inner-column elementor-element elementor-element-5b0e346\" data-id=\"5b0e346\" data-element_type=\"column\">\n\t\t\t<div class=\"elementor-widget-wrap elementor-element-populated\">\n\t\t\t\t\t\t<div class=\"elementor-element elementor-element-776132a elementor-widget elementor-widget-text-editor\" data-id=\"776132a\" data-element_type=\"widget\" data-widget_type=\"text-editor.default\">\n\t\t\t\t<div class=\"elementor-widget-container\">\n\t\t\t\t\t\t\t\t\t<h1 class=\"hotel-amenity__title\">Restaurants<\/h1>\n<p>Wir haben drei Restaurants mit unterschiedlichen gastronomischen Angeboten und Atmosph\u00e4ren. Genie\u00dfen Sie unsere k\u00f6stlichen Fondues, unsere Auswahl an frischen Pizzen und unser unvergessliches Erlebnis mit brasilianischem Fleisch.<\/p>\t\t\t\t\t\t\t\t<\/div>\n\t\t\t\t<\/div>\n\t\t\t\t<div class=\"elementor-element elementor-element-7f29fd6 elementor-align-center elementor-widget elementor-widget-button\" data-id=\"7f29fd6\" data-element_type=\"widget\" data-widget_type=\"button.default\">\n\t\t\t\t<div class=\"elementor-widget-container\">\n\t\t\t\t\t\t\t\t\t<div class=\"elementor-button-wrapper\">\n\t\t\t\t\t<a class=\"elementor-button elementor-button-link elementor-size-md\" href=\"https:\/\/esplanade-hotel.lu\/de\/restaurants\/\">\n\t\t\t\t\t\t<span class=\"elementor-button-content-wrapper\">\n\t\t\t\t\t\t\t\t\t<span class=\"elementor-button-text\">Ansehen<\/span>\n\t\t\t\t\t<\/span>\n\t\t\t\t\t<\/a>\n\t\t\t\t<\/div>\n\t\t\t\t\t\t\t\t<\/div>\n\t\t\t\t<\/div>\n\t\t\t\t\t<\/div>\n\t\t<\/div>\n\t\t\t\t\t<\/div>\n\t\t<\/section>\n\t\t\t\t\t<\/div>\n\t\t<\/div>\n\t\t\t\t\t<\/div>\n\t\t<\/section>\n\t\t\t\t<section class=\"elementor-section elementor-top-section elementor-element elementor-element-5fb62a2 elementor-section-boxed elementor-section-height-default elementor-section-height-default wpr-particle-no wpr-jarallax-no wpr-parallax-no wpr-sticky-section-no\" data-id=\"5fb62a2\" data-element_type=\"section\">\n\t\t\t\t\t\t<div class=\"elementor-container elementor-column-gap-custom\">\n\t\t\t\t\t<div class=\"elementor-column elementor-col-100 elementor-top-column elementor-element elementor-element-698ee0e\" data-id=\"698ee0e\" data-element_type=\"column\">\n\t\t\t<div class=\"elementor-widget-wrap elementor-element-populated\">\n\t\t\t\t\t\t<section class=\"elementor-section elementor-inner-section elementor-element elementor-element-eca263b elementor-section-boxed elementor-section-height-default elementor-section-height-default wpr-particle-no wpr-jarallax-no wpr-parallax-no wpr-sticky-section-no\" data-id=\"eca263b\" data-element_type=\"section\">\n\t\t\t\t\t\t<div class=\"elementor-container elementor-column-gap-default\">\n\t\t\t\t\t<div class=\"elementor-column elementor-col-50 elementor-inner-column elementor-element elementor-element-01936f0\" data-id=\"01936f0\" data-element_type=\"column\">\n\t\t\t<div class=\"elementor-widget-wrap elementor-element-populated\">\n\t\t\t\t\t\t<div class=\"elementor-element elementor-element-dcbcc26 elementor-widget elementor-widget-text-editor\" data-id=\"dcbcc26\" data-element_type=\"widget\" data-widget_type=\"text-editor.default\">\n\t\t\t\t<div class=\"elementor-widget-container\">\n\t\t\t\t\t\t\t\t\t<h1 class=\"hotel-amenity__title\">Weinkeller<\/h1>\n<p class=\"translation-block\">In diesem wundersch\u00f6nen Weinkeller k\u00f6nnen Sie Ihre Flasche Wein aus verschiedenen L\u00e4ndern selbst ausw\u00e4hlen.<\/p>\t\t\t\t\t\t\t\t<\/div>\n\t\t\t\t<\/div>\n\t\t\t\t<div class=\"elementor-element elementor-element-11fd7f9 elementor-align-center elementor-widget elementor-widget-button\" data-id=\"11fd7f9\" data-element_type=\"widget\" data-widget_type=\"button.default\">\n\t\t\t\t<div class=\"elementor-widget-container\">\n\t\t\t\t\t\t\t\t\t<div class=\"elementor-button-wrapper\">\n\t\t\t\t\t<a class=\"elementor-button elementor-button-link elementor-size-md\" href=\"https:\/\/esplanade-hotel.lu\/de\/cave-a-vin\/\">\n\t\t\t\t\t\t<span class=\"elementor-button-content-wrapper\">\n\t\t\t\t\t\t\t\t\t<span class=\"elementor-button-text\">Ansehen<\/span>\n\t\t\t\t\t<\/span>\n\t\t\t\t\t<\/a>\n\t\t\t\t<\/div>\n\t\t\t\t\t\t\t\t<\/div>\n\t\t\t\t<\/div>\n\t\t\t\t\t<\/div>\n\t\t<\/div>\n\t\t\t\t<div class=\"elementor-column elementor-col-50 elementor-inner-column elementor-element elementor-element-5411673\" data-id=\"5411673\" data-element_type=\"column\">\n\t\t\t<div class=\"elementor-widget-wrap elementor-element-populated\">\n\t\t\t\t\t\t<div class=\"elementor-element elementor-element-0ea6049 elementor-widget elementor-widget-image\" data-id=\"0ea6049\" data-element_type=\"widget\" data-widget_type=\"image.default\">\n\t\t\t\t<div class=\"elementor-widget-container\">\n\t\t\t\t\t\t\t\t\t\t\t\t\t\t\t<img decoding=\"async\" width=\"2560\" height=\"1707\" src=\"https:\/\/esplanade-hotel.lu\/wp-content\/uploads\/2022\/06\/la-cave-16-scaled.jpg\" class=\"attachment-full size-full wp-image-208\" alt=\"\" srcset=\"https:\/\/esplanade-hotel.lu\/wp-content\/uploads\/2022\/06\/la-cave-16-scaled.jpg 2560w, https:\/\/esplanade-hotel.lu\/wp-content\/uploads\/2022\/06\/la-cave-16-300x200.jpg 300w, https:\/\/esplanade-hotel.lu\/wp-content\/uploads\/2022\/06\/la-cave-16-1024x683.jpg 1024w, https:\/\/esplanade-hotel.lu\/wp-content\/uploads\/2022\/06\/la-cave-16-768x512.jpg 768w, https:\/\/esplanade-hotel.lu\/wp-content\/uploads\/2022\/06\/la-cave-16-1536x1024.jpg 1536w, https:\/\/esplanade-hotel.lu\/wp-content\/uploads\/2022\/06\/la-cave-16-2048x1365.jpg 2048w\" sizes=\"(max-width: 2560px) 100vw, 2560px\" \/>\t\t\t\t\t\t\t\t\t\t\t\t\t\t\t<\/div>\n\t\t\t\t<\/div>\n\t\t\t\t\t<\/div>\n\t\t<\/div>\n\t\t\t\t\t<\/div>\n\t\t<\/section>\n\t\t\t\t\t<\/div>\n\t\t<\/div>\n\t\t\t\t\t<\/div>\n\t\t<\/section>\n\t\t\t\t<section class=\"elementor-section elementor-top-section elementor-element elementor-element-ba2d776 elementor-section-boxed elementor-section-height-default elementor-section-height-default wpr-particle-no wpr-jarallax-no wpr-parallax-no wpr-sticky-section-no\" data-id=\"ba2d776\" data-element_type=\"section\" data-settings=\"{&quot;background_background&quot;:&quot;classic&quot;}\">\n\t\t\t\t\t\t\t<div class=\"elementor-background-overlay\"><\/div>\n\t\t\t\t\t\t\t<div class=\"elementor-container elementor-column-gap-no\">\n\t\t\t\t\t<div class=\"elementor-column elementor-col-100 elementor-top-column elementor-element elementor-element-8c7ca7e\" data-id=\"8c7ca7e\" data-element_type=\"column\">\n\t\t\t<div class=\"elementor-widget-wrap elementor-element-populated\">\n\t\t\t\t\t\t<div class=\"elementor-element elementor-element-ab604cc elementor-widget elementor-widget-text-editor\" data-id=\"ab604cc\" data-element_type=\"widget\" data-widget_type=\"text-editor.default\">\n\t\t\t\t<div class=\"elementor-widget-container\">\n\t\t\t\t\t\t\t\t\t<p>In der 100 m vom Hotel entfernten \u00f6ffentlichen Tiefgarage (kostenpflichtig) k\u00f6nnen Sie Ihr Fahrzeug w\u00e4hrend Ihres Aufenthalts sicher abstellen. Im Stadtzentrum gelegen, haben Sie einfachen Zugang zu allen Gesch\u00e4ften der Stadt, Bars und verschiedenen Restaurants in der Fu\u00dfg\u00e4ngerzone.<\/p>\t\t\t\t\t\t\t\t<\/div>\n\t\t\t\t<\/div>\n\t\t\t\t\t<\/div>\n\t\t<\/div>\n\t\t\t\t\t<\/div>\n\t\t<\/section>\n\t\t\t\t<\/div>","protected":false},"excerpt":{"rendered":"<p>L\u2019Esplanade H\u00f4tel, se trouve dans la charmante ville de Diekirch, r\u00e9put\u00e9e pour sa brasserie locale, son mus\u00e9e national d\u2019histoire militaire, son mus\u00e9e conservatoire historique des v\u00e9hicules et pour les nombreuses activit\u00e9s en p\u00e9riph\u00e9rie. Anciennement h\u00f4tel Beau S\u00e9jour, L\u2019Esplanade H\u00f4tel a \u00e9t\u00e9 enti\u00e8rement r\u00e9nov\u00e9 en 2021, proposant d\u00e9sormais de jolies chambres climatis\u00e9es, chaleureuses et confortablement \u00e9quip\u00e9es. Le bois pr\u00e9domine dans tout l\u2019h\u00f4tel. Ce mat\u00e9riau noble et \u00e9cologique apporte un confort et un sentiment de chaleur in\u00e9gal\u00e9. Chambres Trouvez la chambre id\u00e9ale pour votre s\u00e9jour \u00e0 Dierkich, qu&rsquo;il s&rsquo;agisse d&rsquo;un voyage d&rsquo;affaires ou&nbsp;d&rsquo;un s\u00e9jour en famille, \u00e0 un prix de r\u00e9servation attractif. Voir Restaurants Nous avons trois restaurants avec des propositions gastronomiques et des atmosph\u00e8res&nbsp;diff\u00e9rentes. Profitez de nos d\u00e9licieuses fondues, de notre s\u00e9lection de pizzas fra\u00eeches et de&nbsp;notre inoubliable exp\u00e9rience de r\u00e9jouissance \u00e0 la viande br\u00e9sil Voir Cave \u00e0 Vin Lieu incontournable de la maison, cette magnifique cave \u00e0 vin, vous permet de s\u00e9lectionner&nbsp;vous-m\u00eame, votre bouteille des crus de divers pays. Voir Le parking souterrain public (payant) situ\u00e9 \u00e0 100 m de l\u2019h\u00f4tel vous permettra de laisser votre v\u00e9hicule en toute s\u00e9curit\u00e9 pendant votre s\u00e9jour. Localis\u00e9 en plein centre-ville, vous acc\u00e8derez facilement \u00e0 l\u2019ensemble des boutiques de la ville, aux bars et divers restaurants de la zone pi\u00e9tonne. [&#8230;]<\/p>\n<p><a class=\"btn btn-secondary understrap-read-more-link\" href=\"https:\/\/esplanade-hotel.lu\/de\/\">Weiterlesen&#8230;<span class=\"screen-reader-text\"> from Accueil<\/span><\/a><\/p>","protected":false},"author":1,"featured_media":0,"parent":0,"menu_order":0,"comment_status":"closed","ping_status":"closed","template":"elementor_header_footer","meta":{"inline_featured_image":false,"footnotes":""},"class_list":["post-8","page","type-page","status-publish","hentry"],"acf":[],"_links":{"self":[{"href":"https:\/\/esplanade-hotel.lu\/de\/wp-json\/wp\/v2\/pages\/8","targetHints":{"allow":["GET"]}}],"collection":[{"href":"https:\/\/esplanade-hotel.lu\/de\/wp-json\/wp\/v2\/pages"}],"about":[{"href":"https:\/\/esplanade-hotel.lu\/de\/wp-json\/wp\/v2\/types\/page"}],"author":[{"embeddable":true,"href":"https:\/\/esplanade-hotel.lu\/de\/wp-json\/wp\/v2\/users\/1"}],"replies":[{"embeddable":true,"href":"https:\/\/esplanade-hotel.lu\/de\/wp-json\/wp\/v2\/comments?post=8"}],"version-history":[{"count":142,"href":"https:\/\/esplanade-hotel.lu\/de\/wp-json\/wp\/v2\/pages\/8\/revisions"}],"predecessor-version":[{"id":1517,"href":"https:\/\/esplanade-hotel.lu\/de\/wp-json\/wp\/v2\/pages\/8\/revisions\/1517"}],"wp:attachment":[{"href":"https:\/\/esplanade-hotel.lu\/de\/wp-json\/wp\/v2\/media?parent=8"}],"curies":[{"name":"wp","href":"https:\/\/api.w.org\/{rel}","templated":true}]}}