{"id":630,"date":"2022-07-06T13:23:22","date_gmt":"2022-07-06T13:23:22","guid":{"rendered":"http:\/\/irfuucl.cluster030.hosting.ovh.net\/?page_id=630"},"modified":"2023-01-06T14:20:33","modified_gmt":"2023-01-06T14:20:33","slug":"politique-de-confidentialite","status":"publish","type":"page","link":"https:\/\/esplanade-hotel.lu\/de\/politique-de-confidentialite\/","title":{"rendered":"Datenschutz"},"content":{"rendered":"<div data-elementor-type=\"wp-page\" data-elementor-id=\"630\" class=\"elementor elementor-630\">\n\t\t\t\t\t\t<section class=\"elementor-section elementor-top-section elementor-element elementor-element-b2c46d4 elementor-section-boxed elementor-section-height-default elementor-section-height-default wpr-particle-no wpr-jarallax-no wpr-parallax-no wpr-sticky-section-no\" data-id=\"b2c46d4\" data-element_type=\"section\">\n\t\t\t\t\t\t<div class=\"elementor-container elementor-column-gap-default\">\n\t\t\t\t\t<div class=\"elementor-column elementor-col-100 elementor-top-column elementor-element elementor-element-32bb90c\" data-id=\"32bb90c\" data-element_type=\"column\">\n\t\t\t<div class=\"elementor-widget-wrap elementor-element-populated\">\n\t\t\t\t\t\t<div class=\"elementor-element elementor-element-2012554 elementor-widget elementor-widget-heading\" data-id=\"2012554\" data-element_type=\"widget\" data-widget_type=\"heading.default\">\n\t\t\t\t<div class=\"elementor-widget-container\">\n\t\t\t\t\t<h1 class=\"elementor-heading-title elementor-size-default\">Datenschutz<\/h1>\t\t\t\t<\/div>\n\t\t\t\t<\/div>\n\t\t\t\t\t<\/div>\n\t\t<\/div>\n\t\t\t\t\t<\/div>\n\t\t<\/section>\n\t\t\t\t<section class=\"elementor-section elementor-top-section elementor-element elementor-element-e46f7eb elementor-section-boxed elementor-section-height-default elementor-section-height-default wpr-particle-no wpr-jarallax-no wpr-parallax-no wpr-sticky-section-no\" data-id=\"e46f7eb\" data-element_type=\"section\">\n\t\t\t\t\t\t<div class=\"elementor-container elementor-column-gap-default\">\n\t\t\t\t\t<div class=\"elementor-column elementor-col-100 elementor-top-column elementor-element elementor-element-dce9c94\" data-id=\"dce9c94\" data-element_type=\"column\">\n\t\t\t<div class=\"elementor-widget-wrap elementor-element-populated\">\n\t\t\t\t\t\t<div class=\"elementor-element elementor-element-4315104 elementor-widget elementor-widget-text-editor\" data-id=\"4315104\" data-element_type=\"widget\" data-widget_type=\"text-editor.default\">\n\t\t\t\t<div class=\"elementor-widget-container\">\n\t\t\t\t\t\t\t\t\t<p>Das Esplanade Hotel ist bestrebt, die GDPR-Richtlinien zu erf\u00fcllen. Wir sammeln Cookie-Informationen \u00fcber unsere Besucher aus folgenden Gr\u00fcnden:<\/p><ul><li>Statistische Zwecke, um zu erfassen, wie viele Benutzer wir haben und wie oft Sie unsere Website besuchen<\/li><li>Sammlung von Informationen zur \u00dcberwachung des Verhaltens auf der Website und zur Verbesserung unserer Dienste<\/li><\/ul><p>Wir \u00fcberwachen keine individuellen Verkehrsmuster auf unserer Website und werden unser M\u00f6glichstes tun, um Ihre Privatsph\u00e4re zu respektieren.<\/p><h4>Informationssammlung<\/h4><p>Wir erfassen Informationen \u00fcber unsere Nutzer \u00fcber Google Analytics und wenn Sie sich f\u00fcr unseren Newsletter anmelden. Wenn Sie sich in der Vergangenheit oder Zukunft f\u00fcr unseren Newsletter angemeldet haben oder uns Ihre E-Mail-Adresse aus einem anderen Grund mitgeteilt haben, werden wir Ihre Daten weder verkaufen noch an andere Unternehmen weitergeben.<\/p><h4>Wie sch\u00fctzen wir Ihre Daten?<\/h4><p>Ihre pers\u00f6nlichen Daten befinden sich in gesicherten Netzwerken und sind nur einer begrenzten Anzahl von Personen zug\u00e4nglich, die \u00fcber besondere Zugriffsrechte auf solche Systeme verf\u00fcgen und zur Geheimhaltung der Informationen verpflichtet sind. Dar\u00fcber hinaus werden alle von Ihnen bereitgestellten Informationen mithilfe der SSL-Technologie (Secure Socket Layer) verschl\u00fcsselt. Wir ergreifen eine Reihe von Sicherheitsma\u00dfnahmen, wenn ein Benutzer Daten eingibt, \u00fcbermittelt oder auf diese zugreift, um die Sicherheit Ihrer pers\u00f6nlichen Daten zu gew\u00e4hrleisten. Es kann jedoch keine 100% sichere Online-Daten\u00fcbertragung garantiert werden.<\/p><h4>Was ist ein Cookie?<\/h4><p>Ein Cookie ist eine kleine Textdatei mit Daten, die von Ihrem Browser auf Ihrem Computer gespeichert werden. Wenn Sie die Website ein weiteres Mal besuchen, wird durch ein Cookie sichergestellt, dass Ihr Browser erkannt wird. Beispielsweise k\u00f6nnen Ihre Einstellungen f\u00fcr Anmeldungen beibehalten werden, oder auf der Website werden Informationen angezeigt, die Sie m\u00f6glicherweise deutlicher interessieren. Cookies k\u00f6nnen auch zu statistischen Zwecken verwendet werden. Cookies sind immer anonym und Ihre pers\u00f6nlichen Daten werden erst bekannt, wenn Sie sie verlassen.<\/p><h4>Drittanbieter<\/h4><p>Drittanbieter wie Google Analytics, Facebook Pixels oder Sendinblue generieren statistische Cookies, um Werbeimpressionen und -ums\u00e4tze zu verfolgen. Die Verwendung von Cookies durch Dritte unterliegt den Datenschutz- und Cookie-Richtlinien dieser Unternehmen. F\u00fcr mehr Informationen \u00fcber die Datenschutzbestimmungen von Google, folgen Sie dem Link. Hier ist auch eine Chrome-Erweiterung, die Google entwickelt hat, um die Deaktivierung seines Analytics-Programms zu erm\u00f6glichen: tools.google.com\/dlpage\/gaoptout?hl=en.<\/p><h4>Wie kann ich mich dagegen entscheiden?<\/h4><p>Leser k\u00f6nnen sich mit den folgenden Methoden von Online-Verhaltenswerbung abmelden: Verwenden Sie das Online-Auswahl-Abmeldetool unter www.youronlinechoices.com\/opt-out. Oder \u00e4ndern Sie die Browsereinstellungen Ihres Computers, um die Verwendung aller Cookies von Drittanbietern zu blockieren, zu l\u00f6schen und \/ oder zu steuern. Weitere Informationen finden Sie in der Dokumentation zum Webbrowser Ihres Computers.<\/p><h4>Soziale Medien<\/h4><p>Auf der Esplanade Hotel-Website k\u00f6nnen Sie \u00fcber die verf\u00fcgbaren Social-Media-Schaltfl\u00e4chen Informationen \u00fcber soziale Medien austauschen. \u00dcber diese Buttons k\u00f6nnen die relevanten Social Media Cookies setzen. Wir haben keinen Einfluss auf die Verwendung dieser Cookies durch diese Parteien. Sie sind f\u00fcr die Verwendung und Bereitstellung der auf diese Weise erhaltenen Daten verantwortlich. F\u00fcr diese Nutzung gelten die Datenschutzbestimmungen sowie die Allgemeinen Gesch\u00e4ftsbedingungen der beteiligten Social-Media-Plattformen.<\/p><h4>Fragen<\/h4><p>Wenn Sie Fragen zu unserer Datenschutzerkl\u00e4rung oder zur Verwendung Ihrer Daten haben, k\u00f6nnen Sie sich direkt \u00fcber die folgende E-Mail-Adresse an uns wenden: <a href=\"mailto:contact@hotel-esplanade.lu\">contact@hotel-esplanade.lu<\/a>.<\/p>\t\t\t\t\t\t\t\t<\/div>\n\t\t\t\t<\/div>\n\t\t\t\t\t<\/div>\n\t\t<\/div>\n\t\t\t\t\t<\/div>\n\t\t<\/section>\n\t\t\t\t<\/div>","protected":false},"excerpt":{"rendered":"<p>Politique de confidentialit\u00e9 L\u2019Esplanade H\u00f4tel a pour objectif de se conformer pleinement aux exigences du GDPR. Nous recueillons des informations sur les cookies de nos visiteurs pour plusieurs raisons: Des fins statistiques pour suivre le nombre d&rsquo;utilisateurs que nous avons et combien de fois vous visitez notre site Web Collecte d&rsquo;informations pour surveiller le comportement sur le site et am\u00e9liorer nos services Nous ne surveillons pas les flux de trafic individuels sur notre site et nous ferons tout notre possible pour respecter votre vie priv\u00e9e. Collecte d&rsquo;informations Nous collectons des informations sur nos utilisateurs via Google Analytics et lorsque vous vous inscrivez \u00e0 notre newsletter. Si vous vous \u00eates inscrit \u00e0 notre newsletter dans le pass\u00e9 ou dans l&rsquo;avenir, ou si vous nous avez fourni votre adresse e-mail pour une autre raison, nous ne vendrons ni ne communiquerons vos coordonn\u00e9es \u00e0 une autre soci\u00e9t\u00e9. Comment prot\u00e9geons-nous vos informations? Vos informations personnelles sont contenues dans des r\u00e9seaux s\u00e9curis\u00e9s et ne sont accessibles que par un nombre limit\u00e9 de personnes qui disposent de droits d&rsquo;acc\u00e8s sp\u00e9ciaux \u00e0 de tels syst\u00e8mes et qui sont tenues de pr\u00e9server la confidentialit\u00e9 de ces informations. En outre, toutes les informations que vous fournissez sont crypt\u00e9es via la technologie Secure Socket Layer (SSL). Nous mettons en \u0153uvre diverses mesures de s\u00e9curit\u00e9 lorsqu&rsquo;un utilisateur entre, soumet ou acc\u00e8de \u00e0 ses informations pour pr\u00e9server la s\u00e9curit\u00e9 de vos informations personnelles. Cependant, aucune transmission de donn\u00e9es en ligne ne peut \u00eatre garantie \u00e0 100%. Qu&rsquo;est-ce qu&rsquo;un cookie? Un cookie est un petit fichier texte contenant les donn\u00e9es stock\u00e9es par votre navigateur sur votre ordinateur. Si vous visitez le site une autre fois, un cookie assurera la reconnaissance de votre navigateur. Par exemple, vos param\u00e8tres de connexion peuvent \u00eatre conserv\u00e9s ou le site Web affiche des informations susceptibles de vous int\u00e9resser plus clairement. Les cookies peuvent \u00e9galement \u00eatre utilis\u00e9s \u00e0 des fins statistiques. Les cookies sont toujours anonymes et vos informations personnelles ne seront pas connues avant que vous ne les quittiez. Les tiers Les annonceurs tiers tels que Google Analytics, Facebook Pixels ou Sendinblue g\u00e9n\u00e9reront des cookies statistiques afin de suivre les impressions et les conversions publicitaires. L&rsquo;utilisation de cookies par des tiers est soumise aux politiques de confidentialit\u00e9 et de cookies de ces soci\u00e9t\u00e9s. Pour plus d&rsquo;informations sur la politique de confidentialit\u00e9 de Google, suivez le lien. Voici \u00e9galement une extension Chrome d\u00e9velopp\u00e9e par Google pour pouvoir d\u00e9sactiver son programme Analytics: tools.google.com\/dlpage\/gaoptout?hl=en. Comment se retirer? Les lecteurs peuvent choisir de ne pas participer \u00e0 la publicit\u00e9 comportementale en ligne en utilisant les m\u00e9thodes suivantes: Utilisez l\u2019outil de d\u00e9sactivation de Choix en ligne fourni \u00e0 l\u2019adresse www.youronlinechoices.com\/opt-out. Modifiez les param\u00e8tres du navigateur de votre ordinateur pour bloquer, supprimer et\/ou contr\u00f4ler l\u2019utilisation de tous les cookies tiers. Reportez-vous \u00e0 la documentation du navigateur Web de votre ordinateur pour plus d&rsquo;informations. Des m\u00e9dias sociaux Sur le site Web Esplanade, vous pouvez partager des informations via les m\u00e9dias sociaux, via les boutons de m\u00e9dias sociaux disponibles. Les m\u00e9dias sociaux concern\u00e9s peuvent placer des cookies via ces boutons. Nous n&rsquo;avons aucune influence sur l&rsquo;utilisation de ces cookies par ces parties. Ils sont responsables de l&rsquo;utilisation et de la fourniture des donn\u00e9es ainsi obtenues. La politique de confidentialit\u00e9 et les conditions g\u00e9n\u00e9rales des plateformes de m\u00e9dias sociaux impliqu\u00e9es s&rsquo;appliquent \u00e0 cette utilisation. Des questions Si vous avez des questions sur notre d\u00e9claration de confidentialit\u00e9 ou sur l&rsquo;utilisation de vos informations, vous pouvez nous contacter directement via l&rsquo;adresse \u00e9lectronique suivante: contact@hotel-esplanade.lu. [&#8230;]<\/p>\n<p><a class=\"btn btn-secondary understrap-read-more-link\" href=\"https:\/\/esplanade-hotel.lu\/de\/politique-de-confidentialite\/\">Weiterlesen&#8230;<span class=\"screen-reader-text\"> from Politique de confidentialit\u00e9<\/span><\/a><\/p>","protected":false},"author":1,"featured_media":0,"parent":0,"menu_order":0,"comment_status":"closed","ping_status":"closed","template":"elementor_header_footer","meta":{"inline_featured_image":false,"footnotes":""},"class_list":["post-630","page","type-page","status-publish","hentry"],"acf":[],"_links":{"self":[{"href":"https:\/\/esplanade-hotel.lu\/de\/wp-json\/wp\/v2\/pages\/630","targetHints":{"allow":["GET"]}}],"collection":[{"href":"https:\/\/esplanade-hotel.lu\/de\/wp-json\/wp\/v2\/pages"}],"about":[{"href":"https:\/\/esplanade-hotel.lu\/de\/wp-json\/wp\/v2\/types\/page"}],"author":[{"embeddable":true,"href":"https:\/\/esplanade-hotel.lu\/de\/wp-json\/wp\/v2\/users\/1"}],"replies":[{"embeddable":true,"href":"https:\/\/esplanade-hotel.lu\/de\/wp-json\/wp\/v2\/comments?post=630"}],"version-history":[{"count":25,"href":"https:\/\/esplanade-hotel.lu\/de\/wp-json\/wp\/v2\/pages\/630\/revisions"}],"predecessor-version":[{"id":1422,"href":"https:\/\/esplanade-hotel.lu\/de\/wp-json\/wp\/v2\/pages\/630\/revisions\/1422"}],"wp:attachment":[{"href":"https:\/\/esplanade-hotel.lu\/de\/wp-json\/wp\/v2\/media?parent=630"}],"curies":[{"name":"wp","href":"https:\/\/api.w.org\/{rel}","templated":true}]}}