{"id":41,"date":"2022-06-24T12:48:19","date_gmt":"2022-06-24T12:48:19","guid":{"rendered":"http:\/\/irfuucl.cluster030.hosting.ovh.net\/?page_id=41"},"modified":"2023-01-06T14:16:48","modified_gmt":"2023-01-06T14:16:48","slug":"chambres","status":"publish","type":"page","link":"https:\/\/esplanade-hotel.lu\/de\/chambres\/","title":{"rendered":"Zimmer"},"content":{"rendered":"<div data-elementor-type=\"wp-page\" data-elementor-id=\"41\" class=\"elementor elementor-41\">\n\t\t\t\t\t\t<section class=\"elementor-section elementor-top-section elementor-element elementor-element-69b77fb elementor-section-boxed elementor-section-height-default elementor-section-height-default wpr-particle-no wpr-jarallax-no wpr-parallax-no wpr-sticky-section-no\" data-id=\"69b77fb\" data-element_type=\"section\">\n\t\t\t\t\t\t<div class=\"elementor-container elementor-column-gap-default\">\n\t\t\t\t\t<div class=\"elementor-column elementor-col-100 elementor-top-column elementor-element elementor-element-480763e\" data-id=\"480763e\" data-element_type=\"column\">\n\t\t\t<div class=\"elementor-widget-wrap elementor-element-populated\">\n\t\t\t\t\t\t<div class=\"elementor-element elementor-element-59bb483 elementor-widget elementor-widget-heading\" data-id=\"59bb483\" data-element_type=\"widget\" data-widget_type=\"heading.default\">\n\t\t\t\t<div class=\"elementor-widget-container\">\n\t\t\t\t\t<h1 class=\"elementor-heading-title elementor-size-default\">Zimmer<\/h1>\t\t\t\t<\/div>\n\t\t\t\t<\/div>\n\t\t\t\t\t<\/div>\n\t\t<\/div>\n\t\t\t\t\t<\/div>\n\t\t<\/section>\n\t\t\t\t<section class=\"elementor-section elementor-top-section elementor-element elementor-element-c93198f elementor-section-boxed elementor-section-height-default elementor-section-height-default wpr-particle-no wpr-jarallax-no wpr-parallax-no wpr-sticky-section-no\" data-id=\"c93198f\" data-element_type=\"section\">\n\t\t\t\t\t\t<div class=\"elementor-container elementor-column-gap-custom\">\n\t\t\t\t\t<div class=\"elementor-column elementor-col-100 elementor-top-column elementor-element elementor-element-64726c4\" data-id=\"64726c4\" data-element_type=\"column\">\n\t\t\t<div class=\"elementor-widget-wrap elementor-element-populated\">\n\t\t\t\t\t\t<section class=\"elementor-section elementor-inner-section elementor-element elementor-element-20cea71 elementor-section-boxed elementor-section-height-default elementor-section-height-default wpr-particle-no wpr-jarallax-no wpr-parallax-no wpr-sticky-section-no\" data-id=\"20cea71\" data-element_type=\"section\">\n\t\t\t\t\t\t<div class=\"elementor-container elementor-column-gap-default\">\n\t\t\t\t\t<div class=\"elementor-column elementor-col-50 elementor-inner-column elementor-element elementor-element-0745d28\" data-id=\"0745d28\" data-element_type=\"column\">\n\t\t\t<div class=\"elementor-widget-wrap elementor-element-populated\">\n\t\t\t\t\t\t<div class=\"elementor-element elementor-element-7b2af4b elementor-widget elementor-widget-text-editor\" data-id=\"7b2af4b\" data-element_type=\"widget\" data-widget_type=\"text-editor.default\">\n\t\t\t\t<div class=\"elementor-widget-container\">\n\t\t\t\t\t\t\t\t\t<h1 class=\"hotel-amenity__title\">Doppelzimmer<\/h1><p class=\"translation-block\">Die Doppelzimmer im rustikalen Holzdesign bieten ein gro\u00dfes, klimatisiertes Doppelbett und ein modernes Badezimmer mit Dusche f\u00fcr einen komfortablen und erholsamen Aufenthalt, wenn Sie ein Hotel f\u00fcr Ihren Aufenthalt in Diekirch suchen.<\/p>\t\t\t\t\t\t\t\t<\/div>\n\t\t\t\t<\/div>\n\t\t\t\t<div class=\"elementor-element elementor-element-73e9ea1 elementor-align-center elementor-widget elementor-widget-button\" data-id=\"73e9ea1\" data-element_type=\"widget\" data-widget_type=\"button.default\">\n\t\t\t\t<div class=\"elementor-widget-container\">\n\t\t\t\t\t\t\t\t\t<div class=\"elementor-button-wrapper\">\n\t\t\t\t\t<a class=\"elementor-button elementor-button-link elementor-size-md\" href=\"https:\/\/esplanade-hotel.lu\/de\/chambres\/chambre-double\/\">\n\t\t\t\t\t\t<span class=\"elementor-button-content-wrapper\">\n\t\t\t\t\t\t\t\t\t<span class=\"elementor-button-text\">Ansehen<\/span>\n\t\t\t\t\t<\/span>\n\t\t\t\t\t<\/a>\n\t\t\t\t<\/div>\n\t\t\t\t\t\t\t\t<\/div>\n\t\t\t\t<\/div>\n\t\t\t\t\t<\/div>\n\t\t<\/div>\n\t\t\t\t<div class=\"elementor-column elementor-col-50 elementor-inner-column elementor-element elementor-element-d70c71b\" data-id=\"d70c71b\" data-element_type=\"column\">\n\t\t\t<div class=\"elementor-widget-wrap elementor-element-populated\">\n\t\t\t\t\t\t<div class=\"elementor-element elementor-element-0c73675 elementor-widget elementor-widget-image\" data-id=\"0c73675\" data-element_type=\"widget\" data-widget_type=\"image.default\">\n\t\t\t\t<div class=\"elementor-widget-container\">\n\t\t\t\t\t\t\t\t\t\t\t\t\t\t\t<img fetchpriority=\"high\" decoding=\"async\" width=\"2560\" height=\"1707\" src=\"https:\/\/esplanade-hotel.lu\/wp-content\/uploads\/2022\/06\/chambre-standard-03-scaled.jpg\" class=\"attachment-full size-full wp-image-168\" alt=\"\" srcset=\"https:\/\/esplanade-hotel.lu\/wp-content\/uploads\/2022\/06\/chambre-standard-03-scaled.jpg 2560w, https:\/\/esplanade-hotel.lu\/wp-content\/uploads\/2022\/06\/chambre-standard-03-300x200.jpg 300w, https:\/\/esplanade-hotel.lu\/wp-content\/uploads\/2022\/06\/chambre-standard-03-1024x683.jpg 1024w, https:\/\/esplanade-hotel.lu\/wp-content\/uploads\/2022\/06\/chambre-standard-03-768x512.jpg 768w, https:\/\/esplanade-hotel.lu\/wp-content\/uploads\/2022\/06\/chambre-standard-03-1536x1024.jpg 1536w, https:\/\/esplanade-hotel.lu\/wp-content\/uploads\/2022\/06\/chambre-standard-03-2048x1365.jpg 2048w\" sizes=\"(max-width: 2560px) 100vw, 2560px\" \/>\t\t\t\t\t\t\t\t\t\t\t\t\t\t\t<\/div>\n\t\t\t\t<\/div>\n\t\t\t\t\t<\/div>\n\t\t<\/div>\n\t\t\t\t\t<\/div>\n\t\t<\/section>\n\t\t\t\t\t<\/div>\n\t\t<\/div>\n\t\t\t\t\t<\/div>\n\t\t<\/section>\n\t\t\t\t<section class=\"elementor-section elementor-top-section elementor-element elementor-element-207f318 elementor-section-boxed elementor-section-height-default elementor-section-height-default wpr-particle-no wpr-jarallax-no wpr-parallax-no wpr-sticky-section-no\" data-id=\"207f318\" data-element_type=\"section\">\n\t\t\t\t\t\t<div class=\"elementor-container elementor-column-gap-custom\">\n\t\t\t\t\t<div class=\"elementor-column elementor-col-100 elementor-top-column elementor-element elementor-element-a4ed2fb\" data-id=\"a4ed2fb\" data-element_type=\"column\">\n\t\t\t<div class=\"elementor-widget-wrap elementor-element-populated\">\n\t\t\t\t\t\t<section class=\"elementor-section elementor-inner-section elementor-element elementor-element-f8d1c8f elementor-section-boxed elementor-section-height-default elementor-section-height-default wpr-particle-no wpr-jarallax-no wpr-parallax-no wpr-sticky-section-no\" data-id=\"f8d1c8f\" data-element_type=\"section\">\n\t\t\t\t\t\t<div class=\"elementor-container elementor-column-gap-default\">\n\t\t\t\t\t<div class=\"elementor-column elementor-col-50 elementor-inner-column elementor-element elementor-element-a1515d9\" data-id=\"a1515d9\" data-element_type=\"column\">\n\t\t\t<div class=\"elementor-widget-wrap elementor-element-populated\">\n\t\t\t\t\t\t<div class=\"elementor-element elementor-element-9f567e3 elementor-widget elementor-widget-image\" data-id=\"9f567e3\" data-element_type=\"widget\" data-widget_type=\"image.default\">\n\t\t\t\t<div class=\"elementor-widget-container\">\n\t\t\t\t\t\t\t\t\t\t\t\t\t\t\t<img decoding=\"async\" width=\"2560\" height=\"1707\" src=\"https:\/\/esplanade-hotel.lu\/wp-content\/uploads\/2022\/06\/chambre-confort-01-scaled.jpg\" class=\"attachment-full size-full wp-image-253\" alt=\"\" srcset=\"https:\/\/esplanade-hotel.lu\/wp-content\/uploads\/2022\/06\/chambre-confort-01-scaled.jpg 2560w, https:\/\/esplanade-hotel.lu\/wp-content\/uploads\/2022\/06\/chambre-confort-01-300x200.jpg 300w, https:\/\/esplanade-hotel.lu\/wp-content\/uploads\/2022\/06\/chambre-confort-01-1024x683.jpg 1024w, https:\/\/esplanade-hotel.lu\/wp-content\/uploads\/2022\/06\/chambre-confort-01-768x512.jpg 768w, https:\/\/esplanade-hotel.lu\/wp-content\/uploads\/2022\/06\/chambre-confort-01-1536x1024.jpg 1536w, https:\/\/esplanade-hotel.lu\/wp-content\/uploads\/2022\/06\/chambre-confort-01-2048x1365.jpg 2048w\" sizes=\"(max-width: 2560px) 100vw, 2560px\" \/>\t\t\t\t\t\t\t\t\t\t\t\t\t\t\t<\/div>\n\t\t\t\t<\/div>\n\t\t\t\t\t<\/div>\n\t\t<\/div>\n\t\t\t\t<div class=\"elementor-column elementor-col-50 elementor-inner-column elementor-element elementor-element-c9e30b2\" data-id=\"c9e30b2\" data-element_type=\"column\">\n\t\t\t<div class=\"elementor-widget-wrap elementor-element-populated\">\n\t\t\t\t\t\t<div class=\"elementor-element elementor-element-4dc972f elementor-widget elementor-widget-text-editor\" data-id=\"4dc972f\" data-element_type=\"widget\" data-widget_type=\"text-editor.default\">\n\t\t\t\t<div class=\"elementor-widget-container\">\n\t\t\t\t\t\t\t\t\t<h1 class=\"hotel-amenity__title\">Komfort Zimmer<\/h1><p>Unsere Komfortzimmer bieten etwas mehr Platz, Komfort im rustikalen Chalet-Stil des Hotels, ein gro\u00dfes klimatisiertes Doppelbett f\u00fcr einen guten Schlaf und eine besonders ruhige Lage auf der R\u00fcckseite des Hauses, in den oberen Stockwerken mit Blick auf die Umgebung.<\/p>\t\t\t\t\t\t\t\t<\/div>\n\t\t\t\t<\/div>\n\t\t\t\t<div class=\"elementor-element elementor-element-21af4b4 elementor-align-center elementor-widget elementor-widget-button\" data-id=\"21af4b4\" data-element_type=\"widget\" data-widget_type=\"button.default\">\n\t\t\t\t<div class=\"elementor-widget-container\">\n\t\t\t\t\t\t\t\t\t<div class=\"elementor-button-wrapper\">\n\t\t\t\t\t<a class=\"elementor-button elementor-button-link elementor-size-md\" href=\"https:\/\/esplanade-hotel.lu\/de\/chambres\/chambre-confort\/\">\n\t\t\t\t\t\t<span class=\"elementor-button-content-wrapper\">\n\t\t\t\t\t\t\t\t\t<span class=\"elementor-button-text\">Ansehen<\/span>\n\t\t\t\t\t<\/span>\n\t\t\t\t\t<\/a>\n\t\t\t\t<\/div>\n\t\t\t\t\t\t\t\t<\/div>\n\t\t\t\t<\/div>\n\t\t\t\t\t<\/div>\n\t\t<\/div>\n\t\t\t\t\t<\/div>\n\t\t<\/section>\n\t\t\t\t\t<\/div>\n\t\t<\/div>\n\t\t\t\t\t<\/div>\n\t\t<\/section>\n\t\t\t\t<section class=\"elementor-section elementor-top-section elementor-element elementor-element-796e55b elementor-section-boxed elementor-section-height-default elementor-section-height-default wpr-particle-no wpr-jarallax-no wpr-parallax-no wpr-sticky-section-no\" data-id=\"796e55b\" data-element_type=\"section\">\n\t\t\t\t\t\t<div class=\"elementor-container elementor-column-gap-custom\">\n\t\t\t\t\t<div class=\"elementor-column elementor-col-100 elementor-top-column elementor-element elementor-element-5b89660\" data-id=\"5b89660\" data-element_type=\"column\">\n\t\t\t<div class=\"elementor-widget-wrap elementor-element-populated\">\n\t\t\t\t\t\t<section class=\"elementor-section elementor-inner-section elementor-element elementor-element-8426481 elementor-section-boxed elementor-section-height-default elementor-section-height-default wpr-particle-no wpr-jarallax-no wpr-parallax-no wpr-sticky-section-no\" data-id=\"8426481\" data-element_type=\"section\">\n\t\t\t\t\t\t<div class=\"elementor-container elementor-column-gap-default\">\n\t\t\t\t\t<div class=\"elementor-column elementor-col-50 elementor-inner-column elementor-element elementor-element-c7b067f\" data-id=\"c7b067f\" data-element_type=\"column\">\n\t\t\t<div class=\"elementor-widget-wrap elementor-element-populated\">\n\t\t\t\t\t\t<div class=\"elementor-element elementor-element-201e340 elementor-widget elementor-widget-text-editor\" data-id=\"201e340\" data-element_type=\"widget\" data-widget_type=\"text-editor.default\">\n\t\t\t\t<div class=\"elementor-widget-container\">\n\t\t\t\t\t\t\t\t\t<h1 class=\"hotel-amenity__title\">Ger\u00e4umiges Zimmer<\/h1><p class=\"translation-block\">Die ger\u00e4umigen Zimmer sind klimatisiert und bieten viel Platz zum Entspannen im warmen Holzdekor des Hotels, mit einer Sitzecke, einer Kaffeemaschine und einem gro\u00dfen Flachbildfernseher.<\/p>\t\t\t\t\t\t\t\t<\/div>\n\t\t\t\t<\/div>\n\t\t\t\t<div class=\"elementor-element elementor-element-bb4044b elementor-align-center elementor-widget elementor-widget-button\" data-id=\"bb4044b\" data-element_type=\"widget\" data-widget_type=\"button.default\">\n\t\t\t\t<div class=\"elementor-widget-container\">\n\t\t\t\t\t\t\t\t\t<div class=\"elementor-button-wrapper\">\n\t\t\t\t\t<a class=\"elementor-button elementor-button-link elementor-size-md\" href=\"https:\/\/esplanade-hotel.lu\/de\/chambres\/chambre-spacieuse\/\">\n\t\t\t\t\t\t<span class=\"elementor-button-content-wrapper\">\n\t\t\t\t\t\t\t\t\t<span class=\"elementor-button-text\">Ansehen<\/span>\n\t\t\t\t\t<\/span>\n\t\t\t\t\t<\/a>\n\t\t\t\t<\/div>\n\t\t\t\t\t\t\t\t<\/div>\n\t\t\t\t<\/div>\n\t\t\t\t\t<\/div>\n\t\t<\/div>\n\t\t\t\t<div class=\"elementor-column elementor-col-50 elementor-inner-column elementor-element elementor-element-d83a120\" data-id=\"d83a120\" data-element_type=\"column\">\n\t\t\t<div class=\"elementor-widget-wrap elementor-element-populated\">\n\t\t\t\t\t\t<div class=\"elementor-element elementor-element-e61ec97 elementor-widget elementor-widget-image\" data-id=\"e61ec97\" data-element_type=\"widget\" data-widget_type=\"image.default\">\n\t\t\t\t<div class=\"elementor-widget-container\">\n\t\t\t\t\t\t\t\t\t\t\t\t\t\t\t<img decoding=\"async\" width=\"2560\" height=\"1707\" src=\"https:\/\/esplanade-hotel.lu\/wp-content\/uploads\/2022\/06\/chambre-superieure-01-scaled.jpg\" class=\"attachment-full size-full wp-image-184\" alt=\"\" srcset=\"https:\/\/esplanade-hotel.lu\/wp-content\/uploads\/2022\/06\/chambre-superieure-01-scaled.jpg 2560w, https:\/\/esplanade-hotel.lu\/wp-content\/uploads\/2022\/06\/chambre-superieure-01-300x200.jpg 300w, https:\/\/esplanade-hotel.lu\/wp-content\/uploads\/2022\/06\/chambre-superieure-01-1024x683.jpg 1024w, https:\/\/esplanade-hotel.lu\/wp-content\/uploads\/2022\/06\/chambre-superieure-01-768x512.jpg 768w, https:\/\/esplanade-hotel.lu\/wp-content\/uploads\/2022\/06\/chambre-superieure-01-1536x1024.jpg 1536w, https:\/\/esplanade-hotel.lu\/wp-content\/uploads\/2022\/06\/chambre-superieure-01-2048x1365.jpg 2048w\" sizes=\"(max-width: 2560px) 100vw, 2560px\" \/>\t\t\t\t\t\t\t\t\t\t\t\t\t\t\t<\/div>\n\t\t\t\t<\/div>\n\t\t\t\t\t<\/div>\n\t\t<\/div>\n\t\t\t\t\t<\/div>\n\t\t<\/section>\n\t\t\t\t\t<\/div>\n\t\t<\/div>\n\t\t\t\t\t<\/div>\n\t\t<\/section>\n\t\t\t\t<section class=\"elementor-section elementor-top-section elementor-element elementor-element-acc5a24 elementor-section-boxed elementor-section-height-default elementor-section-height-default wpr-particle-no wpr-jarallax-no wpr-parallax-no wpr-sticky-section-no\" data-id=\"acc5a24\" data-element_type=\"section\">\n\t\t\t\t\t\t<div class=\"elementor-container elementor-column-gap-custom\">\n\t\t\t\t\t<div class=\"elementor-column elementor-col-100 elementor-top-column elementor-element elementor-element-5f3dfb3\" data-id=\"5f3dfb3\" data-element_type=\"column\">\n\t\t\t<div class=\"elementor-widget-wrap elementor-element-populated\">\n\t\t\t\t\t\t<section class=\"elementor-section elementor-inner-section elementor-element elementor-element-d60a0e4 elementor-section-boxed elementor-section-height-default elementor-section-height-default wpr-particle-no wpr-jarallax-no wpr-parallax-no wpr-sticky-section-no\" data-id=\"d60a0e4\" data-element_type=\"section\">\n\t\t\t\t\t\t<div class=\"elementor-container elementor-column-gap-default\">\n\t\t\t\t\t<div class=\"elementor-column elementor-col-50 elementor-inner-column elementor-element elementor-element-2872eb4\" data-id=\"2872eb4\" data-element_type=\"column\">\n\t\t\t<div class=\"elementor-widget-wrap elementor-element-populated\">\n\t\t\t\t\t\t<div class=\"elementor-element elementor-element-971b3cd elementor-widget elementor-widget-image\" data-id=\"971b3cd\" data-element_type=\"widget\" data-widget_type=\"image.default\">\n\t\t\t\t<div class=\"elementor-widget-container\">\n\t\t\t\t\t\t\t\t\t\t\t\t\t\t\t<img loading=\"lazy\" decoding=\"async\" width=\"2560\" height=\"1707\" src=\"https:\/\/esplanade-hotel.lu\/wp-content\/uploads\/2022\/06\/chambre-familiale-10-scaled.jpg\" class=\"attachment-full size-full wp-image-154\" alt=\"\" srcset=\"https:\/\/esplanade-hotel.lu\/wp-content\/uploads\/2022\/06\/chambre-familiale-10-scaled.jpg 2560w, https:\/\/esplanade-hotel.lu\/wp-content\/uploads\/2022\/06\/chambre-familiale-10-300x200.jpg 300w, https:\/\/esplanade-hotel.lu\/wp-content\/uploads\/2022\/06\/chambre-familiale-10-1024x683.jpg 1024w, https:\/\/esplanade-hotel.lu\/wp-content\/uploads\/2022\/06\/chambre-familiale-10-768x512.jpg 768w, https:\/\/esplanade-hotel.lu\/wp-content\/uploads\/2022\/06\/chambre-familiale-10-1536x1024.jpg 1536w, https:\/\/esplanade-hotel.lu\/wp-content\/uploads\/2022\/06\/chambre-familiale-10-2048x1365.jpg 2048w\" sizes=\"(max-width: 2560px) 100vw, 2560px\" \/>\t\t\t\t\t\t\t\t\t\t\t\t\t\t\t<\/div>\n\t\t\t\t<\/div>\n\t\t\t\t\t<\/div>\n\t\t<\/div>\n\t\t\t\t<div class=\"elementor-column elementor-col-50 elementor-inner-column elementor-element elementor-element-615213b\" data-id=\"615213b\" data-element_type=\"column\">\n\t\t\t<div class=\"elementor-widget-wrap elementor-element-populated\">\n\t\t\t\t\t\t<div class=\"elementor-element elementor-element-0513bfe elementor-widget elementor-widget-text-editor\" data-id=\"0513bfe\" data-element_type=\"widget\" data-widget_type=\"text-editor.default\">\n\t\t\t\t<div class=\"elementor-widget-container\">\n\t\t\t\t\t\t\t\t\t<h1 class=\"hotel-amenity__title\">Familienzimmer<\/h1>\n<p class=\"translation-block\">Zwei miteinander verbundene Doppelzimmer teilen sich ein gemeinsames Bad und werden so zu einem komfortablen, klimatisierten R\u00fcckzugsort f\u00fcr bis zu 4 Personen.<\/p>\t\t\t\t\t\t\t\t<\/div>\n\t\t\t\t<\/div>\n\t\t\t\t<div class=\"elementor-element elementor-element-ca49875 elementor-align-center elementor-widget elementor-widget-button\" data-id=\"ca49875\" data-element_type=\"widget\" data-widget_type=\"button.default\">\n\t\t\t\t<div class=\"elementor-widget-container\">\n\t\t\t\t\t\t\t\t\t<div class=\"elementor-button-wrapper\">\n\t\t\t\t\t<a class=\"elementor-button elementor-button-link elementor-size-md\" href=\"https:\/\/esplanade-hotel.lu\/de\/chambres\/chambre-familiale\/\">\n\t\t\t\t\t\t<span class=\"elementor-button-content-wrapper\">\n\t\t\t\t\t\t\t\t\t<span class=\"elementor-button-text\">Ansehen<\/span>\n\t\t\t\t\t<\/span>\n\t\t\t\t\t<\/a>\n\t\t\t\t<\/div>\n\t\t\t\t\t\t\t\t<\/div>\n\t\t\t\t<\/div>\n\t\t\t\t\t<\/div>\n\t\t<\/div>\n\t\t\t\t\t<\/div>\n\t\t<\/section>\n\t\t\t\t\t<\/div>\n\t\t<\/div>\n\t\t\t\t\t<\/div>\n\t\t<\/section>\n\t\t\t\t<section class=\"elementor-section elementor-top-section elementor-element elementor-element-db87230 elementor-section-boxed elementor-section-height-default elementor-section-height-default wpr-particle-no wpr-jarallax-no wpr-parallax-no wpr-sticky-section-no\" data-id=\"db87230\" data-element_type=\"section\">\n\t\t\t\t\t\t<div class=\"elementor-container elementor-column-gap-default\">\n\t\t\t\t\t<div class=\"elementor-column elementor-col-33 elementor-top-column elementor-element elementor-element-30a0659\" data-id=\"30a0659\" data-element_type=\"column\">\n\t\t\t<div class=\"elementor-widget-wrap elementor-element-populated\">\n\t\t\t\t\t\t<div class=\"elementor-element elementor-element-dd8486d elementor-view-default elementor-widget elementor-widget-icon\" data-id=\"dd8486d\" data-element_type=\"widget\" data-widget_type=\"icon.default\">\n\t\t\t\t<div class=\"elementor-widget-container\">\n\t\t\t\t\t\t\t<div class=\"elementor-icon-wrapper\">\n\t\t\t<div class=\"elementor-icon\">\n\t\t\t<i aria-hidden=\"true\" class=\"fas fa-dog\"><\/i>\t\t\t<\/div>\n\t\t<\/div>\n\t\t\t\t\t\t<\/div>\n\t\t\t\t<\/div>\n\t\t\t\t<div class=\"elementor-element elementor-element-f245eb6 elementor-widget elementor-widget-text-editor\" data-id=\"f245eb6\" data-element_type=\"widget\" data-widget_type=\"text-editor.default\">\n\t\t\t\t<div class=\"elementor-widget-container\">\n\t\t\t\t\t\t\t\t\t<p>Haustiere sind gegen einen Aufpreis von 25 Euro erlaubt.<\/p>\t\t\t\t\t\t\t\t<\/div>\n\t\t\t\t<\/div>\n\t\t\t\t\t<\/div>\n\t\t<\/div>\n\t\t\t\t<div class=\"elementor-column elementor-col-33 elementor-top-column elementor-element elementor-element-23c505d\" data-id=\"23c505d\" data-element_type=\"column\">\n\t\t\t<div class=\"elementor-widget-wrap elementor-element-populated\">\n\t\t\t\t\t\t<div class=\"elementor-element elementor-element-40d58f2 elementor-view-default elementor-widget elementor-widget-icon\" data-id=\"40d58f2\" data-element_type=\"widget\" data-widget_type=\"icon.default\">\n\t\t\t\t<div class=\"elementor-widget-container\">\n\t\t\t\t\t\t\t<div class=\"elementor-icon-wrapper\">\n\t\t\t<div class=\"elementor-icon\">\n\t\t\t<i aria-hidden=\"true\" class=\"fas fa-bed\"><\/i>\t\t\t<\/div>\n\t\t<\/div>\n\t\t\t\t\t\t<\/div>\n\t\t\t\t<\/div>\n\t\t\t\t<div class=\"elementor-element elementor-element-e457ed5 elementor-widget elementor-widget-text-editor\" data-id=\"e457ed5\" data-element_type=\"widget\" data-widget_type=\"text-editor.default\">\n\t\t\t\t<div class=\"elementor-widget-container\">\n\t\t\t\t\t\t\t\t\t<p>Zustellbett gegen einen Aufpreis von 20 Euro m\u00f6glich.<\/p>\t\t\t\t\t\t\t\t<\/div>\n\t\t\t\t<\/div>\n\t\t\t\t\t<\/div>\n\t\t<\/div>\n\t\t\t\t<div class=\"elementor-column elementor-col-33 elementor-top-column elementor-element elementor-element-2033359\" data-id=\"2033359\" data-element_type=\"column\">\n\t\t\t<div class=\"elementor-widget-wrap elementor-element-populated\">\n\t\t\t\t\t\t<div class=\"elementor-element elementor-element-c9d66bf elementor-view-default elementor-widget elementor-widget-icon\" data-id=\"c9d66bf\" data-element_type=\"widget\" data-widget_type=\"icon.default\">\n\t\t\t\t<div class=\"elementor-widget-container\">\n\t\t\t\t\t\t\t<div class=\"elementor-icon-wrapper\">\n\t\t\t<div class=\"elementor-icon\">\n\t\t\t<i aria-hidden=\"true\" class=\"fas fa-baby\"><\/i>\t\t\t<\/div>\n\t\t<\/div>\n\t\t\t\t\t\t<\/div>\n\t\t\t\t<\/div>\n\t\t\t\t<div class=\"elementor-element elementor-element-6c3efde elementor-widget elementor-widget-text-editor\" data-id=\"6c3efde\" data-element_type=\"widget\" data-widget_type=\"text-editor.default\">\n\t\t\t\t<div class=\"elementor-widget-container\">\n\t\t\t\t\t\t\t\t\t<p>Ein Babybett ist gegen einen Aufpreis von 15 Euro erh\u00e4ltlich.<\/p>\t\t\t\t\t\t\t\t<\/div>\n\t\t\t\t<\/div>\n\t\t\t\t\t<\/div>\n\t\t<\/div>\n\t\t\t\t\t<\/div>\n\t\t<\/section>\n\t\t\t\t<\/div>","protected":false},"excerpt":{"rendered":"<p>Chambres Chambre Double Les chambres doubles au design rustique en bois offrent un grand lit double climatis\u00e9 et une\u00a0salle de bain moderne avec douche pour un s\u00e9jour confortable et ressour\u00e7ant lorsque vous\u00a0cherchez un h\u00f4tel pour s\u00e9journer \u00e0 Diekirch. Voir Chambre Confort Nos chambres confort climatis\u00e9es offrent un peu plus d&rsquo;espace, du bien-\u00eatre dans le style chalet rustique de l&rsquo;h\u00f4tel, un grand lit double pour une bonne nuit de sommeil et une situation particuli\u00e8rement calme \u00e0 l&rsquo;arri\u00e8re de la maison, aux \u00e9tages sup\u00e9rieurs avec vue sur les environs. Voir Chambre Spacieuse Les chambres spacieuses sont climatis\u00e9es et offrent beaucoup d&rsquo;espace pour se d\u00e9tendre dans\u00a0le d\u00e9cor chaleureux en bois de l&rsquo;h\u00f4tel, avec un coin salon, une cafeti\u00e8re et une grande\u00a0t\u00e9l\u00e9vision \u00e0 \u00e9cran plat. Voir Chambre Familiale Deux chambres doubles communicantes partagent une salle de bain commune et deviennent&nbsp;ainsi un lieu de retraite confortable et climatis\u00e9 pour accueillir jusqu&rsquo;\u00e0 4 personnes. Voir Les animaux domestiques sont autoris\u00e9s moyennant un suppl\u00e9ment de 25 euros. Un lit suppl\u00e9mentaire est disponible moyennant un suppl\u00e9ment de 20 euros. Un lit b\u00e9b\u00e9 est disponible moyennant un suppl\u00e9ment de 15 euros. [&#8230;]<\/p>\n<p><a class=\"btn btn-secondary understrap-read-more-link\" href=\"https:\/\/esplanade-hotel.lu\/de\/chambres\/\">Weiterlesen&#8230;<span class=\"screen-reader-text\"> from Chambres<\/span><\/a><\/p>","protected":false},"author":1,"featured_media":0,"parent":0,"menu_order":0,"comment_status":"closed","ping_status":"closed","template":"page-templates\/empty.php","meta":{"inline_featured_image":false,"footnotes":""},"class_list":["post-41","page","type-page","status-publish","hentry"],"acf":[],"_links":{"self":[{"href":"https:\/\/esplanade-hotel.lu\/de\/wp-json\/wp\/v2\/pages\/41","targetHints":{"allow":["GET"]}}],"collection":[{"href":"https:\/\/esplanade-hotel.lu\/de\/wp-json\/wp\/v2\/pages"}],"about":[{"href":"https:\/\/esplanade-hotel.lu\/de\/wp-json\/wp\/v2\/types\/page"}],"author":[{"embeddable":true,"href":"https:\/\/esplanade-hotel.lu\/de\/wp-json\/wp\/v2\/users\/1"}],"replies":[{"embeddable":true,"href":"https:\/\/esplanade-hotel.lu\/de\/wp-json\/wp\/v2\/comments?post=41"}],"version-history":[{"count":84,"href":"https:\/\/esplanade-hotel.lu\/de\/wp-json\/wp\/v2\/pages\/41\/revisions"}],"predecessor-version":[{"id":1398,"href":"https:\/\/esplanade-hotel.lu\/de\/wp-json\/wp\/v2\/pages\/41\/revisions\/1398"}],"wp:attachment":[{"href":"https:\/\/esplanade-hotel.lu\/de\/wp-json\/wp\/v2\/media?parent=41"}],"curies":[{"name":"wp","href":"https:\/\/api.w.org\/{rel}","templated":true}]}}